{"id":18986,"date":"2022-05-06T14:16:34","date_gmt":"2022-05-06T12:16:34","guid":{"rendered":"https:\/\/ak47.nu\/produkt\/norica-pappersmaltavla-14x14-100x-pack\/"},"modified":"2025-12-03T20:32:32","modified_gmt":"2025-12-03T19:32:32","slug":"norica-zielscheibe-papier-14x14-100-stk","status":"publish","type":"product","link":"https:\/\/ak47.nu\/de\/produkt\/zubehor-2\/maltavlor\/norica-zielscheibe-papier-14x14-100-stk\/","title":{"rendered":"Norica Zielscheibe Papier 14x14, 100 Stk | Skytteshoppen"},"content":{"rendered":"<h1>Norica Zielscheibe Papier 14x14, 100er Pack<\/h1>\n<h2>Treffen Sie ins Schwarze mit Norica Zielscheiben<\/h2>\n<p>Norica Papierzielscheiben im Format 14x14 cm, ideal f\u00fcr Training und Wettkampf. Eine Packung enth\u00e4lt 100 Zielscheiben, sodass Sie gen\u00fcgend f\u00fcr viele \u00dcbungseinheiten haben. Diese Zielscheiben sind ideal f\u00fcr Anf\u00e4nger und erfahrene Sch\u00fctzen, die ihre Pr\u00e4zision verbessern m\u00f6chten. Mit Norica Papierzielscheiben k\u00f6nnen Sie sich auf die Entwicklung Ihrer Schie\u00dfk\u00fcnste konzentrieren und gleichzeitig Spa\u00df haben.<\/p>\n<h3>Produktvorteile:<\/h3>\n<ul>\n <li><b>Gr\u00f6\u00dfe:<\/b> 14x14 cm, optimale Gr\u00f6\u00dfe f\u00fcr Schie\u00df\u00fcbungen.<\/li>\n <li><b>Anzahl:<\/b> 100 St\u00fcck pro Packung, gew\u00e4hrleistet eine lange Nutzungsdauer.<\/li>\n <li><b>Vielseitigkeit:<\/b> Geeignet f\u00fcr Training und Wettkampf.<\/li>\n<\/ul>\n<p>Diese Papierzielscheiben sind ein Muss f\u00fcr alle, die sich mit Schie\u00dfen besch\u00e4ftigen. Optimieren Sie Ihr Schie\u00dftraining mit diesen hochwertigen Zielscheiben. Verpassen Sie nicht die Chance, Ihre Pr\u00e4zision und Ihr K\u00f6nnen zu verbessern. Bestellen Sie noch heute Ihr 100er-Pack und bringen Sie Ihr Schie\u00dfen auf die n\u00e4chste Stufe!<\/p>\n<p>Schauen Sie sich unsere Auswahl an <a href=\"https:\/\/ak47.nu\/de\/zubehor-2\/maltavlor\/\">Zielscheiben<\/a> an, um die f\u00fcr Sie passende zu finden. F\u00fcr andere <a href=\"https:\/\/ak47.nu\/de\/butik\/\">Norica Produkte<\/a>, besuchen Sie unseren Shop. Sie k\u00f6nnen auch <a href=\"https:\/\/ak47.nu\/de\/\">unsere Website<\/a> f\u00fcr weitere Informationen besuchen.<\/p>","protected":false},"excerpt":{"rendered":"<p>K\u00f6p Norica pappersm\u00e5ltavla 14X14 i 100-pack &#8211; Perfekt f\u00f6r tr\u00e4ning och skytte<\/p>","protected":false},"featured_media":18985,"template":"","meta":[],"product_brand":[],"product_cat":[474],"product_tag":[],"class_list":{"0":"post-18986","1":"product","2":"type-product","3":"status-publish","4":"has-post-thumbnail","6":"product_cat-maltavlor","7":"pa_brand-norica","9":"first","10":"outofstock","11":"taxable","12":"shipping-taxable","13":"purchasable","14":"product-type-simple"},"_links":{"self":[{"href":"https:\/\/ak47.nu\/de\/wp-json\/wp\/v2\/product\/18986","targetHints":{"allow":["GET"]}}],"collection":[{"href":"https:\/\/ak47.nu\/de\/wp-json\/wp\/v2\/product"}],"about":[{"href":"https:\/\/ak47.nu\/de\/wp-json\/wp\/v2\/types\/product"}],"wp:featuredmedia":[{"embeddable":true,"href":"https:\/\/ak47.nu\/de\/wp-json\/wp\/v2\/media\/18985"}],"wp:attachment":[{"href":"https:\/\/ak47.nu\/de\/wp-json\/wp\/v2\/media?parent=18986"}],"wp:term":[{"taxonomy":"product_brand","embeddable":true,"href":"https:\/\/ak47.nu\/de\/wp-json\/wp\/v2\/product_brand?post=18986"},{"taxonomy":"product_cat","embeddable":true,"href":"https:\/\/ak47.nu\/de\/wp-json\/wp\/v2\/product_cat?post=18986"},{"taxonomy":"product_tag","embeddable":true,"href":"https:\/\/ak47.nu\/de\/wp-json\/wp\/v2\/product_tag?post=18986"}],"curies":[{"name":"wp","href":"https:\/\/api.w.org\/{rel}","templated":true}]}}