{"id":19122,"date":"2022-05-06T14:18:36","date_gmt":"2022-05-06T12:18:36","guid":{"rendered":"https:\/\/ak47.nu\/produkt\/walther-p38-replica\/"},"modified":"2025-12-03T12:49:01","modified_gmt":"2025-12-03T11:49:01","slug":"walther-p38-nachbildung","status":"publish","type":"product","link":"https:\/\/ak47.nu\/de\/produkt\/replikor\/pistoler-replikor\/walther-p38-nachbildung\/","title":{"rendered":"Walther P38 Nachbildung | DENIX"},"content":{"rendered":"<h1>Walther P38 Nachbildung<\/h1>\n<h2>Historische Nachbildung der Walther P38<\/h2>\n<p>Die Walther P38, eine Pistole im Kaliber 9 mm, wurde von Walther zu Beginn des Zweiten Weltkriegs als Dienstwaffe f\u00fcr die deutsche Wehrmacht entwickelt. Die Grundlage f\u00fcr die Walther P38 war die Walther MPP, die seit 1929 f\u00fcr die deutsche Polizei hergestellt wurde. Sie wurde 1938 unter anderem entwickelt, um die bisherige Dienstwaffe Luger P08 zu ersetzen, deren Herstellung zu teuer war.<\/p>\n<h3>Produktinformationen<\/h3>\n<ul>\n<li>L\u00e4nge: 25 cm<\/li>\n<li>Gewicht: 900 g<\/li>\n<\/ul>\n<p>Unsere Repliken sind lizenzfrei und k\u00f6nnen nicht scharf gemacht werden. Sie sind stilvoll und cool als Dekoration!<\/p>\n<p>Diese Nachbildung der Walther P38 ist ideal f\u00fcr Sammler und Geschichtsinteressierte. <a href=\"https:\/\/ak47.nu\/de\/butik\/\">Entdecken Sie unsere Auswahl an Repliken<\/a>, um weitere interessante Modelle zu finden. <a href=\"https:\/\/ak47.nu\/de\/replikor\/pistoler-replikor\/\">Erkunden Sie die Kategorie Replika-Waffen<\/a>, um \u00e4hnliche Produkte zu entdecken. Besuchen Sie unsere <a href=\"https:\/\/ak47.nu\/de\/\">Homepage<\/a>, um unser gesamtes Sortiment zu sehen.<\/p>","protected":false},"excerpt":{"rendered":"<p>Hitta den b\u00e4sta Walther P38 replikan &#8211; En detaljerad \u00f6versikt och recension f\u00f6r vapenentusiaster. Utforska v\u00e5rt sortiment av h\u00f6gkvalitativa Walther P38 replikor och f\u00e5 insikter om deras design, prestanda och tillg\u00e4ngliga alternativ. Vi erbjuder en omfattande guide f\u00f6r att hj\u00e4lpa dig att v\u00e4lja r\u00e4tt replika f\u00f6r dina behov. L\u00e4s mer nu!<\/p>","protected":false},"featured_media":19121,"template":"","meta":[],"product_brand":[],"product_cat":[442],"product_tag":[],"class_list":{"0":"post-19122","1":"product","2":"type-product","3":"status-publish","4":"has-post-thumbnail","6":"product_cat-pistoler-replikor","7":"pa_brand-denix","9":"first","10":"outofstock","11":"taxable","12":"shipping-taxable","13":"purchasable","14":"product-type-simple"},"_links":{"self":[{"href":"https:\/\/ak47.nu\/de\/wp-json\/wp\/v2\/product\/19122","targetHints":{"allow":["GET"]}}],"collection":[{"href":"https:\/\/ak47.nu\/de\/wp-json\/wp\/v2\/product"}],"about":[{"href":"https:\/\/ak47.nu\/de\/wp-json\/wp\/v2\/types\/product"}],"wp:featuredmedia":[{"embeddable":true,"href":"https:\/\/ak47.nu\/de\/wp-json\/wp\/v2\/media\/19121"}],"wp:attachment":[{"href":"https:\/\/ak47.nu\/de\/wp-json\/wp\/v2\/media?parent=19122"}],"wp:term":[{"taxonomy":"product_brand","embeddable":true,"href":"https:\/\/ak47.nu\/de\/wp-json\/wp\/v2\/product_brand?post=19122"},{"taxonomy":"product_cat","embeddable":true,"href":"https:\/\/ak47.nu\/de\/wp-json\/wp\/v2\/product_cat?post=19122"},{"taxonomy":"product_tag","embeddable":true,"href":"https:\/\/ak47.nu\/de\/wp-json\/wp\/v2\/product_tag?post=19122"}],"curies":[{"name":"wp","href":"https:\/\/api.w.org\/{rel}","templated":true}]}}