{"id":19133,"date":"2022-05-06T14:18:39","date_gmt":"2022-05-06T12:18:39","guid":{"rendered":"https:\/\/ak47.nu\/produkt\/luger-p08-l-replica\/"},"modified":"2025-12-03T12:48:58","modified_gmt":"2025-12-03T11:48:58","slug":"luger-p08-l-replikat","status":"publish","type":"product","link":"https:\/\/ak47.nu\/de\/produkt\/replikor\/pistoler-replikor\/luger-p08-l-replikat\/","title":{"rendered":"Luger P08 L Replikat | DENIX"},"content":{"rendered":"<h1>Luger P08 L Replikat<\/h1>\n<h2>Authentische Nachbildung der legend\u00e4ren Luger P08 Pistole<\/h2>\n<p>Reproduktion einer Pistole, hergestellt aus Metall und Kunststoffgriffen, mit simuliertem Lade- und Schussmechanismus sowie mit herausnehmbarem Magazin. Dieses Replikat ist perfekt f\u00fcr Sammler und Geschichtsinteressierte, die ein St\u00fcck Milit\u00e4rgeschichte besitzen m\u00f6chten, ohne eine echte Waffe zu handhaben. Der simulierte Mechanismus vermittelt ein realistisches Gef\u00fchl und macht es ideal f\u00fcr die Pr\u00e4sentation und das Nachstellen historischer Szenen.<\/p>\n<h3>Die Parabellum-Pistole: Ein ikonisches Design<\/h3>\n<p>Die Parabellum-Pistole oder Modell 1908 (P08), im Volksmund als Luger bekannt, ist eine halbautomatische Pistole, die durch R\u00fccksto\u00df angetrieben wird und die Einschr\u00e4nkungen des Versailler Vertrags \u00fcberlebte. Sie verwendet einen internen Schieber, der von einem Gelenkarm bet\u00e4tigt wird, im Gegensatz zu dem externen Schieber, der in fast allen anderen halbautomatischen Pistolen \u00fcblich ist. Tauchen Sie ein in die Geschichte und das Gef\u00fchl hinter diesem ikonischen Waffenmodell. Entdecken Sie unsere Auswahl an authentischen Repliken und <a href=\"https:\/\/ak47.nu\/de\/butik\/\">vervollst\u00e4ndigen Sie Ihre Sammlung<\/a> mit zeitlosen milit\u00e4rischen Artefakten.<\/p>\n<h3>Die Geschichte hinter der Luger P08<\/h3>\n<p>Sie wurde 1898 von Georg Luger entworfen und ab dem Jahr 1900 von der deutschen Waffenfabrik Deutsche Waffen- und Munitionsfabriken (DWM) hergestellt. W\u00e4hrend ihrer Nutzungsdauer ging die Luger P08 durch die H\u00e4nde mehrerer Hersteller, die f\u00fcr die Produktion von mehr als einer Million Einheiten dieser mythischen Pistole verantwortlich waren, die in der Geschichte der Kurzwaffen ein Vorher und Nachher markierte. M\u00f6chten Sie mehr \u00fcber andere <a href=\"https:\/\/ak47.nu\/de\/replikor\/pistoler-replikor\/\">historische Waffen<\/a> erfahren? Entdecken Sie unsere gro\u00dfe Auswahl und entdecken Sie faszinierende Fakten \u00fcber die Milit\u00e4rgeschichte!<\/p>\n<h3>Die Parabellum-Patrone<\/h3>\n<p>Obwohl die ersten Modelle im Kaliber 7,65x21 Parabellum hergestellt wurden, ist das Modell von 1908 ber\u00fchmt daf\u00fcr, die Pistole zu sein, f\u00fcr die die Patrone 9x19 Parabellum entwickelt wurde. Die Bezeichnung Parabellum stammt von einem alten lateinischen Sprichwort &quot;Su vis pacem, para bellum&quot; (&quot;Wenn du Frieden willst, bereite dich auf den Krieg vor&quot;). Diese Verbindung zu historischen Ereignissen macht die Luger P08 zu einem wichtigen Teil der Milit\u00e4rgeschichte und zu einem wertvollen Artefakt f\u00fcr Sammler. Verpassen Sie nicht die Chance, <a href=\"https:\/\/ak47.nu\/de\/\">unsere gesamte Auswahl<\/a> an Sammlerst\u00fccken und historischen Repliken zu erkunden!<\/p>\n<h3>Die Luger w\u00e4hrend der Weltkriege<\/h3>\n<p>Die Parabellum Luger-Pistole wurde dank ihrer Verwendung durch Deutschland im Ersten und Zweiten Weltkrieg sehr popul\u00e4r und war im Laufe des 20. Jahrhunderts eine von den Soldaten sehr begehrte Pistole.<\/p>\n<p>Stellen Sie mit diesem Denix-Replikat der Luger-Pistole die ber\u00fchmtesten Schlachten des Ersten und Zweiten Weltkriegs nach!<\/p>","protected":false},"excerpt":{"rendered":"<p>Luger P08 L Replica &#8211; En h\u00f6gkvalitativ replika av den ikoniska Luger P08 pistolen. Perfekt f\u00f6r samlare och entusiaster. Uppt\u00e4ck en autentisk och detaljerad replika som levererar en imponerande prestanda. K\u00f6p din Luger P08 L Replica idag och njut av den historiska sk\u00f6nheten och precisionen.<\/p>","protected":false},"featured_media":19126,"template":"","meta":[],"product_brand":[],"product_cat":[442],"product_tag":[],"class_list":{"0":"post-19133","1":"product","2":"type-product","3":"status-publish","4":"has-post-thumbnail","6":"product_cat-pistoler-replikor","7":"pa_brand-denix","9":"first","10":"outofstock","11":"sale","12":"featured","13":"taxable","14":"shipping-taxable","15":"purchasable","16":"product-type-simple"},"_links":{"self":[{"href":"https:\/\/ak47.nu\/de\/wp-json\/wp\/v2\/product\/19133","targetHints":{"allow":["GET"]}}],"collection":[{"href":"https:\/\/ak47.nu\/de\/wp-json\/wp\/v2\/product"}],"about":[{"href":"https:\/\/ak47.nu\/de\/wp-json\/wp\/v2\/types\/product"}],"wp:featuredmedia":[{"embeddable":true,"href":"https:\/\/ak47.nu\/de\/wp-json\/wp\/v2\/media\/19126"}],"wp:attachment":[{"href":"https:\/\/ak47.nu\/de\/wp-json\/wp\/v2\/media?parent=19133"}],"wp:term":[{"taxonomy":"product_brand","embeddable":true,"href":"https:\/\/ak47.nu\/de\/wp-json\/wp\/v2\/product_brand?post=19133"},{"taxonomy":"product_cat","embeddable":true,"href":"https:\/\/ak47.nu\/de\/wp-json\/wp\/v2\/product_cat?post=19133"},{"taxonomy":"product_tag","embeddable":true,"href":"https:\/\/ak47.nu\/de\/wp-json\/wp\/v2\/product_tag?post=19133"}],"curies":[{"name":"wp","href":"https:\/\/api.w.org\/{rel}","templated":true}]}}