{"id":19140,"date":"2022-05-06T14:18:41","date_gmt":"2022-05-06T12:18:41","guid":{"rendered":"https:\/\/ak47.nu\/produkt\/replica-pistol-m1911-a1-svart-trakolv\/"},"modified":"2025-12-03T19:24:03","modified_gmt":"2025-12-03T18:24:03","slug":"replica-pistole-m1911-a1-schwarz-holz","status":"publish","type":"product","link":"https:\/\/ak47.nu\/de\/produkt\/replikor\/pistoler-replikor\/replica-pistole-m1911-a1-schwarz-holz\/","title":{"rendered":"Replica Pistole M1911 A1 Schwarz\/Holz | DENIX"},"content":{"rendered":"<h1>Replica Pistole M1911 A1 Schwarz \/ Holzgriff<\/h1>\n<h2>Authentische Nachbildung einer ikonischen Pistole<\/h2>\n<p>Erleben Sie die gr\u00f6\u00dften Schlachten der Geschichte mit dieser detaillierten Nachbildung der Pistole M1911 A1 von DENIX. Diese Reproduktion ist aus Metall gefertigt und verf\u00fcgt \u00fcber Holzgriffe, was ihr ein realistisches Aussehen verleiht. Die Replika verf\u00fcgt \u00fcber einen simulierten Lade- und Feuermechanismus, funktionierende Sicherheitskn\u00f6pfe, einen abnehmbaren Lauf und ein herausnehmbares Magazin.<\/p>\n<h3>Funktionen und Eigenschaften<\/h3>\n<ul>\n <li><strong>Realistisches Design:<\/strong> Gefertigt aus Metall und Holzgriffen f\u00fcr ein authentisches Aussehen.<\/li>\n <li><strong>Simulierter Mechanismus:<\/strong> Die Replika verf\u00fcgt \u00fcber einen simulierten Lade- und Feuermechanismus, der ein realistisches Erlebnis bietet.<\/li>\n <li><strong>Funktionierende Sicherheitskn\u00f6pfe:<\/strong> Die Sicherheitskn\u00f6pfe funktionieren wie beim Original.<\/li>\n <li><strong>Abnehmbarer Lauf und Magazin:<\/strong> Lauf und Magazin sind f\u00fcr mehr Realismus abnehmbar.<\/li>\n<\/ul>\n<p>Die M1911 ist eine robuste und zuverl\u00e4ssige halbautomatische Pistole mit einem einfachwirkenden Mechanismus, die mit einer .45 ACP-Patrone betrieben wird. Sie wurde von John M. Browning f\u00fcr den milit\u00e4rischen Einsatz entwickelt. Die Pistole wurde am 29. M\u00e4rz 1911 offiziell als Waffe der US-Streitkr\u00e4fte \u00fcbernommen und erhielt die Bezeichnung .45, M1911 Semi-Automatic Pistol. Sp\u00e4ter, ab 1924, wurde die Bezeichnung in Pistol Auto Caliber .45, M1911A1 ge\u00e4ndert.<\/p>\n<p>W\u00e4hrend ihrer Lebensdauer erwarb die Armee etwa 2,7 Millionen Pistolen. Sie wurde im Ersten Weltkrieg, Zweiten Weltkrieg, Koreakrieg und Vietnamkrieg \u0448\u0438\u0440\u043e\u043a\u043e eingesetzt. Sie blieb bis 1985 in der amerikanischen Armee im Einsatz, als sie durch die Beretta-Pistole ersetzt wurde. Einige Varianten sind noch in Produktion und werden in einigen Einheiten der Special Forces, Navy Forces und des Marine Corps immer noch aktiv eingesetzt.<\/p>\n<p><strong>Spezifikationen:<\/strong><\/p>\n<ul>\n <li>L\u00e4nge: 24 cm<\/li>\n <li>Gewicht: 920 g<\/li>\n<\/ul>\n<p>Entdecken Sie weitere <a href=\"https:\/\/ak47.nu\/de\/butik\/\">Replica-Waffen<\/a> in unserem Sortiment und vervollst\u00e4ndigen Sie Ihre Sammlung. Besuchen Sie unsere <a href=\"https:\/\/ak47.nu\/de\/replikor\/pistoler-replikor\/\">Waffen-Replica-Kategorie<\/a>, um das gesamte Sortiment zu sehen. Verpassen Sie nicht die Chance, ein St\u00fcck Geschichte zu besitzen \u2013 entdecken Sie unser Angebot noch heute auf der <a href=\"https:\/\/ak47.nu\/de\/\">Homepage<\/a>!<\/p>","protected":false},"excerpt":{"rendered":"<p>K\u00f6p en h\u00f6gkvalitativ replika av M1911 A1-pistolen med svart finish och tr\u00e4kolv. Perfekt f\u00f6r samlare och entusiaster. Best\u00e4ll idag f\u00f6r att f\u00e5 den b\u00e4sta priset och snabb leverans.<\/p>","protected":false},"featured_media":19135,"template":"","meta":[],"product_brand":[],"product_cat":[442],"product_tag":[],"class_list":{"0":"post-19140","1":"product","2":"type-product","3":"status-publish","4":"has-post-thumbnail","6":"product_cat-pistoler-replikor","7":"pa_brand-denix","9":"first","10":"outofstock","11":"taxable","12":"shipping-taxable","13":"purchasable","14":"product-type-simple"},"_links":{"self":[{"href":"https:\/\/ak47.nu\/de\/wp-json\/wp\/v2\/product\/19140","targetHints":{"allow":["GET"]}}],"collection":[{"href":"https:\/\/ak47.nu\/de\/wp-json\/wp\/v2\/product"}],"about":[{"href":"https:\/\/ak47.nu\/de\/wp-json\/wp\/v2\/types\/product"}],"wp:featuredmedia":[{"embeddable":true,"href":"https:\/\/ak47.nu\/de\/wp-json\/wp\/v2\/media\/19135"}],"wp:attachment":[{"href":"https:\/\/ak47.nu\/de\/wp-json\/wp\/v2\/media?parent=19140"}],"wp:term":[{"taxonomy":"product_brand","embeddable":true,"href":"https:\/\/ak47.nu\/de\/wp-json\/wp\/v2\/product_brand?post=19140"},{"taxonomy":"product_cat","embeddable":true,"href":"https:\/\/ak47.nu\/de\/wp-json\/wp\/v2\/product_cat?post=19140"},{"taxonomy":"product_tag","embeddable":true,"href":"https:\/\/ak47.nu\/de\/wp-json\/wp\/v2\/product_tag?post=19140"}],"curies":[{"name":"wp","href":"https:\/\/api.w.org\/{rel}","templated":true}]}}