{"id":19172,"date":"2022-05-06T14:18:52","date_gmt":"2022-05-06T12:18:52","guid":{"rendered":"https:\/\/ak47.nu\/produkt\/luger-p08-artillery-model-replica\/"},"modified":"2026-04-14T14:13:34","modified_gmt":"2026-04-14T12:13:34","slug":"luger-p08-artillerie-modell-replikat","status":"publish","type":"product","link":"https:\/\/ak47.nu\/de\/produkt\/replikor\/pistoler-replikor\/luger-p08-artillerie-modell-replikat\/","title":{"rendered":"Luger P08 Artillerie Modell Replikat | DENIX"},"content":{"rendered":"<h1>Luger P08 Artillerie Modell Replikat<\/h1>\n<h2>Historische Schlachten mit diesem detailgetreuen Replikat nachbilden<\/h2>\n<p>Reproduktion einer Pistole, hergestellt aus Metall und Kunststoffgriffen, mit simuliertem Lade- und Feuermechanismus sowie mit herausnehmbarem Magazin. Perfekt f\u00fcr Sammler und Geschichtsinteressierte, die ein St\u00fcck Waffengeschichte besitzen m\u00f6chten, ohne mit scharfen Waffen umzugehen. Mit diesem DENIX-Nachbau des Luger P08 Artillerie Modells k\u00f6nnen Sie die ber\u00fchmtesten Schlachten des Ersten und Zweiten Weltkriegs nachbilden. <a href=\"https:\/\/ak47.nu\/de\/\">Entdecken Sie mehr<\/a> \u00fcber historische Repliken.<\/p>\n<h3>Luger P08: Eine Ikone unter den Pistolen<\/h3>\n<p>Die Parabellum-Pistole oder Modell 1908 (P08), im Volksmund als Luger bekannt, ist eine halbautomatische Pistole, die durch R\u00fccksto\u00df angetrieben wird und die Beschr\u00e4nkungen des Versailler Vertrags \u00fcberlebte. Sie verwendet einen internen Schieber, der von einem Gelenkarm bet\u00e4tigt wird, im Gegensatz zu dem externen Schieber, der bei fast allen anderen halbautomatischen Pistolen \u00fcblich ist.<\/p>\n<ul>\n  <li>Simulierter Mechanismus f\u00fcr ein realistisches Gef\u00fchl<\/li>\n  <li>Herausnehmbares Magazin f\u00fcr ein authentisches Erlebnis<\/li>\n  <li>Hergestellt aus Metall und Kunststoffgriffen f\u00fcr Haltbarkeit und Haptik<\/li>\n<\/ul>\n<p>Sie wurde 1898 von Georg Luger entworfen und ab dem Jahr 1900 von der deutschen Waffenfabrik Deutsche Waffenund Munitions fabriken (DWM) hergestellt. W\u00e4hrend ihrer Lebensdauer ging die Luger P08 durch die H\u00e4nde mehrerer Hersteller, die f\u00fcr die Produktion von mehr als einer Million Einheiten dieser mythischen Pistole verantwortlich waren, die in der Geschichte der Kurzwaffen eine Z\u00e4sur darstellte. <a href=\"https:\/\/ak47.nu\/de\/replikor\/pistoler-replikor\/\">Entdecken Sie unser Sortiment an Replikatwaffen<\/a>, um weitere historische Modelle zu finden.<\/p>\n<h3>Die Parabellum-Patrone<\/h3>\n<p>Obwohl die ersten Modelle im Kaliber 7,65x21 Parabellum hergestellt wurden, ist das Modell von 1908 ber\u00fchmt daf\u00fcr, die Pistole zu sein, f\u00fcr die die Patrone 9x19 Parabellum entwickelt wurde. Die Bezeichnung Parabellum leitet sich von einem alten lateinischen Sprichwort ab &quot;Su vis pacem, para bellum&quot; (&quot;Wenn du Frieden willst, bereite dich auf den Krieg vor&quot;).<\/p>\n<p>Die Parabellum Luger-Pistole erfreute sich gro\u00dfer Beliebtheit dank ihres Einsatzes durch Deutschland im Ersten und Zweiten Weltkrieg und war eine Pistole, die von den Soldaten im gesamten 20. Jahrhundert sehr begehrt war. Verpassen Sie nicht die Chance, dieses erstaunliche <a href=\"https:\/\/ak47.nu\/de\/butik\/\">DENIX-Replikat der Luger P08<\/a> zu besitzen. Bestellen Sie Ihr Replikat noch heute!<\/p>","protected":false},"excerpt":{"rendered":"<p>K\u00f6p en exakt replika av Luger P08 Artillery Model hos oss. Perfekt f\u00f6r samlare och vapenentusiaster. H\u00f6gkvalitativt utf\u00f6rande och detaljerad design. Best\u00e4ll idag och f\u00e5 en autentisk k\u00e4nsla av denna historiska pistol.<\/p>","protected":false},"featured_media":19162,"template":"","meta":[],"product_brand":[],"product_cat":[442],"product_tag":[],"class_list":{"0":"post-19172","1":"product","2":"type-product","3":"status-publish","4":"has-post-thumbnail","6":"product_cat-pistoler-replikor","7":"pa_brand-denix","9":"first","10":"instock","11":"sale","12":"taxable","13":"shipping-taxable","14":"purchasable","15":"product-type-simple"},"_links":{"self":[{"href":"https:\/\/ak47.nu\/de\/wp-json\/wp\/v2\/product\/19172","targetHints":{"allow":["GET"]}}],"collection":[{"href":"https:\/\/ak47.nu\/de\/wp-json\/wp\/v2\/product"}],"about":[{"href":"https:\/\/ak47.nu\/de\/wp-json\/wp\/v2\/types\/product"}],"wp:featuredmedia":[{"embeddable":true,"href":"https:\/\/ak47.nu\/de\/wp-json\/wp\/v2\/media\/19162"}],"wp:attachment":[{"href":"https:\/\/ak47.nu\/de\/wp-json\/wp\/v2\/media?parent=19172"}],"wp:term":[{"taxonomy":"product_brand","embeddable":true,"href":"https:\/\/ak47.nu\/de\/wp-json\/wp\/v2\/product_brand?post=19172"},{"taxonomy":"product_cat","embeddable":true,"href":"https:\/\/ak47.nu\/de\/wp-json\/wp\/v2\/product_cat?post=19172"},{"taxonomy":"product_tag","embeddable":true,"href":"https:\/\/ak47.nu\/de\/wp-json\/wp\/v2\/product_tag?post=19172"}],"curies":[{"name":"wp","href":"https:\/\/api.w.org\/{rel}","templated":true}]}}