{"id":19240,"date":"2022-05-06T14:19:50","date_gmt":"2022-05-06T12:19:50","guid":{"rendered":"https:\/\/ak47.nu\/produkt\/sten-mark-ii-replica\/"},"modified":"2025-12-03T19:23:34","modified_gmt":"2025-12-03T18:23:34","slug":"sten-mark-ii-replik","status":"publish","type":"product","link":"https:\/\/ak47.nu\/de\/produkt\/replikor\/automatkarbiner-replikor\/sten-mark-ii-replik\/","title":{"rendered":"Sten Mark II Replik | Sammlerst\u00fcck Maschinenpistole"},"content":{"rendered":"<h1>Sten Mark II Replik<\/h1>\n<h2>Replikat der legend\u00e4ren Sten Mark II<\/h2>\n<p>Endlich eine detaillierte Replik der legend\u00e4ren Sten Mark II! Dieses Modell wurde urspr\u00fcnglich 1940 entworfen und 1941 in Produktion genommen und wurde schnell zu einem Favoriten im Zweiten Weltkrieg. Obwohl die erste Version nur von kurzer Dauer war, wurde Version II mit einer Gesamtproduktion von \u00fcber 4 Millionen Einheiten zur meistproduzierten der sechs Versionen. Hier finden Sie weitere authentische <a href=\"https:\/\/ak47.nu\/de\/butik\/\">Sammlerst\u00fccke-Repliken<\/a>.<\/p>\n\n<h3>Historische Bedeutung und Verwendung<\/h3>\n<p>Die Popularit\u00e4t der Sten Mark II beruhte auf ihren niedrigen Produktionskosten von etwa 10 USD im Jahr 1942 und ihrer einfachen Konstruktion, die die Demontage erleichterte. Dies machte sie schnell zu einer bevorzugten Wahl unter Widerstandsbewegungen im besetzten Europa. Ihr Kaliber war 9x19mm Parabellum, das Magazin fasste 32 Schuss, die Feuerrate betrug 500 Schuss\/Minute, die M\u00fcndungsgeschwindigkeit betrug 365 m\/s und sie hatte eine effektive Reichweite von etwa 100 m.  Weitere <a href=\"https:\/\/ak47.nu\/de\/replikor\/automatkarbiner-replikor\/\">Waffenrepliken in der Kategorie finden Sie hier<\/a>.<\/p>\n\n<h3>Funktionen der Replik<\/h3>\n<ul>\n    <li><strong>Realistisches Design:<\/strong> Die Replik gibt das Aussehen und die Haptik des Originals originalgetreu wieder.<\/li>\n    <li><strong>Funktionsf\u00e4higer Mechanismus:<\/strong> Sie k\u00f6nnen die Waffe spannen und trocken abfeuern, was den Realismus erh\u00f6ht.<\/li>\n    <li><strong>Abnehmbares Magazin:<\/strong> Das Magazin kann wie beim Original abgenommen werden.<\/li>\n    <li><strong>Zerlegbar:<\/strong> Das Gewehr kann zur einfachen Aufbewahrung und zum Transport in zwei Teile zerlegt werden.<\/li>\n<\/ul>\n<p>Diese Replik ist perfekt f\u00fcr Sammler und Geschichtsinteressierte, die ein St\u00fcck Geschichte besitzen m\u00f6chten.  Besuchen Sie unsere <a href=\"https:\/\/ak47.nu\/de\/\">Homepage<\/a>, um unser gesamtes Sortiment an Repliken zu sehen!<\/p>\n\n<h3>Spezifikationen<\/h3>\n<ul>\n    <li>Referenz: 1148<\/li>\n    <li>Abmessungen: 76 cm<\/li>\n    <li>Gewicht: 2.094 g<\/li>\n    <li>Epoche: Erster & Zweiter Weltkrieg 1914-1945<\/li>\n    <li>Typ: Sammlerst\u00fcck, Maschinenpistole<\/li>\n<\/ul>","protected":false},"excerpt":{"rendered":"<p>K\u00f6p en Sten Mark II-replika online &#8211; b\u00e4sta kvalitet till b\u00e4sta pris! Utforska v\u00e5rt sortiment av Sten Mark II-replikor och hitta den perfekta modellen f\u00f6r dina behov. Best\u00e4ll nu och f\u00e5 snabb leverans och en autentisk upplevelse av denna ikoniska vapen.<\/p>","protected":false},"featured_media":19235,"template":"","meta":[],"product_brand":[],"product_cat":[445],"product_tag":[],"class_list":{"0":"post-19240","1":"product","2":"type-product","3":"status-publish","4":"has-post-thumbnail","6":"product_cat-automatkarbiner-replikor","7":"pa_brand-denix","9":"first","10":"outofstock","11":"sale","12":"taxable","13":"shipping-taxable","14":"purchasable","15":"product-type-simple"},"_links":{"self":[{"href":"https:\/\/ak47.nu\/de\/wp-json\/wp\/v2\/product\/19240","targetHints":{"allow":["GET"]}}],"collection":[{"href":"https:\/\/ak47.nu\/de\/wp-json\/wp\/v2\/product"}],"about":[{"href":"https:\/\/ak47.nu\/de\/wp-json\/wp\/v2\/types\/product"}],"wp:featuredmedia":[{"embeddable":true,"href":"https:\/\/ak47.nu\/de\/wp-json\/wp\/v2\/media\/19235"}],"wp:attachment":[{"href":"https:\/\/ak47.nu\/de\/wp-json\/wp\/v2\/media?parent=19240"}],"wp:term":[{"taxonomy":"product_brand","embeddable":true,"href":"https:\/\/ak47.nu\/de\/wp-json\/wp\/v2\/product_brand?post=19240"},{"taxonomy":"product_cat","embeddable":true,"href":"https:\/\/ak47.nu\/de\/wp-json\/wp\/v2\/product_cat?post=19240"},{"taxonomy":"product_tag","embeddable":true,"href":"https:\/\/ak47.nu\/de\/wp-json\/wp\/v2\/product_tag?post=19240"}],"curies":[{"name":"wp","href":"https:\/\/api.w.org\/{rel}","templated":true}]}}