{"id":19263,"date":"2022-05-06T14:20:14","date_gmt":"2022-05-06T12:20:14","guid":{"rendered":"https:\/\/ak47.nu\/produkt\/flintlock-carbine-france-1806-replica-rifle\/"},"modified":"2025-12-03T19:48:16","modified_gmt":"2025-12-03T18:48:16","slug":"flintlock-karabiner-frankreich-1806-replika-gewehr","status":"publish","type":"product","link":"https:\/\/ak47.nu\/de\/produkt\/replikor\/gevar-replikor\/flintlock-karabiner-frankreich-1806-replika-gewehr\/","title":{"rendered":"FLINTLOCK KARABINER Frankreich 1806 Replika | DENIX"},"content":{"rendered":"<h1>FLINTLOCK KARABINER, FRANKREICH 1806 Replika Gewehr<\/h1>\n<h2>Erleben Sie Geschichte neu mit dieser 1806 Flintlock Karabiner Replika<\/h2>\n<p>Diese detaillierte Replika eines Flintlock Karabiners aus der napoleonischen Zeit ist aus Metall und Holz gefertigt, mit einem simulierten Lade- und Feuermechanismus. Perfekt f\u00fcr Sammler und Geschichtsinteressierte, die ein St\u00fcck Vergangenheit erleben m\u00f6chten.<\/p>\n<h3>Der Flintlock Mechanismus<\/h3>\n<p>Die Flintlock Karabiner verwendeten einen Feuerstein, um einen Funken zu erzeugen, der das Schie\u00dfpulver entz\u00fcndete, wenn der Hahn ausgel\u00f6st wurde. Nach jedem Schuss war ein manuelles Nachladen der Munition erforderlich. Die Munition bestand aus Schie\u00dfpulver, Projektil und einem Papierpfropfen, der als Stopfen diente, um die beiden vorherigen im Laufinneren zusammenzupressen.<\/p>\n<ul>\n<li>Replika eines 1806 Flintlock Karabiners<\/li>\n<li>Hergestellt aus Metall und Holz<\/li>\n<li>Simulierter Lade- und Feuermechanismus<\/li>\n<\/ul>\n<h3>Karabiner Vorteile und Einschr\u00e4nkungen<\/h3>\n<p>Karabiner waren pr\u00e4ziser als Pistolen und hatten eine gr\u00f6\u00dfere effektive Reichweite. Der Lade- und Feuerablauf war komplex und erforderte wiederholte \u00dcbungen, damit die Rekruten in der Hitze des Gefechts instinktiv handelten. Ein gut ausgebildeter Soldat konnte theoretisch f\u00fcnf Schuss pro Minute abgeben, aber im normalen Kampf waren es eher zwei oder drei Schuss pro Minute oder noch weniger, wenn die Auseinandersetzung lange dauerte. Die Flugbahn der Kugel war ungenau, und es war schwierig, im Kampf gut zu zielen. Um die Effektivit\u00e4t zu gew\u00e4hrleisten, wurde eine hohe Waffendichte auf einer kleinen Front gruppiert und auf k\u00fcrzester Distanz gefeuert. Trotzdem waren die Soldaten oft gezwungen, nach dem Schie\u00dfen das Bajonett einzusetzen.<\/p>\n<p>Napoleon Bonaparte (1769-1821), Kaiser von Frankreich zwischen 1804 und 1815, festigte und setzte viele der Reformen der Franz\u00f6sischen Revolution durch. Er gilt als eines der gr\u00f6\u00dften Milit\u00e4rgenies der Geschichte und eroberte den gr\u00f6\u00dften Teil Europas. F\u00fchlen Sie sich mit dieser Replika von <a href=\"https:\/\/ak47.nu\/de\/butik\/\">DENIX<\/a> wie ein Teil von Napoleons Eroberungen.<\/p>\n<p><b>Referenz:<\/b> 1037<br><b>Abmessungen:<\/b> 113 cm<br><b>Gewicht:<\/b> 1,850 g<\/p>\n<p>Entdecken Sie weitere <a href=\"https:\/\/ak47.nu\/de\/replikor\/gevar-replikor\/\">Replika Waffen<\/a> in unserem Sortiment. Besuchen Sie unsere <a href=\"https:\/\/ak47.nu\/de\/\">Homepage<\/a>, um unsere gesamte Auswahl zu sehen.<\/p>","protected":false},"excerpt":{"rendered":"<p>FLINTLOCK CARBINE, FRANCE 1806 \u00e4r en replikavapen av en karbin fr\u00e5n Frankrike \u00e5r 1806. Utforska denna autentiska replika f\u00f6r att uppleva den historiska k\u00e4nslan av ett flintl\u00e5sgev\u00e4r fr\u00e5n den tiden. Perfekt f\u00f6r samlare och historieentusiaster. Best\u00e4ll din egen replika idag och njut av den detaljerade designen och kvaliteten hos detta klassiska vapen.<\/p>","protected":false},"featured_media":19261,"template":"","meta":[],"product_brand":[],"product_cat":[446],"product_tag":[],"class_list":{"0":"post-19263","1":"product","2":"type-product","3":"status-publish","4":"has-post-thumbnail","6":"product_cat-gevar-replikor","7":"pa_brand-denix","9":"first","10":"outofstock","11":"sale","12":"taxable","13":"shipping-taxable","14":"purchasable","15":"product-type-simple"},"_links":{"self":[{"href":"https:\/\/ak47.nu\/de\/wp-json\/wp\/v2\/product\/19263","targetHints":{"allow":["GET"]}}],"collection":[{"href":"https:\/\/ak47.nu\/de\/wp-json\/wp\/v2\/product"}],"about":[{"href":"https:\/\/ak47.nu\/de\/wp-json\/wp\/v2\/types\/product"}],"wp:featuredmedia":[{"embeddable":true,"href":"https:\/\/ak47.nu\/de\/wp-json\/wp\/v2\/media\/19261"}],"wp:attachment":[{"href":"https:\/\/ak47.nu\/de\/wp-json\/wp\/v2\/media?parent=19263"}],"wp:term":[{"taxonomy":"product_brand","embeddable":true,"href":"https:\/\/ak47.nu\/de\/wp-json\/wp\/v2\/product_brand?post=19263"},{"taxonomy":"product_cat","embeddable":true,"href":"https:\/\/ak47.nu\/de\/wp-json\/wp\/v2\/product_cat?post=19263"},{"taxonomy":"product_tag","embeddable":true,"href":"https:\/\/ak47.nu\/de\/wp-json\/wp\/v2\/product_tag?post=19263"}],"curies":[{"name":"wp","href":"https:\/\/api.w.org\/{rel}","templated":true}]}}