{"id":19271,"date":"2022-05-06T14:20:23","date_gmt":"2022-05-06T12:20:23","guid":{"rendered":"https:\/\/ak47.nu\/produkt\/mauser-98k-karbin-replica\/"},"modified":"2025-12-03T12:48:34","modified_gmt":"2025-12-03T11:48:34","slug":"mauser-98k-karbiner-replikat","status":"publish","type":"product","link":"https:\/\/ak47.nu\/de\/produkt\/replikor\/gevar-replikor\/mauser-98k-karbiner-replikat\/","title":{"rendered":"Mauser 98K Karbiner Replikat | DENIX"},"content":{"rendered":"<h1>Mauser 98K Karbiner Replikat<\/h1>\n<h2>Authentische Nachbildung einer deutschen Infanteriewaffe<\/h2>\n<p>Die Mauser 98K war die Hauptwaffe der deutschen Infanterie im Zweiten Weltkrieg und wurde zwischen 1935 und 1945 hergestellt. Sie zeichnete sich durch ihre hohe Pr\u00e4zision aus, auch auf Entfernungen bis zu 800 Metern. Dieses Replikat f\u00e4ngt die historische Essenz des Mauser 98K-Karabiners ein.<\/p>\n<h3>Realistische Eigenschaften<\/h3>\n<p>Dieses Replikat ist unglaublich realistisch und vermittelt ein authentisches Gef\u00fchl. Sie erhalten einen zufriedenstellenden Verschlussgang und die M\u00f6glichkeit zum Trockenfeuern sowie eine einstellbare Visierung. Es enth\u00e4lt auch einen Gewehrriemen aus Leder f\u00fcr einen vollst\u00e4ndigen historischen Look.<\/p>\n<ul>\n <li>Verschlussgang: Erleben Sie das authentische Gef\u00fchl.<\/li>\n <li>Trockenfeuern: M\u00f6glichkeit, das Abfeuern zu simulieren.<\/li>\n <li>Einstellbare Visierung: Stellen Sie die Visierung wie beim Original ein.<\/li>\n <li>Gewehrriemen aus Leder: F\u00fcr einen kompletten und zeitgem\u00e4\u00dfen Look.<\/li>\n<\/ul>\n<h3>Spezifikationen<\/h3>\n<ul>\n <li>L\u00e4nge: 110,5 cm<\/li>\n <li>Gewicht: 2925 g<\/li>\n<\/ul>\n<h3>Dekoration und Sammlerst\u00fcck<\/h3>\n<p>Unsere Repliken sind lizenzfrei und k\u00f6nnen nicht scharf gemacht werden, wodurch sie sich ideal als Dekoration oder Sammlerst\u00fccke eignen. Dieses Mauser 98K-Replikat ist eine stilvolle und coole Erg\u00e4nzung f\u00fcr Ihre Sammlung oder als einzigartiges Detail in Ihrem Zuhause.<\/p>\n<p>Perfekt f\u00fcr Geschichtsinteressierte und Sammler. Dieses Replikat bietet ein St\u00fcck Geschichte, ohne dass eine Lizenz erforderlich ist. <a href=\"https:\/\/ak47.nu\/de\/butik\/\">Sehen Sie sich unsere anderen Repliken an<\/a>, um weitere historische Waffen zu finden. Verleihen Sie Ihrem Zuhause mit diesem fantastischen <a href=\"https:\/\/ak47.nu\/de\/replikor\/gevar-replikor\/\">Replikat<\/a> eine einzigartige Note. Besuchen Sie unsere <a href=\"https:\/\/ak47.nu\/de\/\">Homepage<\/a>, um weitere Informationen \u00fcber unser Sortiment zu erhalten.<\/p>","protected":false},"excerpt":{"rendered":"<p>K\u00f6p en h\u00f6gkvalitativ Mauser 98K Karbin Replica online &#8211; Perfekt f\u00f6r samlare och historieentusiaster. Uppt\u00e4ck detaljerade recensioner och j\u00e4mf\u00f6r priser f\u00f6r att hitta den b\u00e4sta dealen. Handla nu och f\u00e5 snabb leverans!<\/p>","protected":false},"featured_media":19269,"template":"","meta":[],"product_brand":[],"product_cat":[446],"product_tag":[],"class_list":{"0":"post-19271","1":"product","2":"type-product","3":"status-publish","4":"has-post-thumbnail","6":"product_cat-gevar-replikor","7":"pa_brand-denix","9":"first","10":"outofstock","11":"sale","12":"taxable","13":"shipping-taxable","14":"purchasable","15":"product-type-simple"},"_links":{"self":[{"href":"https:\/\/ak47.nu\/de\/wp-json\/wp\/v2\/product\/19271","targetHints":{"allow":["GET"]}}],"collection":[{"href":"https:\/\/ak47.nu\/de\/wp-json\/wp\/v2\/product"}],"about":[{"href":"https:\/\/ak47.nu\/de\/wp-json\/wp\/v2\/types\/product"}],"wp:featuredmedia":[{"embeddable":true,"href":"https:\/\/ak47.nu\/de\/wp-json\/wp\/v2\/media\/19269"}],"wp:attachment":[{"href":"https:\/\/ak47.nu\/de\/wp-json\/wp\/v2\/media?parent=19271"}],"wp:term":[{"taxonomy":"product_brand","embeddable":true,"href":"https:\/\/ak47.nu\/de\/wp-json\/wp\/v2\/product_brand?post=19271"},{"taxonomy":"product_cat","embeddable":true,"href":"https:\/\/ak47.nu\/de\/wp-json\/wp\/v2\/product_cat?post=19271"},{"taxonomy":"product_tag","embeddable":true,"href":"https:\/\/ak47.nu\/de\/wp-json\/wp\/v2\/product_tag?post=19271"}],"curies":[{"name":"wp","href":"https:\/\/api.w.org\/{rel}","templated":true}]}}