{"id":19273,"date":"2022-05-06T14:20:26","date_gmt":"2022-05-06T12:20:26","guid":{"rendered":"https:\/\/ak47.nu\/produkt\/replica-of-pattern-1861-enfield-musketoon-england-1861\/"},"modified":"2025-12-03T19:46:51","modified_gmt":"2025-12-03T18:46:51","slug":"replik-enfield-musketon-1861","status":"publish","type":"product","link":"https:\/\/ak47.nu\/de\/produkt\/replikor\/gevar-replikor\/replik-enfield-musketon-1861\/","title":{"rendered":"Replik Enfield Musketon 1861 | DENIX"},"content":{"rendered":"<h1>Replik der Enfield Musketon Modell 1861, England 1861<\/h1>\n<h2>Authentische Nachbildung einer englischen Karabiner von 1861<\/h2>\n<p>Erleben Sie die Geschichte neu mit dieser detaillierten Replik eines englischen Karabiners von 1861. Gefertigt aus Metall und Holz, bildet sie originalgetreu das Aussehen und die Haptik des Originals nach, einschlie\u00dflich eines simulierten Mechanismus zum Laden und Abfeuern. Perfekt f\u00fcr Sammler und Geschichtsbegeisterte. Entdecken Sie noch heute unsere Auswahl an <a href=\"https:\/\/ak47.nu\/de\/butik\/\">anderenReplik-Gewehren<\/a>!<\/p>\n<h3>Enfield 1861: Die Wahl der Artillerie w\u00e4hrend des Amerikanischen B\u00fcrgerkriegs<\/h3>\n<p>Die Enfield 1861 war eine k\u00fcrzere Version der Enfield 1853 und wurde im britischen Empire h\u00e4ufig verwendet, haupts\u00e4chlich von Artillerieeinheiten zur pers\u00f6nlichen Verteidigung. W\u00e4hrend des Amerikanischen B\u00fcrgerkriegs (1861-1865) war sie die am zweith\u00e4ufigsten verwendete Karabiner, beliebt bei Artillerie- und Kavallerieeinheiten. Insbesondere konf\u00f6derierte Truppen importierten gro\u00dfe Mengen an Enfield-Gewehren von privaten Zulieferern und Waffenh\u00e4ndlern.  Erfahren Sie mehr \u00fcber <a href=\"https:\/\/ak47.nu\/de\/replikor\/gevar-replikor\/\">unsere Replika-Waffen<\/a> und finden Sie das perfekte Modell f\u00fcr Ihre Sammlung.<\/p>\n<h3>Detaillierte Beschreibung des Enfield Modells 1861<\/h3>\n<ul>\n <li><b>Kaliber:<\/b> 15mm (.577)<\/li>\n <li><b>Typ:<\/b> Vorderlader<\/li>\n <li><b>Konstruktion:<\/b> Stahllauf, der mit zwei Metallklemmen an den Handschutzvorrichtungen befestigt ist<\/li>\n <li><b>Eigenschaften:<\/b> Der Lauf hatte nur drei Z\u00fcge<\/li>\n <li><b>Munition:<\/b> Verwendete normalerweise Mini\u00e9-Geschosse, die durch Schneiden eines dicken Bleidrahts hergestellt wurden, um die Festigkeit zu erh\u00f6hen.<\/li>\n<\/ul>\n<h3>Eine originalgetreue und gesch\u00e4tzte Replik<\/h3>\n<p>Genie\u00dfen Sie diese DENIX-Replik der Enfield 1861 Karabiner, ein Favorit unter Reenactors und Waffensammlern. Ihre Qualit\u00e4t, Pr\u00e4zision und historische Genauigkeit machen sie zu einer wertvollen Erg\u00e4nzung jeder Sammlung. Besuchen Sie <a href=\"https:\/\/ak47.nu\/de\/\">unseren Online-Shop<\/a>, um unser gesamtes Sortiment zu sehen.<\/p>\n<p><b>Referenz:<\/b> 1046<br>\n<b>Abmessungen:<\/b> 102 cm<br>\n<b>Gewicht:<\/b> 2,320 g<\/p>","protected":false},"excerpt":{"rendered":"<p>K\u00f6p en exakt replika av m\u00f6nstret 1861 Enfield musketoon fr\u00e5n England 1861. Perfekt f\u00f6r samlare och historieentusiaster. Best\u00e4ll idag och f\u00e5 en autentisk bit historia till ditt hem.<\/p>","protected":false},"featured_media":19272,"template":"","meta":[],"product_brand":[],"product_cat":[446],"product_tag":[],"class_list":{"0":"post-19273","1":"product","2":"type-product","3":"status-publish","4":"has-post-thumbnail","6":"product_cat-gevar-replikor","7":"pa_brand-denix","9":"first","10":"outofstock","11":"sale","12":"taxable","13":"shipping-taxable","14":"purchasable","15":"product-type-simple"},"_links":{"self":[{"href":"https:\/\/ak47.nu\/de\/wp-json\/wp\/v2\/product\/19273","targetHints":{"allow":["GET"]}}],"collection":[{"href":"https:\/\/ak47.nu\/de\/wp-json\/wp\/v2\/product"}],"about":[{"href":"https:\/\/ak47.nu\/de\/wp-json\/wp\/v2\/types\/product"}],"wp:featuredmedia":[{"embeddable":true,"href":"https:\/\/ak47.nu\/de\/wp-json\/wp\/v2\/media\/19272"}],"wp:attachment":[{"href":"https:\/\/ak47.nu\/de\/wp-json\/wp\/v2\/media?parent=19273"}],"wp:term":[{"taxonomy":"product_brand","embeddable":true,"href":"https:\/\/ak47.nu\/de\/wp-json\/wp\/v2\/product_brand?post=19273"},{"taxonomy":"product_cat","embeddable":true,"href":"https:\/\/ak47.nu\/de\/wp-json\/wp\/v2\/product_cat?post=19273"},{"taxonomy":"product_tag","embeddable":true,"href":"https:\/\/ak47.nu\/de\/wp-json\/wp\/v2\/product_tag?post=19273"}],"curies":[{"name":"wp","href":"https:\/\/api.w.org\/{rel}","templated":true}]}}