{"id":19285,"date":"2022-05-06T14:20:33","date_gmt":"2022-05-06T12:20:33","guid":{"rendered":"https:\/\/ak47.nu\/produkt\/carbine-model-1892-winchester-repeting-rifle-replica\/"},"modified":"2025-12-03T19:24:42","modified_gmt":"2025-12-03T18:24:42","slug":"winchester-1892-karabiner-replika","status":"publish","type":"product","link":"https:\/\/ak47.nu\/de\/produkt\/replikor\/gevar-replikor\/winchester-1892-karabiner-replika\/","title":{"rendered":"Winchester 1892 Karabiner Replika | DENIX"},"content":{"rendered":"<h1>Karabiner Modell 1892 Winchester Nachbau<\/h1>\n<h2>Authentische Replika des Winchester 1892 Karabiners<\/h2>\n<p>Reproduktion eines Karabiners, Cowboy-Version, aus Metall und Holz, mit simuliertem Lade- und Feuermechanismus. Tauchen Sie ein in den amerikanischen Westen mit der historischen Nachbildung dieses DENIX-Karabiners. <a href=\"https:\/\/ak47.nu\/de\/\">Entdecken Sie unser Sortiment<\/a> an Repliken f\u00fcr Sammler und Reenactors.<\/p>\n<h3>Repetiermechanismus<\/h3>\n<p>Das Modell 1892 war ein Repetiergewehr mit Unterhebelbet\u00e4tigung, d. h. es erm\u00f6glichte mehrere Sch\u00fcsse vor dem Nachladen, wobei die leere H\u00fclse ausgesto\u00dfen und durch die Bet\u00e4tigung eines Hebels am Abzugsb\u00fcgel durch eine neue Kugel ersetzt wurde; daher der Begriff \"Repetiergewehr\".<\/p>\n<h3>Funktionsprinzip<\/h3>\n<p>Seine Funktion besteht aus einem horizontalen Verschluss, der die Nadel in Linie im Inneren hat; der untere Hebel entriegelt bei Bet\u00e4tigung den Verschluss, bewegt ihn dann nach hinten, wodurch der Verschlussblock freigelegt wird, Platz f\u00fcr eine Anhebeplatte geschaffen und der Hahn von hinten gespannt wird. Am Ende seines R\u00fcckw\u00e4rtsgangs bewegt der Verschluss eine Kugel vom Magazin zur Anhebeplatte, und dann bewirkt die reziproke Vorw\u00e4rtsbewegung des Hebels, dass sich die Platte hebt und die Kugel vor den Verschlussblock platziert, wo sie durch Schlie\u00dfen in die Batterie geschoben wird. Der letzte Hub des Hebels nach oben blockiert den Verschluss wieder in der Schussposition. Vervollst\u00e4ndigen Sie Ihre Sammlung mit <a href=\"https:\/\/ak47.nu\/de\/butik\/\">authentischen Repliken<\/a> von DENIX.<\/p>\n<h3>Historische Bedeutung<\/h3>\n<p>Das Design dieses Modells war eine R\u00fcckkehr zu seinen Urspr\u00fcngen, wobei die k\u00fcrzeren Revolverpatronen verwendet wurden, die weniger Druck erzeugten. Es enthielt auch eine Browning-Funktion, die viel widerstandsf\u00e4higer war als die ersten Gewehre, die von Henry abgeleitet wurden. Mehr als 1.000.000 St\u00fcck wurden hergestellt. Viele der Unterhebelgewehre, die in den klassischen \"Western\"-Filmen zu sehen sind, sind Karabiner des Modells 1892. John Wayne benutzte diese Gewehre in Dutzenden von Filmen \u00fcber die Westernzeit zwischen den 1830er und 1880er Jahren. Entdecken Sie mehr \u00fcber <a href=\"https:\/\/ak47.nu\/de\/replikor\/gevar-replikor\/\">historische Waffen<\/a> in unserer Sammlung.<\/p>\n<h3>Ideal f\u00fcr Sammler<\/h3>\n<p>Tauchen Sie ein in den amerikanischen Westen mit der historischen Reproduktion dieses DENIX-Karabiners, einer sehr begehrten Waffe von historischen Reenactors und Waffensammlern!<\/p>","protected":false},"excerpt":{"rendered":"<p>K\u00f6p Carbine Model 1892 Winchester Repeting Rifle Replica &#8211; H\u00f6gkvalitativ replika f\u00f6r samlare och entusiaster. Utforska v\u00e5rt breda utbud av autentiska och detaljerade replikavapen. Best\u00e4ll nu f\u00f6r att l\u00e4gga till denna historiska karbin till din samling!<\/p>","protected":false},"featured_media":19275,"template":"","meta":[],"product_brand":[],"product_cat":[446],"product_tag":[],"class_list":{"0":"post-19285","1":"product","2":"type-product","3":"status-publish","4":"has-post-thumbnail","6":"product_cat-gevar-replikor","7":"pa_brand-denix","9":"first","10":"outofstock","11":"taxable","12":"shipping-taxable","13":"purchasable","14":"product-type-simple"},"_links":{"self":[{"href":"https:\/\/ak47.nu\/de\/wp-json\/wp\/v2\/product\/19285","targetHints":{"allow":["GET"]}}],"collection":[{"href":"https:\/\/ak47.nu\/de\/wp-json\/wp\/v2\/product"}],"about":[{"href":"https:\/\/ak47.nu\/de\/wp-json\/wp\/v2\/types\/product"}],"wp:featuredmedia":[{"embeddable":true,"href":"https:\/\/ak47.nu\/de\/wp-json\/wp\/v2\/media\/19275"}],"wp:attachment":[{"href":"https:\/\/ak47.nu\/de\/wp-json\/wp\/v2\/media?parent=19285"}],"wp:term":[{"taxonomy":"product_brand","embeddable":true,"href":"https:\/\/ak47.nu\/de\/wp-json\/wp\/v2\/product_brand?post=19285"},{"taxonomy":"product_cat","embeddable":true,"href":"https:\/\/ak47.nu\/de\/wp-json\/wp\/v2\/product_cat?post=19285"},{"taxonomy":"product_tag","embeddable":true,"href":"https:\/\/ak47.nu\/de\/wp-json\/wp\/v2\/product_tag?post=19285"}],"curies":[{"name":"wp","href":"https:\/\/api.w.org\/{rel}","templated":true}]}}