{"id":19318,"date":"2022-05-06T14:20:52","date_gmt":"2022-05-06T12:20:52","guid":{"rendered":"https:\/\/ak47.nu\/produkt\/replica-of-kentucky-carbine-usa-19th-c\/"},"modified":"2025-12-03T19:31:59","modified_gmt":"2025-12-03T18:31:59","slug":"kentucky-karabiner-replikat-usa-19-jahrhundert","status":"publish","type":"product","link":"https:\/\/ak47.nu\/de\/produkt\/replikor\/gevar-replikor\/kentucky-karabiner-replikat-usa-19-jahrhundert\/","title":{"rendered":"Kentucky Karabiner Replikat, USA 19. Jh. | DENIX"},"content":{"rendered":"<h1>Kentucky Karabiner Replikat, USA 19. Jahrhundert<\/h1>\n<h2>Geschichte Erleben mit einer Authentischen Nachbildung<\/h2>\n<p>Reproduktion eines Steinschlosskarabiners aus Metall und Holz mit einem simulierten Lade- und Feuermechanismus. Dieses Replikat erm\u00f6glicht es Ihnen, das Gef\u00fchl historischer Waffen ohne die Risiken zu erleben.<\/p>\n<h3>Die Funktion des Steinschlosskarabiners<\/h3>\n<p>Die Steinschlosskarabiner hatten einen Feuerstein, der, wenn der Hammer ausgel\u00f6st wurde, den Funken erzeugte, der das Schie\u00dfpulver entz\u00fcndete. Diese Waffentypen erforderten das manuelle Nachladen ihrer Munition f\u00fcr jeden Schuss. Die Munition, die durch die M\u00fcndung des Laufs eingef\u00fchrt wurde, bestand aus Schie\u00dfpulver, Projektil und Papierpfropfen, der als Verschluss diente, um die beiden vorherigen im Laufinneren zusammenzupressen.<\/p>\n<h3>Historische Bedeutung<\/h3>\n<p>Urspr\u00fcnglich wurde der Kentucky-Karabiner im fr\u00fchen 18. Jahrhundert in Pennsylvania entwickelt und w\u00e4hrend des Unabh\u00e4ngigkeitskrieges (1775-1783) weit verbreitet, da die Siedler mit ihnen beim Jagen vertraut waren. Diese Karabiner begleiteten die ersten amerikanischen Entdecker bei der Eroberung des Westens und werden oft mit Daniel Boone und Davy Crockett in Verbindung gebracht. Als der amerikanische B\u00fcrgerkrieg ausbrach (1861-1865), verwendeten die Konf\u00f6derierten diese Gewehre aufgrund des Waffenmangels.<\/p>\n<h3>Der Unabh\u00e4ngigkeitskrieg und B\u00fcrgerkrieg<\/h3>\n<p>Der Amerikanische Unabh\u00e4ngigkeitskrieg war ein langer Konflikt, der die urspr\u00fcnglichen Dreizehn Britischen Kolonien in Nordamerika gegen das K\u00f6nigreich Gro\u00dfbritannien \u00fcber achteinhalb Jahre f\u00fchrte und mit der britischen Niederlage in der Schlacht von Yorktown und der Unterzeichnung des Vertrags von Paris endete. Der Amerikanische B\u00fcrgerkrieg war ein sehr bedeutsames Ereignis in der Geschichte der Vereinigten Staaten von Amerika, das zwischen 1861 und 1865 stattfand. Die beiden sich gegen\u00fcberstehenden Seiten waren die Streitkr\u00e4fte der Nordstaaten (die Union) gegen die neu gegr\u00fcndeten Konf\u00f6derierten Staaten von Amerika, die von elf S\u00fcdstaaten integriert wurden, die ihre Unabh\u00e4ngigkeit erkl\u00e4rten.<\/p>\n<h3>Geschichte Nachbilden<\/h3>\n<p>Erleben Sie die Amerikanische Revolution und den Amerikanischen B\u00fcrgerkrieg mit dieser historischen DENIX-Reproduktion des Karabiners! Perfekt f\u00fcr Sammler, Geschichtsinteressierte und Reenactors. Zeigen Sie Ihre Leidenschaft f\u00fcr Geschichte mit diesem detailreichen Sammlerst\u00fcck.<\/p>\n<ul>\n <li>Abmessungen: 110,5 cm<\/li>\n <li>Gewicht: 1.745 g<\/li>\n<\/ul>\n<p>Entdecken Sie unsere Auswahl an <a href=\"https:\/\/ak47.nu\/de\/butik\/\">historischen Waffenrepliken<\/a> und finden Sie die perfekte Nachbildung f\u00fcr Ihre Sammlung. Besuchen Sie unsere <a href=\"https:\/\/ak47.nu\/de\/replikor\/gevar-replikor\/\">Waffenkategorie<\/a>, um weitere Optionen zu sehen. Erfahren Sie mehr \u00fcber unser Sortiment auf <a href=\"https:\/\/ak47.nu\/de\/\">unserer Homepage<\/a>.<\/p>","protected":false},"excerpt":{"rendered":"<p>Hitta en perfekt replika av en Kentucky Carbine fr\u00e5n 1800-talet i USA. Utforska denna autentiska och historiska vapenmodell som \u00e4r tillg\u00e4nglig f\u00f6r k\u00f6p.<\/p>","protected":false},"featured_media":19315,"template":"","meta":[],"product_brand":[],"product_cat":[446],"product_tag":[],"class_list":{"0":"post-19318","1":"product","2":"type-product","3":"status-publish","4":"has-post-thumbnail","6":"product_cat-gevar-replikor","7":"pa_brand-denix","9":"first","10":"outofstock","11":"sale","12":"taxable","13":"shipping-taxable","14":"purchasable","15":"product-type-simple"},"_links":{"self":[{"href":"https:\/\/ak47.nu\/de\/wp-json\/wp\/v2\/product\/19318","targetHints":{"allow":["GET"]}}],"collection":[{"href":"https:\/\/ak47.nu\/de\/wp-json\/wp\/v2\/product"}],"about":[{"href":"https:\/\/ak47.nu\/de\/wp-json\/wp\/v2\/types\/product"}],"wp:featuredmedia":[{"embeddable":true,"href":"https:\/\/ak47.nu\/de\/wp-json\/wp\/v2\/media\/19315"}],"wp:attachment":[{"href":"https:\/\/ak47.nu\/de\/wp-json\/wp\/v2\/media?parent=19318"}],"wp:term":[{"taxonomy":"product_brand","embeddable":true,"href":"https:\/\/ak47.nu\/de\/wp-json\/wp\/v2\/product_brand?post=19318"},{"taxonomy":"product_cat","embeddable":true,"href":"https:\/\/ak47.nu\/de\/wp-json\/wp\/v2\/product_cat?post=19318"},{"taxonomy":"product_tag","embeddable":true,"href":"https:\/\/ak47.nu\/de\/wp-json\/wp\/v2\/product_tag?post=19318"}],"curies":[{"name":"wp","href":"https:\/\/api.w.org\/{rel}","templated":true}]}}