{"id":19349,"date":"2022-05-06T14:21:33","date_gmt":"2022-05-06T12:21:33","guid":{"rendered":"https:\/\/ak47.nu\/produkt\/replica-of-flintlock-pistol-england-18th-c\/"},"modified":"2025-12-03T19:25:35","modified_gmt":"2025-12-03T18:25:35","slug":"flintenpistole-replikat-18-jahrhundert","status":"publish","type":"product","link":"https:\/\/ak47.nu\/de\/produkt\/replikor\/aldre-vapen\/flintenpistole-replikat-18-jahrhundert\/","title":{"rendered":"Flintenpistole Replikat, England 18. Jh. | DENIX"},"content":{"rendered":"<h1>Replikat der Steinschlosspistole, England 18. Jh.<\/h1>\n<h2>Authentische Nachbildung einer historischen Pistole<\/h2>\n<p>Erleben Sie die Spannung historischer Duelle mit diesem detailgetreuen Replikat einer englischen Steinschlosspistole aus dem 18. Jahrhundert nach. Diese Reproduktion von <a href=\"https:\/\/ak47.nu\/de\/butik\/\">DENIX Replika-Waffen<\/a> ist aus Metall und Holz gefertigt und verf\u00fcgt \u00fcber einen simulierten Lade- und Z\u00fcndmechanismus, der ein realistisches Gef\u00fchl vermittelt, ohne eine funktionsf\u00e4hige Schusswaffe zu sein.<\/p>\n<h3>Der Steinschlossmechanismus<\/h3>\n<p>Steinschlosspistolen verwendeten einen Feuerstein, der beim Ausl\u00f6sen des Hahns einen Funken erzeugte, der das Schie\u00dfpulver entz\u00fcndete. Jeder Schuss erforderte das manuelle Nachladen der Munition, die aus Schie\u00dfpulver, einem Projektil und einem Papierpfropfen bestand, um alles im Lauf zu komprimieren.<\/p>\n<ul>\n <li>Hergestellt aus Metall und Holz<\/li>\n <li>Simulierter Lade- und Z\u00fcndmechanismus<\/li>\n <li>Realistisches Design basierend auf Modellen aus dem 18. Jahrhundert<\/li>\n<\/ul>\n<h3>Duelle und Ehre<\/h3>\n<p>Im Gegensatz zu Duellen mit Schwertern schuf die Verwendung dieser Waffen gleiche Wettbewerbsbedingungen. Diese Duelle entstanden oft aus dem Wunsch, eine Beleidigung der eigenen Ehre zu tilgen. Ziel war es meist nicht zu t\u00f6ten, sondern \u201eGenugtuung\u201c zu erlangen, indem man die Ehre wiederherstellte, auch wenn man dabei sein Leben riskierte. Diese <a href=\"https:\/\/ak47.nu\/de\/replikor\/aldre-vapen\/\">Replika Pistole<\/a> ist ein ikonisches St\u00fcck. In vielen L\u00e4ndern waren Duelle keine legale M\u00f6glichkeit, die Ehre wiederherzustellen, was die Duellanten zwang, sich an abgelegenen Orten zu treffen, meist im Morgengrauen.<\/p>\n<h3>Produktinformationen<\/h3>\n<ul>\n <li>Abmessungen: 37 cm<\/li>\n <li>Gewicht: 570 g<\/li>\n<\/ul>\n<p>Erleben Sie mit dieser historischen Nachbildung die aufregendsten Ehrenduelle noch einmal. Entdecken Sie unsere gro\u00dfe Auswahl an historischen Repliken und <a href=\"https:\/\/ak47.nu\/de\/\">entdecken Sie noch heute Ihren n\u00e4chsten Schatz<\/a>!<\/p>","protected":false},"excerpt":{"rendered":"<p>Replikat der Steinschlosspistole, England 18. Jh. Authentische Nachbildung einer historischen Pistole Erleben Sie die Spannung historischer Duelle mit diesem detailgetreuen Replikat einer englischen Steinschlosspistole aus dem 18. Jahrhundert nach. Diese Reproduktion von DENIX Replika-Waffen ist aus Metall und Holz gefertigt und verf\u00fcgt \u00fcber einen simulierten Lade- und Z\u00fcndmechanismus, der ein realistisches Gef\u00fchl vermittelt, ohne eine [&#8230;]","protected":false},"featured_media":19348,"template":"","meta":[],"product_brand":[],"product_cat":[447],"product_tag":[],"class_list":{"0":"post-19349","1":"product","2":"type-product","3":"status-publish","4":"has-post-thumbnail","6":"product_cat-aldre-vapen","7":"pa_brand-denix","8":"pa_farg-brun","10":"first","11":"outofstock","12":"taxable","13":"shipping-taxable","14":"purchasable","15":"product-type-simple"},"_links":{"self":[{"href":"https:\/\/ak47.nu\/de\/wp-json\/wp\/v2\/product\/19349","targetHints":{"allow":["GET"]}}],"collection":[{"href":"https:\/\/ak47.nu\/de\/wp-json\/wp\/v2\/product"}],"about":[{"href":"https:\/\/ak47.nu\/de\/wp-json\/wp\/v2\/types\/product"}],"wp:featuredmedia":[{"embeddable":true,"href":"https:\/\/ak47.nu\/de\/wp-json\/wp\/v2\/media\/19348"}],"wp:attachment":[{"href":"https:\/\/ak47.nu\/de\/wp-json\/wp\/v2\/media?parent=19349"}],"wp:term":[{"taxonomy":"product_brand","embeddable":true,"href":"https:\/\/ak47.nu\/de\/wp-json\/wp\/v2\/product_brand?post=19349"},{"taxonomy":"product_cat","embeddable":true,"href":"https:\/\/ak47.nu\/de\/wp-json\/wp\/v2\/product_cat?post=19349"},{"taxonomy":"product_tag","embeddable":true,"href":"https:\/\/ak47.nu\/de\/wp-json\/wp\/v2\/product_tag?post=19349"}],"curies":[{"name":"wp","href":"https:\/\/api.w.org\/{rel}","templated":true}]}}