{"id":19363,"date":"2022-05-06T14:21:47","date_gmt":"2022-05-06T12:21:47","guid":{"rendered":"https:\/\/ak47.nu\/produkt\/replica-of-percussion-philadelphia-deringer-pistol-usa-1862\/"},"modified":"2025-12-03T19:25:38","modified_gmt":"2025-12-03T18:25:38","slug":"philadelphia-derringer-pistole-replika-usa-1862","status":"publish","type":"product","link":"https:\/\/ak47.nu\/de\/produkt\/replikor\/aldre-vapen\/philadelphia-derringer-pistole-replika-usa-1862\/","title":{"rendered":"Philadelphia Derringer Pistole Replika, USA 1862"},"content":{"rendered":"<h1>Philadelphia Derringer Pistole Replika, USA 1862<\/h1>\n<h2>Erleben Sie Geschichte mit einer ikonischen Pistolenreplik<\/h2>\n<p>Erleben Sie ein St\u00fcck amerikanische Geschichte mit dieser detaillierten Nachbildung einer Philadelphia Derringer Pistole von 1862. Diese Reproduktion ist aus Metall und Kunststoff mit einer Holzschaftimitation gefertigt und verf\u00fcgt \u00fcber einen simulierten Lade- und Feuermechanismus. Perfekt f\u00fcr Sammler, Geschichtsinteressierte oder als einzigartiges Dekorationsst\u00fcck. Sp\u00fcren Sie das Echo der Vergangenheit mit dieser Denix-Replik!<\/p>\n\n<h3>Historischer Hintergrund<\/h3>\n<p>Die Philadelphia Derringer war eine M\u00fcndungs-Taschenpistole, die von Henry Deringer entworfen und zwischen 1852 und 1868 hergestellt wurde. Diese einsch\u00fcssige Pistole mit Perkussionsz\u00fcndung wurde auf sehr kurze Distanzen eingesetzt und oft paarweise verkauft, um ihre begrenzte Kraft und Zuverl\u00e4ssigkeit auszugleichen.<\/p>\n\n<h3>Beliebt bei Milit\u00e4r und Zivilisten<\/h3>\n<p>Der Derringer erfreute sich schnell gro\u00dfer Beliebtheit, zuerst bei Milit\u00e4roffizieren und dann bei Zivilisten, die eine kleine und leicht zu verbergende Pistole zur Selbstverteidigung suchten. Sie erlangte auch den ber\u00fcchtigten Ruf, ein Favorit unter Attent\u00e4tern und Pokerspielern zu sein.<\/p>\n\n<h3>Lincolns Schicksal<\/h3>\n<p>Im Jahr 1865 benutzte John Wilkes Booth einen Derringer, um Pr\u00e4sident Abraham Lincoln im Ford's Theatre zu ermorden, was die Pistole zu einem dunklen Teil der amerikanischen Geschichte macht.<\/p>\n\n<h3>Produktdetails:<\/h3>\n<ul>\n    <li><strong>Material:<\/strong> Metall und Kunststoff (Holzschaftimitation)<\/li>\n    <li><strong>Mechanismus:<\/strong> Simulierter Lade- und Feuermechanismus<\/li>\n    <li><strong>Abmessungen:<\/strong> 20 cm<\/li>\n    <li><strong>Gewicht:<\/strong> 416 g<\/li>\n<\/ul>\n\n<p>F\u00fcgen Sie diese historische Replik noch heute Ihrer Sammlung hinzu! Entdecken Sie unser Angebot an <a href=\"https:\/\/ak47.nu\/de\/butik\/\">anderen authentischen Repliken<\/a> und <a href=\"https:\/\/ak47.nu\/de\/replikor\/aldre-vapen\/\">historischen Waffen<\/a>. Besuchen Sie <a href=\"https:\/\/ak47.nu\/de\/\">unsere Homepage<\/a>, um unser gesamtes Sortiment zu sehen.<\/p>","protected":false},"excerpt":{"rendered":"<p>Philadelphia Derringer Pistole Replika, USA 1862 Erleben Sie Geschichte mit einer ikonischen Pistolenreplik Erleben Sie ein St\u00fcck amerikanische Geschichte mit dieser detaillierten Nachbildung einer Philadelphia Derringer Pistole von 1862. Diese Reproduktion ist aus Metall und Kunststoff mit einer Holzschaftimitation gefertigt und verf\u00fcgt \u00fcber einen simulierten Lade- und Feuermechanismus. Perfekt f\u00fcr Sammler, Geschichtsinteressierte oder als einzigartiges [&#8230;]","protected":false},"featured_media":19358,"template":"","meta":[],"product_brand":[],"product_cat":[447],"product_tag":[],"class_list":{"0":"post-19363","1":"product","2":"type-product","3":"status-publish","4":"has-post-thumbnail","6":"product_cat-aldre-vapen","7":"pa_brand-denix","9":"first","10":"instock","11":"taxable","12":"shipping-taxable","13":"purchasable","14":"product-type-simple"},"_links":{"self":[{"href":"https:\/\/ak47.nu\/de\/wp-json\/wp\/v2\/product\/19363","targetHints":{"allow":["GET"]}}],"collection":[{"href":"https:\/\/ak47.nu\/de\/wp-json\/wp\/v2\/product"}],"about":[{"href":"https:\/\/ak47.nu\/de\/wp-json\/wp\/v2\/types\/product"}],"wp:featuredmedia":[{"embeddable":true,"href":"https:\/\/ak47.nu\/de\/wp-json\/wp\/v2\/media\/19358"}],"wp:attachment":[{"href":"https:\/\/ak47.nu\/de\/wp-json\/wp\/v2\/media?parent=19363"}],"wp:term":[{"taxonomy":"product_brand","embeddable":true,"href":"https:\/\/ak47.nu\/de\/wp-json\/wp\/v2\/product_brand?post=19363"},{"taxonomy":"product_cat","embeddable":true,"href":"https:\/\/ak47.nu\/de\/wp-json\/wp\/v2\/product_cat?post=19363"},{"taxonomy":"product_tag","embeddable":true,"href":"https:\/\/ak47.nu\/de\/wp-json\/wp\/v2\/product_tag?post=19363"}],"curies":[{"name":"wp","href":"https:\/\/api.w.org\/{rel}","templated":true}]}}