{"id":19368,"date":"2022-05-06T14:21:53","date_gmt":"2022-05-06T12:21:53","guid":{"rendered":"https:\/\/ak47.nu\/produkt\/replica-of-percussion-philadelphia-deringer-pistol-usa-1862-2\/"},"modified":"2026-01-28T18:13:34","modified_gmt":"2026-01-28T17:13:34","slug":"replika-philadelphia-derringer-pistole-usa-1862","status":"publish","type":"product","link":"https:\/\/ak47.nu\/de\/produkt\/replikor\/aldre-vapen\/replika-philadelphia-derringer-pistole-usa-1862\/","title":{"rendered":"Replika Philadelphia Derringer Pistole USA 1862 | DENIX"},"content":{"rendered":"<h1>Replika der Philadelphia Derringer Perkussionspistole, USA 1862<\/h1>\n<h2>Historische Nachbildung einer Perkussionspistole<\/h2>\n<p>Erleben Sie Geschichte neu mit dieser detaillierten Nachbildung einer Philadelphia Derringer Pistole von 1862. Dieses Modell ist aus Metall und Kunststoff gefertigt, der Holzimitat darstellt, und verf\u00fcgt \u00fcber einen simulierten Lade- und Z\u00fcndmechanismus \u2013 ideal f\u00fcr Sammler und Geschichtsinteressierte.<\/p>\n<h3>Design und Funktion<\/h3>\n<p>Diese Derringer Philadelphia ist eine Reproduktion einer Vorderladerpistole, die von Henry Deringer entworfen und von 1852 bis 1868 hergestellt wurde. Das Original war eine einsch\u00fcssige Pistole mit einem Perkussionsz\u00fcndsystem, das f\u00fcr kurze Distanzen gedacht war. Diese Pistolen wurden aufgrund ihrer begrenzten Leistung und Zuverl\u00e4ssigkeit oft paarweise verkauft.<\/p>\n<ul>\n <li><strong>Material:<\/strong> Metall und Kunststoff (Holzimitat)<\/li>\n <li><strong>Mechanismus:<\/strong> Simuliertes Laden und Z\u00fcnden<\/li>\n <li><strong>Herkunft:<\/strong> USA, 1862<\/li>\n<\/ul>\n<h3>Historische Bedeutung<\/h3>\n<p>Die Derringer-Pistole erfreute sich gro\u00dfer Beliebtheit bei Milit\u00e4roffizieren und Zivilisten, die eine kleine, leicht zu verbergende Waffe zur Selbstverteidigung suchten. Sie erlangte auch den Ruf, eine von Attent\u00e4tern und Pokerspielern bevorzugte Waffe zu sein. Am bekanntesten ist, dass John Wilkes Booth mit einem Derringer Abraham Lincoln im Jahr 1865 ermordete.<\/p>\n<p>Abraham Lincoln, der 16. Pr\u00e4sident der USA, f\u00fchrte das Land w\u00e4hrend des Amerikanischen B\u00fcrgerkriegs. Seine F\u00fchrung bewahrte die Union, schaffte die Sklaverei ab und modernisierte die Wirtschaft.<\/p>\n<h3>Produktinformationen<\/h3>\n<ul>\n <li><strong>Abmessungen:<\/strong> 20 cm<\/li>\n <li><strong>Gewicht:<\/strong> 416 g<\/li>\n<\/ul>\n<p>F\u00fchlen Sie sich als Teil der amerikanischen Geschichte mit dieser Replika von <a href=\"https:\/\/ak47.nu\/de\/butik\/\">DENIX<\/a>. Entdecken Sie unser Angebot an <a href=\"https:\/\/ak47.nu\/de\/replikor\/aldre-vapen\/\">Replika-Waffen<\/a> und finden Sie weitere historische Gegenst\u00e4nde. Besuchen Sie unsere <a href=\"https:\/\/ak47.nu\/de\/\">Homepage<\/a>, um unser gesamtes Sortiment zu sehen.<\/p>","protected":false},"excerpt":{"rendered":"<p>Replika der Philadelphia Derringer Perkussionspistole, USA 1862 Historische Nachbildung einer Perkussionspistole Erleben Sie Geschichte neu mit dieser detaillierten Nachbildung einer Philadelphia Derringer Pistole von 1862. Dieses Modell ist aus Metall und Kunststoff gefertigt, der Holzimitat darstellt, und verf\u00fcgt \u00fcber einen simulierten Lade- und Z\u00fcndmechanismus \u2013 ideal f\u00fcr Sammler und Geschichtsinteressierte. Design und Funktion Diese Derringer [&#8230;]","protected":false},"featured_media":19364,"template":"","meta":[],"product_brand":[],"product_cat":[447],"product_tag":[],"class_list":{"0":"post-19368","1":"product","2":"type-product","3":"status-publish","4":"has-post-thumbnail","6":"product_cat-aldre-vapen","7":"pa_brand-denix","9":"first","10":"instock","11":"taxable","12":"shipping-taxable","13":"purchasable","14":"product-type-simple"},"_links":{"self":[{"href":"https:\/\/ak47.nu\/de\/wp-json\/wp\/v2\/product\/19368","targetHints":{"allow":["GET"]}}],"collection":[{"href":"https:\/\/ak47.nu\/de\/wp-json\/wp\/v2\/product"}],"about":[{"href":"https:\/\/ak47.nu\/de\/wp-json\/wp\/v2\/types\/product"}],"wp:featuredmedia":[{"embeddable":true,"href":"https:\/\/ak47.nu\/de\/wp-json\/wp\/v2\/media\/19364"}],"wp:attachment":[{"href":"https:\/\/ak47.nu\/de\/wp-json\/wp\/v2\/media?parent=19368"}],"wp:term":[{"taxonomy":"product_brand","embeddable":true,"href":"https:\/\/ak47.nu\/de\/wp-json\/wp\/v2\/product_brand?post=19368"},{"taxonomy":"product_cat","embeddable":true,"href":"https:\/\/ak47.nu\/de\/wp-json\/wp\/v2\/product_cat?post=19368"},{"taxonomy":"product_tag","embeddable":true,"href":"https:\/\/ak47.nu\/de\/wp-json\/wp\/v2\/product_tag?post=19368"}],"curies":[{"name":"wp","href":"https:\/\/api.w.org\/{rel}","templated":true}]}}