{"id":19448,"date":"2022-05-06T14:22:57","date_gmt":"2022-05-06T12:22:57","guid":{"rendered":"https:\/\/ak47.nu\/produkt\/replica-of-flintlock-pirate-pistol-18th-c\/"},"modified":"2026-02-24T11:28:35","modified_gmt":"2026-02-24T10:28:35","slug":"replikat-steinschlosspistole-18-jh","status":"publish","type":"product","link":"https:\/\/ak47.nu\/de\/produkt\/replikor\/aldre-vapen\/replikat-steinschlosspistole-18-jh\/","title":{"rendered":"Replikat Steinschlosspistole, 18. Jh. | DENIX"},"content":{"rendered":"<h1>Replikat einer Steinschlosspistole aus dem 18. Jahrhundert<\/h1>\n<h2>Authentische Nachbildung einer Piratenpistole<\/h2>\n<p>Diese Steinschlosspistole ist eine Nachbildung aus Holz und Metall mit einem simulierten Lade- und Schussmechanismus. Erleben Sie den Nervenkitzel der Karibik mit diesem historischen Replikat von Denix! <a href=\"https:\/\/ak47.nu\/de\/\">Entdecken Sie unser Sortiment<\/a> an Replikatwaffen und finden Sie Ihre Favoriten.<\/p>\n\n<h3>Funktionsweise der Steinschlosspistole<\/h3>\n<p>Steinschlosspistolen geh\u00f6rten im 18. Jahrhundert zu den gebr\u00e4uchlichsten Schusswaffen der Piraten. Sie hatten einen Feuerstein, der, wenn er durch den Hahn ausgel\u00f6st wurde, einen Funken erzeugte, der das Schie\u00dfpulver entz\u00fcndete. Jeder Schuss musste manuell nachgeladen werden. Die Patrone wurde durch die M\u00fcndung geladen und bestand aus Schie\u00dfpulver, einem Geschoss und einem Papierst\u00fcck, das die beiden Materialien im Lauf zusammenhielt.<\/p>\n\n<h3>Einsatz im Kampf<\/h3>\n<p>Im Kampf wurden diese Waffen typischerweise f\u00fcr einen einzigen Schuss verwendet, da das Nachladen langsam war. Nach Abgabe eines Schusses waren die Piraten gezwungen, ihre S\u00e4bel oder Schwerter zu ziehen oder die Pistole als Kn\u00fcppel zu benutzen, wenn sie keine Zeit zum Nachladen hatten. Vervollst\u00e4ndigen Sie Ihre <a href=\"https:\/\/ak47.nu\/de\/replikor\/aldre-vapen\/\">Piraten-Ausr\u00fcstung<\/a> mit diesem detailgetreuen Replikat.<\/p>\n\n<ul>\n  <li><strong>Material:<\/strong> Holz und Metall<\/li>\n  <li><strong>Mechanismus:<\/strong> Simuliertes Laden und Schie\u00dfen<\/li>\n<\/ul>\n\n<h3>Abmessungen und Gewicht<\/h3>\n<ul>\n  <li><strong>L\u00e4nge:<\/strong> 36 cm<\/li>\n  <li><strong>Gewicht:<\/strong> 550 g<\/li>\n<\/ul>\n\n<p>Erleben Sie die Piratenabenteuer der Karibik mit diesem historischen Denix-Replikat. Dieses <a href=\"https:\/\/ak47.nu\/de\/butik\/\">Steinschlosspistolen-Replikat<\/a> ist ideal f\u00fcr Sammler und Geschichtsbegeisterte!<\/p>","protected":false},"excerpt":{"rendered":"<p>Replikat einer Steinschlosspistole aus dem 18. Jahrhundert Authentische Nachbildung einer Piratenpistole Diese Steinschlosspistole ist eine Nachbildung aus Holz und Metall mit einem simulierten Lade- und Schussmechanismus. Erleben Sie den Nervenkitzel der Karibik mit diesem historischen Replikat von Denix! Entdecken Sie unser Sortiment an Replikatwaffen und finden Sie Ihre Favoriten. Funktionsweise der Steinschlosspistole Steinschlosspistolen geh\u00f6rten im [&#8230;]","protected":false},"featured_media":19446,"template":"","meta":[],"product_brand":[],"product_cat":[447],"product_tag":[],"class_list":{"0":"post-19448","1":"product","2":"type-product","3":"status-publish","4":"has-post-thumbnail","6":"product_cat-aldre-vapen","7":"pa_brand-denix","8":"pa_farg-guld","10":"first","11":"outofstock","12":"taxable","13":"shipping-taxable","14":"purchasable","15":"product-type-simple"},"_links":{"self":[{"href":"https:\/\/ak47.nu\/de\/wp-json\/wp\/v2\/product\/19448","targetHints":{"allow":["GET"]}}],"collection":[{"href":"https:\/\/ak47.nu\/de\/wp-json\/wp\/v2\/product"}],"about":[{"href":"https:\/\/ak47.nu\/de\/wp-json\/wp\/v2\/types\/product"}],"wp:featuredmedia":[{"embeddable":true,"href":"https:\/\/ak47.nu\/de\/wp-json\/wp\/v2\/media\/19446"}],"wp:attachment":[{"href":"https:\/\/ak47.nu\/de\/wp-json\/wp\/v2\/media?parent=19448"}],"wp:term":[{"taxonomy":"product_brand","embeddable":true,"href":"https:\/\/ak47.nu\/de\/wp-json\/wp\/v2\/product_brand?post=19448"},{"taxonomy":"product_cat","embeddable":true,"href":"https:\/\/ak47.nu\/de\/wp-json\/wp\/v2\/product_cat?post=19448"},{"taxonomy":"product_tag","embeddable":true,"href":"https:\/\/ak47.nu\/de\/wp-json\/wp\/v2\/product_tag?post=19448"}],"curies":[{"name":"wp","href":"https:\/\/api.w.org\/{rel}","templated":true}]}}