{"id":19450,"date":"2022-05-06T14:22:57","date_gmt":"2022-05-06T12:22:57","guid":{"rendered":"https:\/\/ak47.nu\/produkt\/replica-of-washingtons-pistol-england-18th-c\/"},"modified":"2026-04-05T11:17:35","modified_gmt":"2026-04-05T09:17:35","slug":"replikat-von-washingtons-pistole-england-18-jh","status":"publish","type":"product","link":"https:\/\/ak47.nu\/de\/produkt\/replikor\/aldre-vapen\/replikat-von-washingtons-pistole-england-18-jh\/","title":{"rendered":"Washingtons Pistole Replikat | DENIX"},"content":{"rendered":"<h1>Replikat von Washingtons Pistole, England 18. Jh.<\/h1>\n<h2>Erleben Sie Geschichte neu mit einem Replikat von George Washingtons Pistole<\/h2>\n<p>Dieses Replikat einer Steinschlosspistole ist aus Metall und Holz gefertigt und verf\u00fcgt \u00fcber einen Mechanismus zum Laden und Abfeuern. Es ist eine sch\u00f6ne Darstellung einer Pistole aus dem 18. Jahrhundert.<\/p>\n<p>Diese kunstvoll gefertigte Holzsteinschlosspistole wurde in England auf ausdr\u00fcckliche Anordnung von George Washington (1732-1799), dem Oberbefehlshaber der Kontinentalarmee der Revolutionsstreitkr\u00e4fte im Amerikanischen Unabh\u00e4ngigkeitskrieg (1775-1783) und ersten Pr\u00e4sidenten der Vereinigten Staaten von Amerika (1789-1797), hergestellt. Mit <a href=\"https:\/\/ak47.nu\/de\/butik\/\">diesemReplikat der Pistole <\/a> k\u00f6nnen Sie ein wichtiges St\u00fcck Geschichte noch einmal erleben.<\/p>\n<p>Der Unabh\u00e4ngigkeitskrieg der Vereinigten Staaten war ein langer Konflikt, in dem die urspr\u00fcnglichen dreizehn britischen Kolonien in Nordamerika achteinhalb Jahre lang gegen das K\u00f6nigreich Gro\u00dfbritannien k\u00e4mpften und mit der britischen Niederlage in der Schlacht von Yorktown und der Unterzeichnung des Vertrags von Paris endeten. Angesichts dieses Szenarios gelang es den Amerikanern, ihren Oberbefehlshaber George Washington aufgrund seines Temperaments und seiner F\u00e4higkeiten zu w\u00e4hlen; er war der ideale Mann f\u00fcr diese Art von Feldzug. Mehr \u00fcber <a href=\"https:\/\/ak47.nu\/de\/replikor\/aldre-vapen\/\">Replica Waffen<\/a> finden Sie hier.<\/p>\n<p>Erleben Sie eine der wichtigsten Episoden der Weltgeschichte mit dem Denix-Replikat dieser George-Washington-Pistole noch einmal. Das perfekte Geschenk oder Sammlerst\u00fcck f\u00fcr Geschichtsinteressierte. <a href=\"https:\/\/ak47.nu\/de\/\">Besuchen Sie unsere Website<\/a>, um unser gesamtes Angebot zu sehen.<\/p>\n<h3>Produktdetails:<\/h3>\n<ul>\n <li>Abmessungen: 36 cm<\/li>\n <li>Gewicht: 680 g<\/li>\n<\/ul>","protected":false},"excerpt":{"rendered":"<p>Replikat von Washingtons Pistole, England 18. Jh. Erleben Sie Geschichte neu mit einem Replikat von George Washingtons Pistole Dieses Replikat einer Steinschlosspistole ist aus Metall und Holz gefertigt und verf\u00fcgt \u00fcber einen Mechanismus zum Laden und Abfeuern. Es ist eine sch\u00f6ne Darstellung einer Pistole aus dem 18. Jahrhundert. Diese kunstvoll gefertigte Holzsteinschlosspistole wurde in England [&#8230;]","protected":false},"featured_media":19444,"template":"","meta":[],"product_brand":[],"product_cat":[447],"product_tag":[],"class_list":{"0":"post-19450","1":"product","2":"type-product","3":"status-publish","4":"has-post-thumbnail","6":"product_cat-aldre-vapen","7":"pa_brand-denix","8":"pa_farg-gra","10":"first","11":"outofstock","12":"taxable","13":"shipping-taxable","14":"purchasable","15":"product-type-simple"},"_links":{"self":[{"href":"https:\/\/ak47.nu\/de\/wp-json\/wp\/v2\/product\/19450","targetHints":{"allow":["GET"]}}],"collection":[{"href":"https:\/\/ak47.nu\/de\/wp-json\/wp\/v2\/product"}],"about":[{"href":"https:\/\/ak47.nu\/de\/wp-json\/wp\/v2\/types\/product"}],"wp:featuredmedia":[{"embeddable":true,"href":"https:\/\/ak47.nu\/de\/wp-json\/wp\/v2\/media\/19444"}],"wp:attachment":[{"href":"https:\/\/ak47.nu\/de\/wp-json\/wp\/v2\/media?parent=19450"}],"wp:term":[{"taxonomy":"product_brand","embeddable":true,"href":"https:\/\/ak47.nu\/de\/wp-json\/wp\/v2\/product_brand?post=19450"},{"taxonomy":"product_cat","embeddable":true,"href":"https:\/\/ak47.nu\/de\/wp-json\/wp\/v2\/product_cat?post=19450"},{"taxonomy":"product_tag","embeddable":true,"href":"https:\/\/ak47.nu\/de\/wp-json\/wp\/v2\/product_tag?post=19450"}],"curies":[{"name":"wp","href":"https:\/\/api.w.org\/{rel}","templated":true}]}}