{"id":19483,"date":"2022-05-06T14:23:17","date_gmt":"2022-05-06T12:23:17","guid":{"rendered":"https:\/\/ak47.nu\/produkt\/excalibur-king-arthurs-legendary-sword-by-denix\/"},"modified":"2025-12-03T19:48:10","modified_gmt":"2025-12-03T18:48:10","slug":"excalibur-koenig-arthurs-legendaeres-schwert-denix","status":"publish","type":"product","link":"https:\/\/ak47.nu\/de\/produkt\/replikor\/ovriga-vapen-replikor\/excalibur-koenig-arthurs-legendaeres-schwert-denix\/","title":{"rendered":"Excalibur K\u00f6nig Arthurs Legend\u00e4res Schwert | Denix"},"content":{"rendered":"<h1>Excalibur K\u00f6nig Arthurs Legend\u00e4res Schwert von Denix<\/h1>\n<h2>Erleben Sie die Legende von K\u00f6nig Artus mit Excalibur<\/h2>\n<p>Replikat von K\u00f6nig Artus' Schwert aus Metall und abnehmbarer, gef\u00fctterter Kunststoffscheide. Die Geschichte von K\u00f6nig Artus ist eng mit dem magischen und geheimnisvollen Schwert Excalibur verbunden, einem ikonischen Artefakt aus der Legende. Sein Name bedeutet \"Geschnittenes Stahl\", was auf seine vielen Eigenschaften anspielt. Es wurde auch gesagt, dass die Scheide von Excalibur die F\u00e4higkeit besa\u00df, den Tr\u00e4ger vor Schaden oder Verletzungen zu sch\u00fctzen.<\/p>\n<p>Es gibt verschiedene Legenden dar\u00fcber, wie Arthur dieses mythische Schwert erhielt. Zwei Hauptversionen sind hervorzuheben: Die erste erz\u00e4hlt von Excalibur als dem Schwert, das Arthur aus einem Stein zog, und die zweite, als dem Schwert, das dem jungen K\u00f6nig von der Herrin des Sees anvertraut wurde.<\/p>\n<h3>Excaliburs Ursprung Legenden Nach<\/h3>\n<p>Laut Geoffrey von Monmouth schmiedete Merlin das m\u00e4chtige Schwert Excalibur auf der Insel Avalon nach dem Tod von K\u00f6nig Uther Pendragon. Er vergrub es dann in einem Stahlanvil auf einem Felsen in der N\u00e4he von St. Paul. Wer das Schwert aus dem Amboss ziehen konnte, sollte der rechtm\u00e4\u00dfige K\u00f6nig von England sein. Als der junge Arthur das Alter von sechzehn Jahren erreichte, nahm sein Vater ihn und seine Br\u00fcder mit nach London, um an einem Turnier zwischen Rittern teilzunehmen. W\u00e4hrend er nach einem Schwert f\u00fcr seinen Bruder Kay suchte, ergriff Arthur Excalibur und zog es leicht aus dem Stein, was ihn automatisch zum K\u00f6nig kr\u00f6nte.<\/p>\n<h3>Werden Sie Teil Mittelalterlicher Schlachten<\/h3>\n<p>F\u00fchlen Sie sich mit diesem detaillierten Replikat als Teil der mittelalterlichen Schlachten an der Seite von K\u00f6nig Artus und den Rittern der Tafelrunde! Dieses Replikat hat die Abmessungen 111 cm und ein Gewicht von 1.580 g.  Perfekt f\u00fcr Sammler und Geschichtsbegeisterte.<\/p>\n<ul>\n<li><strong>Referenz:<\/strong> 4123<\/li>\n<li><strong>Abmessungen:<\/strong> 111 cm<\/li>\n<li><strong>Gewicht:<\/strong> 1.580 g<\/li>\n<\/ul>\n<p>Erleben Sie Geschichte und Legende mit diesem atemberaubenden Schwert. Entdecken Sie unsere Auswahl an <a href=\"https:\/\/ak47.nu\/de\/butik\/\">authentischen Repliken<\/a> und <a href=\"https:\/\/ak47.nu\/de\/replikor\/ovriga-vapen-replikor\/\">historischen Waffen<\/a>. Besuchen Sie unsere <a href=\"https:\/\/ak47.nu\/de\/\">Homepage<\/a> f\u00fcr weitere Informationen.<\/p>","protected":false},"excerpt":{"rendered":"<p>Excalibur, kung Arthur&#8217;s legendariska sv\u00e4rd, \u00e4r nu tillg\u00e4ngligt hos oss. Utforska v\u00e5r samling av h\u00f6gkvalitativa repliker som \u00e4r trogna originaldesignen. Upplev historiens magi och f\u00f6rv\u00e4rva detta ikoniska sv\u00e4rd f\u00f6r din egen samling eller som en unik present. Best\u00e4ll ditt Excalibur-sv\u00e4rd fr\u00e5n Denix idag och l\u00e5t legenden leva vidare.<\/p>","protected":false},"featured_media":19476,"template":"","meta":[],"product_brand":[],"product_cat":[448],"product_tag":[],"class_list":{"0":"post-19483","1":"product","2":"type-product","3":"status-publish","4":"has-post-thumbnail","6":"product_cat-ovriga-vapen-replikor","7":"pa_brand-denix","9":"first","10":"outofstock","11":"sale","12":"taxable","13":"shipping-taxable","14":"purchasable","15":"product-type-simple"},"_links":{"self":[{"href":"https:\/\/ak47.nu\/de\/wp-json\/wp\/v2\/product\/19483","targetHints":{"allow":["GET"]}}],"collection":[{"href":"https:\/\/ak47.nu\/de\/wp-json\/wp\/v2\/product"}],"about":[{"href":"https:\/\/ak47.nu\/de\/wp-json\/wp\/v2\/types\/product"}],"wp:featuredmedia":[{"embeddable":true,"href":"https:\/\/ak47.nu\/de\/wp-json\/wp\/v2\/media\/19476"}],"wp:attachment":[{"href":"https:\/\/ak47.nu\/de\/wp-json\/wp\/v2\/media?parent=19483"}],"wp:term":[{"taxonomy":"product_brand","embeddable":true,"href":"https:\/\/ak47.nu\/de\/wp-json\/wp\/v2\/product_brand?post=19483"},{"taxonomy":"product_cat","embeddable":true,"href":"https:\/\/ak47.nu\/de\/wp-json\/wp\/v2\/product_cat?post=19483"},{"taxonomy":"product_tag","embeddable":true,"href":"https:\/\/ak47.nu\/de\/wp-json\/wp\/v2\/product_tag?post=19483"}],"curies":[{"name":"wp","href":"https:\/\/api.w.org\/{rel}","templated":true}]}}