{"id":19518,"date":"2022-05-06T14:23:33","date_gmt":"2022-05-06T12:23:33","guid":{"rendered":"https:\/\/ak47.nu\/produkt\/leather-strap-to-mp40-replica\/"},"modified":"2025-12-03T19:46:54","modified_gmt":"2025-12-03T18:46:54","slug":"lederriemen-fuer-mp40-replika","status":"publish","type":"product","link":"https:\/\/ak47.nu\/de\/produkt\/replikor\/tillbehor-replikor\/lederriemen-fuer-mp40-replika\/","title":{"rendered":"Lederriemen f\u00fcr MP40 Replika"},"content":{"rendered":"<h1>Lederriemen f\u00fcr MP40 Replika<\/h1>\n<h2>Authentischer Lederriemen f\u00fcr Replika MP40<\/h2>\n<p>Dieser Lederriemen ist speziell f\u00fcr die Denix Replika MP40 konzipiert, kann aber auch f\u00fcr andere Repliken mit der gleichen Art von Befestigungen verwendet werden. Der Riemen ist aus hochwertigem Leder gefertigt und verleiht Ihrer Replika einen authentischen Touch. Bitte beachten Sie, dass sich das Angebot nur auf den abgebildeten Lederriemen bezieht, nicht auf die Replika selbst.<\/p>\n<p>Verbessern Sie das Aussehen Ihrer Replika MP40 mit diesem strapazierf\u00e4higen und gut verarbeiteten Lederriemen. Er ist einfach zu montieren und bietet eine sichere Befestigung. Entdecken Sie unser Angebot an <a href=\"https:\/\/ak47.nu\/de\/butik\/\">Replika-Zubeh\u00f6r<\/a>, um Ihre Sammlung zu vervollst\u00e4ndigen.<\/p>\n<ul>\n <li>Passend f\u00fcr Denix Replika MP40 und andere Repliken mit der gleichen Befestigung<\/li>\n <li>Hergestellt aus hochwertigem Leder<\/li>\n <li>Bietet ein authentisches Aussehen<\/li>\n <li>Einfach zu installieren<\/li>\n<\/ul>\n<p>Entdecken Sie weitere <a href=\"https:\/\/ak47.nu\/de\/replikor\/\">Replika-Waffen<\/a> in unserer Kollektion.  F\u00fcr weitere Informationen \u00fcber unser Unternehmen besuchen Sie <a href=\"https:\/\/ak47.nu\/de\/\">unsere Webseite<\/a>.<\/p>","protected":false},"excerpt":{"rendered":"<p>Lederriemen f\u00fcr MP40 Replika Authentischer Lederriemen f\u00fcr Replika MP40 Dieser Lederriemen ist speziell f\u00fcr die Denix Replika MP40 konzipiert, kann aber auch f\u00fcr andere Repliken mit der gleichen Art von Befestigungen verwendet werden. Der Riemen ist aus hochwertigem Leder gefertigt und verleiht Ihrer Replika einen authentischen Touch. Bitte beachten Sie, dass sich das Angebot nur [&#8230;]","protected":false},"featured_media":19511,"template":"","meta":[],"product_brand":[],"product_cat":[449],"product_tag":[],"class_list":{"0":"post-19518","1":"product","2":"type-product","3":"status-publish","4":"has-post-thumbnail","6":"product_cat-tillbehor-replikor","7":"pa_brand-denix","9":"first","10":"outofstock","11":"sale","12":"taxable","13":"shipping-taxable","14":"purchasable","15":"product-type-simple"},"_links":{"self":[{"href":"https:\/\/ak47.nu\/de\/wp-json\/wp\/v2\/product\/19518","targetHints":{"allow":["GET"]}}],"collection":[{"href":"https:\/\/ak47.nu\/de\/wp-json\/wp\/v2\/product"}],"about":[{"href":"https:\/\/ak47.nu\/de\/wp-json\/wp\/v2\/types\/product"}],"wp:featuredmedia":[{"embeddable":true,"href":"https:\/\/ak47.nu\/de\/wp-json\/wp\/v2\/media\/19511"}],"wp:attachment":[{"href":"https:\/\/ak47.nu\/de\/wp-json\/wp\/v2\/media?parent=19518"}],"wp:term":[{"taxonomy":"product_brand","embeddable":true,"href":"https:\/\/ak47.nu\/de\/wp-json\/wp\/v2\/product_brand?post=19518"},{"taxonomy":"product_cat","embeddable":true,"href":"https:\/\/ak47.nu\/de\/wp-json\/wp\/v2\/product_cat?post=19518"},{"taxonomy":"product_tag","embeddable":true,"href":"https:\/\/ak47.nu\/de\/wp-json\/wp\/v2\/product_tag?post=19518"}],"curies":[{"name":"wp","href":"https:\/\/api.w.org\/{rel}","templated":true}]}}