{"id":19606,"date":"2022-05-06T14:24:10","date_gmt":"2022-05-06T12:24:10","guid":{"rendered":"https:\/\/ak47.nu\/produkt\/replika-av-polis-chefs-skold\/"},"modified":"2025-08-21T10:57:52","modified_gmt":"2025-08-21T08:57:52","slug":"replikat-polizei-chef-schild","status":"publish","type":"product","link":"https:\/\/ak47.nu\/de\/produkt\/replikor\/tillbehor-replikor\/replikat-polizei-chef-schild\/","title":{"rendered":"Replikat Polizei Chef Schild | DENIX"},"content":{"rendered":"<h1>Replikat Polizei Chef Schild<\/h1>\n<h2>Historisches Replikat eines Sheriffsterns<\/h2>\n<p>Diese Nachbildung eines Sheriffsterns von DENIX ist aus Metall gefertigt und hat eine Nadel zur Befestigung an der Kleidung. Perfekt f\u00fcr alle, die in die Geschichte und Kultur des amerikanischen Westens eintauchen m\u00f6chten.<br><br>Das Wort \u201eSheriff\u201c stammt vom mittelalterlichen englischen Ausdruck \u201eshirereeve\u201c, der die Person bezeichnete, die f\u00fcr die Rechtsprechung in einer Grafschaft verantwortlich war. Heute gibt es Polizei- und Justizbeh\u00f6rden mit Sheriff-\u00e4hnlichen Befugnissen in mehreren L\u00e4ndern, darunter Gro\u00dfbritannien, die Vereinigten Staaten und Kanada.<\/p>\n<h3>Die Rolle des Sheriffs im amerikanischen Westen<\/h3>\n<p>Die ersten englischen Siedler brachten den Sheriff auf den amerikanischen Kontinent, um die Ordnung in den neuen Gemeinden aufrechtzuerhalten. W\u00e4hrend des Goldrauschs wurde ihre Anwesenheit noch wichtiger, und um diejenigen zu identifizieren, die das Gesetz vertraten, begannen sie, eine Marke auf der Brust zu tragen. Diese Marke diente als klares Symbol f\u00fcr Rang und Autorit\u00e4t.<\/p>\n<ul>\n<li><strong>Historisches Symbol:<\/strong> Ein erkennbares Zeichen von Autorit\u00e4t.<\/li>\n<li><strong>Ikonische Darstellung:<\/strong> Assoziiert mit Gerechtigkeit und Ordnung im amerikanischen Westen.<\/li>\n<\/ul>\n<h3>Die Entwicklung des Abzeichens im Laufe der Zeit<\/h3>\n<p>Urspr\u00fcnglich waren viele Abzeichen oval oder schildf\u00f6rmig, sp\u00e4ter wurden sie jedoch mit einem 5-zackigen Stern dargestellt, einem Symbol, das mit der Flagge der Vereinigten Staaten in Verbindung gebracht wird. Seitdem hat sich das Sheriff-Abzeichen zu einem 5-, 6- oder 7-zackigen Stern entwickelt. Heute verwenden die meisten Sheriffs ein Sternabzeichen, w\u00e4hrend Polizisten oft ein Schild- oder ovales Abzeichen verwenden. Bundesbeh\u00f6rden verwenden h\u00e4ufig Plaketten mit einem Adler auf dem Schild.<\/p>\n<p>Tauchen Sie ein in den amerikanischen Westen mit diesem historischen Replikat von DENIX. <a href=\"https:\/\/ak47.nu\/de\/butik\/\">Entdecken Sie unser Angebot an weiteren Western-inspirierten Repliken<\/a> und finden Sie weitere aufregende Artikel, die Ihre Sammlung erg\u00e4nzen. Verpassen Sie auch nicht unsere <a href=\"https:\/\/ak47.nu\/de\/replikor\/\">Repliken historischer Waffen<\/a>! Besuchen Sie <a href=\"https:\/\/ak47.nu\/de\/\">unsere Website<\/a>, um unser gesamtes Sortiment zu sehen.<\/p>\n<p>Abmessungen: 6,6 cm<br>Gewicht: 18 g<\/p>","protected":false},"excerpt":{"rendered":"<p>Replikat Polizei Chef Schild Historisches Replikat eines Sheriffsterns Diese Nachbildung eines Sheriffsterns von DENIX ist aus Metall gefertigt und hat eine Nadel zur Befestigung an der Kleidung. Perfekt f\u00fcr alle, die in die Geschichte und Kultur des amerikanischen Westens eintauchen m\u00f6chten.Das Wort \u201eSheriff\u201c stammt vom mittelalterlichen englischen Ausdruck \u201eshirereeve\u201c, der die Person bezeichnete, die f\u00fcr [&#8230;]","protected":false},"featured_media":19596,"template":"","meta":[],"product_brand":[],"product_cat":[441,449],"product_tag":[],"class_list":{"0":"post-19606","1":"product","2":"type-product","3":"status-publish","4":"has-post-thumbnail","6":"product_cat-replikor","7":"product_cat-tillbehor-replikor","8":"pa_brand-denix","9":"pa_farg-brons","11":"first","12":"instock","13":"sale","14":"taxable","15":"shipping-taxable","16":"purchasable","17":"product-type-simple"},"_links":{"self":[{"href":"https:\/\/ak47.nu\/de\/wp-json\/wp\/v2\/product\/19606","targetHints":{"allow":["GET"]}}],"collection":[{"href":"https:\/\/ak47.nu\/de\/wp-json\/wp\/v2\/product"}],"about":[{"href":"https:\/\/ak47.nu\/de\/wp-json\/wp\/v2\/types\/product"}],"wp:featuredmedia":[{"embeddable":true,"href":"https:\/\/ak47.nu\/de\/wp-json\/wp\/v2\/media\/19596"}],"wp:attachment":[{"href":"https:\/\/ak47.nu\/de\/wp-json\/wp\/v2\/media?parent=19606"}],"wp:term":[{"taxonomy":"product_brand","embeddable":true,"href":"https:\/\/ak47.nu\/de\/wp-json\/wp\/v2\/product_brand?post=19606"},{"taxonomy":"product_cat","embeddable":true,"href":"https:\/\/ak47.nu\/de\/wp-json\/wp\/v2\/product_cat?post=19606"},{"taxonomy":"product_tag","embeddable":true,"href":"https:\/\/ak47.nu\/de\/wp-json\/wp\/v2\/product_tag?post=19606"}],"curies":[{"name":"wp","href":"https:\/\/api.w.org\/{rel}","templated":true}]}}