{"id":19624,"date":"2022-05-06T14:24:43","date_gmt":"2022-05-06T12:24:43","guid":{"rendered":"https:\/\/ak47.nu\/produkt\/replica-magasin-till-sturmgewehr-44\/"},"modified":"2025-12-03T19:31:40","modified_gmt":"2025-12-03T18:31:40","slug":"replika-magazin-sturmgewehr-44","status":"publish","type":"product","link":"https:\/\/ak47.nu\/de\/produkt\/replikor\/tillbehor-replikor\/replika-magazin-sturmgewehr-44\/","title":{"rendered":"Replica Magazin f\u00fcr Sturmgewehr 44 | DENIX"},"content":{"rendered":"<h1>Replica Magazin f\u00fcr Sturmgewehr 44<\/h1>\n<h2>Authentische Replica Magazin Details<\/h2>\n<p>Dies ist eine stilvolle und realistische Nachbildung eines Magazins, das speziell f\u00fcr unsere Sturmgewehr 44 Replika entwickelt wurde. Perfekt f\u00fcr Sammler, Reenactors oder als dekoratives Zubeh\u00f6r. Bitte beachten Sie, dass dies eine nicht funktionsf\u00e4hige Replik ist; das Magazin kann nicht modifiziert werden, um funktionsf\u00e4hig zu werden. Erg\u00e4nzen Sie Ihre Sturmgewehr 44 Replika mit diesem detaillierten Magazin oder entdecken Sie unsere breite Auswahl an <a href=\"https:\/\/ak47.nu\/de\/butik\/\">authentischen Repliken<\/a>, um andere historische Waffen und Zubeh\u00f6r zu finden.<\/p>\n<h3>Hauptmerkmale:<\/h3>\n<ul>\n <li>Realistisches Design: Sorgf\u00e4ltig gefertigt, um das Original Sturmgewehr 44 Magazin nachzubilden.<\/li>\n <li>Nicht funktionsf\u00e4hig: Kann nicht f\u00fcr die Verwendung mit echten Waffen modifiziert werden.<\/li>\n <li>Perfekte Erg\u00e4nzung: Passt perfekt zu unserer Sturmgewehr 44 Replika.<\/li>\n<\/ul>\n<p>Tauchen Sie ein in die Geschichte und vervollst\u00e4ndigen Sie Ihre Sammlung mit dieser hochwertigen Replik. F\u00fcr weitere Informationen \u00fcber unsere Sammlerst\u00fccke besuchen Sie unsere <a href=\"https:\/\/ak47.nu\/de\/replikor\/\">Kategorie f\u00fcr Replikatwaffen<\/a>. Entdecken Sie unsere Auswahl an Repliken und historischen Gegenst\u00e4nden bei DENIX. Finden Sie noch heute Ihre n\u00e4chste Replik! Sehen Sie sich unser gesamtes Sortiment an und <a href=\"https:\/\/ak47.nu\/de\/\">besuchen Sie unsere Website<\/a>!<\/p>","protected":false},"excerpt":{"rendered":"<p>Hitta h\u00f6gkvalitativa replika magasin till Sturmgewehr 44 &#8211; b\u00e4sta priser och snabb leverans. Perfekt f\u00f6r samlare och entusiaster. K\u00f6p nu och f\u00f6rb\u00e4ttra din autentiska upplevelse.<\/p>","protected":false},"featured_media":19619,"template":"","meta":[],"product_brand":[],"product_cat":[449],"product_tag":[],"class_list":{"0":"post-19624","1":"product","2":"type-product","3":"status-publish","4":"has-post-thumbnail","6":"product_cat-tillbehor-replikor","7":"pa_brand-denix","9":"first","10":"outofstock","11":"taxable","12":"shipping-taxable","13":"purchasable","14":"product-type-simple"},"_links":{"self":[{"href":"https:\/\/ak47.nu\/de\/wp-json\/wp\/v2\/product\/19624","targetHints":{"allow":["GET"]}}],"collection":[{"href":"https:\/\/ak47.nu\/de\/wp-json\/wp\/v2\/product"}],"about":[{"href":"https:\/\/ak47.nu\/de\/wp-json\/wp\/v2\/types\/product"}],"wp:featuredmedia":[{"embeddable":true,"href":"https:\/\/ak47.nu\/de\/wp-json\/wp\/v2\/media\/19619"}],"wp:attachment":[{"href":"https:\/\/ak47.nu\/de\/wp-json\/wp\/v2\/media?parent=19624"}],"wp:term":[{"taxonomy":"product_brand","embeddable":true,"href":"https:\/\/ak47.nu\/de\/wp-json\/wp\/v2\/product_brand?post=19624"},{"taxonomy":"product_cat","embeddable":true,"href":"https:\/\/ak47.nu\/de\/wp-json\/wp\/v2\/product_cat?post=19624"},{"taxonomy":"product_tag","embeddable":true,"href":"https:\/\/ak47.nu\/de\/wp-json\/wp\/v2\/product_tag?post=19624"}],"curies":[{"name":"wp","href":"https:\/\/api.w.org\/{rel}","templated":true}]}}