{"id":19802,"date":"2022-05-07T10:37:43","date_gmt":"2022-05-07T08:37:43","guid":{"rendered":"https:\/\/ak47.nu\/produkt\/ics-grenade-launcher-40-mm\/"},"modified":"2025-12-03T20:09:13","modified_gmt":"2025-12-03T19:09:13","slug":"ics-granatwerfer-40-mm","status":"publish","type":"product","link":"https:\/\/ak47.nu\/de\/produkt\/airsoft\/grongas\/ovriga-vapen-grongas\/ics-granatwerfer-40-mm\/","title":{"rendered":"ICS 40mm Granatwerfer | MGL Replikat"},"content":{"rendered":"<h1>ICS 40 mm Granatwerfer<\/h1>\n<h2>MGL Revolver Granatwerfer Replikat<\/h2>\n<p>Ein kompromissloses Replikat, das es erm\u00f6glicht, innerhalb von Sekunden 6 Granaten abzufeuern und dadurch \u00fcber 1000 BBs blitzschnell auf das Schlachtfeld zu bringen. Der Werfer wird mit allen standardm\u00e4\u00dfigen 40-mm-Airsoft-Granaten (130 mm lang) betrieben.<\/p>\n<p>Der Granatwerfer wurde haupts\u00e4chlich aus Polymeren hergestellt, um das Gewicht so weit wie m\u00f6glich zu reduzieren, was sich nach dem Laden von 6 Granaten (nicht im Lieferumfang enthalten) erheblich erh\u00f6hen kann. Es handelt sich um einen Revolvergranatwerfer, was bedeutet, dass er ein Trommelmagazin hat und jeder Zug am Abzug neben dem Spannen des Schlagbolzens auch die Trommel um eine Kammer weiterdreht. Damit sich die Trommel mit jedem Zug am Abzug drehen kann, muss der Drehmechanismus zun\u00e4chst gegen den Uhrzeigersinn aufgezogen werden. Entdecke <a href=\"https:\/\/ak47.nu\/de\/butik\/\">unsere Airsoft-Waffen<\/a>.<\/p>\n<p>Der Schaft ist aus der M4-Serie bekannt und in der L\u00e4nge verstellbar. Er bietet auch die M\u00f6glichkeit, den Winkel zu w\u00e4hlen, was beim Schie\u00dfen auf einer parabolischen Flugbahn n\u00fctzlich ist. Dank der Vorderseite mit Picatinny-Schienen und der oberen Montageschiene kann das Replikat mit zus\u00e4tzlichem Zubeh\u00f6r wie optischen Visieren, Griffen usw. ausgestattet werden. Der vertikale Vordergriff geh\u00f6rt zur Standardausstattung des Replikas.<\/p>\n<p>Das zus\u00e4tzliche Zubeh\u00f6r, das auf einigen Bildern zu sehen ist, ist nicht Teil des Sets. Eine vollst\u00e4ndige Liste des Inhalts des Sets findest du unten. Sieh dich bei unserem <a href=\"https:\/\/ak47.nu\/de\/airsoft\/\">Airsoft Zubeh\u00f6r<\/a> um. <\/p>\n<h3>Das Set enth\u00e4lt:<\/h3>\n<ul>\n<li>Granatwerfer<\/li>\n<li>Vertikaler Griff<\/li>\n<li>Anleitung<\/li>\n<\/ul>\n<p>Erlebe schnelle Feuerkraft und dominiere das Airsoft-Feld mit diesem MGL-Granatwerfer. Passe den Winkel des Schafts f\u00fcr optimale Pr\u00e4zision an. Hol ihn dir noch heute und bring dein Spiel auf die n\u00e4chste Stufe! Mehr <a href=\"https:\/\/ak47.nu\/de\/\">Informationen \u00fcber uns<\/a> findest du auf unserer Webseite.<\/p>","protected":false},"excerpt":{"rendered":"<p>ICS 40 mm Granatwerfer MGL Revolver Granatwerfer Replikat Ein kompromissloses Replikat, das es erm\u00f6glicht, innerhalb von Sekunden 6 Granaten abzufeuern und dadurch \u00fcber 1000 BBs blitzschnell auf das Schlachtfeld zu bringen. Der Werfer wird mit allen standardm\u00e4\u00dfigen 40-mm-Airsoft-Granaten (130 mm lang) betrieben. Der Granatwerfer wurde haupts\u00e4chlich aus Polymeren hergestellt, um das Gewicht so weit wie [&#8230;]","protected":false},"featured_media":19797,"template":"","meta":[],"product_brand":[],"product_cat":[416],"product_tag":[],"class_list":{"0":"post-19802","1":"product","2":"type-product","3":"status-publish","4":"has-post-thumbnail","6":"product_cat-ovriga-vapen-grongas","7":"pa_brand-ics","9":"first","10":"outofstock","11":"taxable","12":"shipping-taxable","13":"purchasable","14":"product-type-simple"},"_links":{"self":[{"href":"https:\/\/ak47.nu\/de\/wp-json\/wp\/v2\/product\/19802","targetHints":{"allow":["GET"]}}],"collection":[{"href":"https:\/\/ak47.nu\/de\/wp-json\/wp\/v2\/product"}],"about":[{"href":"https:\/\/ak47.nu\/de\/wp-json\/wp\/v2\/types\/product"}],"wp:featuredmedia":[{"embeddable":true,"href":"https:\/\/ak47.nu\/de\/wp-json\/wp\/v2\/media\/19797"}],"wp:attachment":[{"href":"https:\/\/ak47.nu\/de\/wp-json\/wp\/v2\/media?parent=19802"}],"wp:term":[{"taxonomy":"product_brand","embeddable":true,"href":"https:\/\/ak47.nu\/de\/wp-json\/wp\/v2\/product_brand?post=19802"},{"taxonomy":"product_cat","embeddable":true,"href":"https:\/\/ak47.nu\/de\/wp-json\/wp\/v2\/product_cat?post=19802"},{"taxonomy":"product_tag","embeddable":true,"href":"https:\/\/ak47.nu\/de\/wp-json\/wp\/v2\/product_tag?post=19802"}],"curies":[{"name":"wp","href":"https:\/\/api.w.org\/{rel}","templated":true}]}}