{"id":19829,"date":"2022-05-07T10:38:21","date_gmt":"2022-05-07T08:38:21","guid":{"rendered":"https:\/\/ak47.nu\/produkt\/hfc-grenade-launcher-40-6mm-green-gas-driven-airsoft\/"},"modified":"2025-12-03T20:07:39","modified_gmt":"2025-12-03T19:07:39","slug":"hfc-granatwerfer-40-6mm-green-gas-airsoft","status":"publish","type":"product","link":"https:\/\/ak47.nu\/de\/produkt\/airsoft\/grongas\/ovriga-vapen-grongas\/hfc-granatwerfer-40-6mm-green-gas-airsoft\/","title":{"rendered":"HFC Granatwerfer >40 6mm Green Gas Airsoft"},"content":{"rendered":"<h1>HFC Granatwerfer >40 6mm Green Gas Airsoft<\/h1>\n<h2>Kompakter und leistungsstarker Airsoft-Granatwerfer<\/h2>\n<p>Der HFC Granatwerfer ist ein cooles und effektives Zubeh\u00f6r f\u00fcr Ihre Pistole oder SMG. Klein und leicht, aber mit einer Schlagkraft, die einem gr\u00f6\u00dferen Werfer w\u00fcrdig ist.<\/p>\n<p>Der Granatwerfer besteht haupts\u00e4chlich aus Aluminium, wodurch sein Gewicht proportional zur geringen Gr\u00f6\u00dfe bleibt. Ideal geeignet zur Montage an einer Pistole, Maschinenpistole oder einem Sturmgewehr. Er eignet sich hervorragend f\u00fcr CQB-Szenarien (Close Quarters Battle). Seine kompakte Bauweise sorgt f\u00fcr eine gro\u00dfe Wirkung, da er bis zu 40 BBs mit einer Reichweite von 19 bis 30 Metern aufnehmen kann.<\/p>\n<h3>Hauptmerkmale:<\/h3>\n<ul>\n <li><strong>Material:<\/strong> Gefertigt aus Aluminium f\u00fcr geringes Gewicht und hohe Haltbarkeit.<\/li>\n <li><strong>Montage:<\/strong> Angepasst zur Montage auf einer Picatinny-Schiene.<\/li>\n <li><strong>Zus\u00e4tzliche Schiene:<\/strong> Verf\u00fcgt \u00fcber eine zus\u00e4tzliche Picatinny-Schiene zur Anbringung von Zubeh\u00f6r wie einer Taschenlampe.<\/li>\n <li><strong>Kapazit\u00e4t:<\/strong> Bietet Platz f\u00fcr bis zu 40 BBs.<\/li>\n <li><strong>Reichweite:<\/strong> Effektive Reichweite von 19 bis 30 Metern.<\/li>\n<\/ul>\n<h3>Spezifikationen:<\/h3>\n<ul>\n <li>Gewicht: 180 g<\/li>\n <li>Magazintyp: Green Gas<\/li>\n <li>Blowback: Nein<\/li>\n <li>Material: Aluminium<\/li>\n <li>Farbe: Schwarz<\/li>\n <li>Breite: 300\/350 mm<\/li>\n <li>Munition: .23g, .20g<\/li>\n <li>Code: HG-138B264<\/li>\n<\/ul>\n<p>Verbessern Sie Ihr Airsoft-Erlebnis mit diesem Granatwerfer von HFC. Seine geringe Gr\u00f6\u00dfe und die einfache Montage machen ihn zu einer vielseitigen Erg\u00e4nzung Ihrer Ausr\u00fcstung. <a href=\"https:\/\/ak47.nu\/de\/butik\/\">Entdecken Sie weiteres Airsoft-Zubeh\u00f6r<\/a> in unserem Sortiment. Perfekt f\u00fcr Spieler, die in CQB-Szenarien dominieren wollen. Erweitern Sie Ihre Anpassungsm\u00f6glichkeiten, indem Sie die zus\u00e4tzliche Picatinny-Schiene zur Befestigung einer kompatiblen <a href=\"https:\/\/ak47.nu\/de\/airsoft\/\">Taschenlampe<\/a> nutzen. Besuchen Sie unsere <a href=\"https:\/\/ak47.nu\/de\/\">Homepage<\/a> f\u00fcr weitere Produkte und Sonderangebote.<\/p>","protected":false},"excerpt":{"rendered":"<p>HFC Granatwerfer >40 6mm Green Gas Airsoft Kompakter und leistungsstarker Airsoft-Granatwerfer Der HFC Granatwerfer ist ein cooles und effektives Zubeh\u00f6r f\u00fcr Ihre Pistole oder SMG. Klein und leicht, aber mit einer Schlagkraft, die einem gr\u00f6\u00dferen Werfer w\u00fcrdig ist. Der Granatwerfer besteht haupts\u00e4chlich aus Aluminium, wodurch sein Gewicht proportional zur geringen Gr\u00f6\u00dfe bleibt. Ideal geeignet zur [&#8230;]","protected":false},"featured_media":19824,"template":"","meta":[],"product_brand":[],"product_cat":[416],"product_tag":[],"class_list":{"0":"post-19829","1":"product","2":"type-product","3":"status-publish","4":"has-post-thumbnail","6":"product_cat-ovriga-vapen-grongas","7":"pa_brand-hfc","9":"first","10":"outofstock","11":"sale","12":"taxable","13":"shipping-taxable","14":"purchasable","15":"product-type-simple"},"_links":{"self":[{"href":"https:\/\/ak47.nu\/de\/wp-json\/wp\/v2\/product\/19829","targetHints":{"allow":["GET"]}}],"collection":[{"href":"https:\/\/ak47.nu\/de\/wp-json\/wp\/v2\/product"}],"about":[{"href":"https:\/\/ak47.nu\/de\/wp-json\/wp\/v2\/types\/product"}],"wp:featuredmedia":[{"embeddable":true,"href":"https:\/\/ak47.nu\/de\/wp-json\/wp\/v2\/media\/19824"}],"wp:attachment":[{"href":"https:\/\/ak47.nu\/de\/wp-json\/wp\/v2\/media?parent=19829"}],"wp:term":[{"taxonomy":"product_brand","embeddable":true,"href":"https:\/\/ak47.nu\/de\/wp-json\/wp\/v2\/product_brand?post=19829"},{"taxonomy":"product_cat","embeddable":true,"href":"https:\/\/ak47.nu\/de\/wp-json\/wp\/v2\/product_cat?post=19829"},{"taxonomy":"product_tag","embeddable":true,"href":"https:\/\/ak47.nu\/de\/wp-json\/wp\/v2\/product_tag?post=19829"}],"curies":[{"name":"wp","href":"https:\/\/api.w.org\/{rel}","templated":true}]}}