{"id":19859,"date":"2022-05-07T10:39:54","date_gmt":"2022-05-07T08:39:54","guid":{"rendered":"https:\/\/ak47.nu\/produkt\/cyma-cm-125-black-elektrisk-6mm-airsoft-replica\/"},"modified":"2025-12-03T20:12:09","modified_gmt":"2025-12-03T19:12:09","slug":"cyma-cm-125-schwarz-elektrische-airsoft-replika","status":"publish","type":"product","link":"https:\/\/ak47.nu\/de\/produkt\/airsoft\/el-drivna\/pistoler\/cyma-cm-125-schwarz-elektrische-airsoft-replika\/","title":{"rendered":"CYMA CM.125 Airsoft Pistole - Schwarz Elektrische Replika"},"content":{"rendered":"<h1>CYMA CM.125 - Schwarze Elektrische 6mm Airsoft-Replika<\/h1>\n<h2>Elektrische Pistolenreplika von CYMA<\/h2>\n<p>Die CM125-Replika von Cyma ist eine ausgezeichnete Alternative zu Modellen mit Antrieb durch gr\u00fcnes Gas. Der obere Teil der Replika besteht aus einer Zink- und Aluminiumlegierung, w\u00e4hrend der Pistolengriff aus robustem Kunststoff gefertigt ist. Angetrieben von einem 7,2-V-Akku anstelle von gr\u00fcnem Gas arbeitet sie auf einer Basis \u00e4hnlich den AEG-Karabinern. Der Abfeuermechanismus verwendet einen Elektromotor, der vertikal im Pistolengriff platziert ist, wobei sich der Akku bequem unter dem Zylinder befindet. Genau wie das Original kann es zwischen halbautomatischen und vollautomatischen Feuermodi wechseln. M\u00f6chten Sie weitere Airsoft-Replikate erkunden? Sehen Sie sich unser Angebot an <a href=\"https:\/\/ak47.nu\/de\/butik\/\">anderen Modellen<\/a> an.<\/p>\n\n<h3>Funktionen und Vorteile<\/h3>\n<ul>\n    <li><strong>Elektrisch betrieben:<\/strong> Eliminiert die Notwendigkeit von gr\u00fcnem Gas und bietet eine konsistentere Leistung.<\/li>\n    <li><strong>Metall- und Kunststoffkonstruktion:<\/strong> Bietet ein Gleichgewicht zwischen Haltbarkeit und leichtem Design.<\/li>\n    <li><strong>Halb- und vollautomatischer Modus:<\/strong> Flexibilit\u00e4t in Kampfsituationen.<\/li>\n    <li><strong>Low-Cap-Magazin:<\/strong> Realistisches Erlebnis mit einer Kapazit\u00e4t von 29 Schuss.<\/li>\n<\/ul>\n\n<h3>Paket beinhaltet:<\/h3>\n<ul>\n    <li>1 x CM125-Replika<\/li>\n    <li>1 x Magazin<\/li>\n    <li>1 x Magazin-Ladeger\u00e4t<\/li>\n<\/ul>\n\n<p><strong>Hinweis:<\/strong> Akku nicht enthalten. Akkuspannung: 7,2 V. Dieses Modell hat keine Blow-Back-Funktion. Getriebeversion: Spezialgetriebe. Hop-Up: Ja. Hergestellt aus Kunststoff und Metall. Magazinkapazit\u00e4t: 29 Schuss. Magazintyp: Low-Cap-Magazin. Angetrieben durch elektrischen Strom. Feuermodus: Einzeln, automatisch. Geschwindigkeit: ~190 FPS. Hersteller: CYMA. Stellen Sie sicher, dass Sie das richtige <a href=\"https:\/\/ak47.nu\/de\/airsoft\/\">Airsoft-Zubeh\u00f6r<\/a> haben, um Ihr Erlebnis zu optimieren. F\u00fcr weitere Informationen besuchen Sie unsere <a href=\"https:\/\/ak47.nu\/de\/\">Homepage<\/a>.<\/p>","protected":false},"excerpt":{"rendered":"<p>K\u00f6p CYMA CM.125 &#8211; black &#8211; Elektrisk 6mm Airsoft replica online hos. Vi erbjuder h\u00f6gkvalitativa och p\u00e5litliga airsoft-replikor till konkurrenskraftiga priser. Utforska v\u00e5rt breda utbud av CYMA CM.125 &#8211; black &#8211; Elektrisk 6mm Airsoft replicas och njut av autentiskt spel och realistiskt utseende. Best\u00e4ll nu och f\u00e5 snabb leverans och en fantastisk spelupplevelse.<\/p>","protected":false},"featured_media":19854,"template":"","meta":[],"product_brand":[],"product_cat":[399],"product_tag":[],"class_list":{"0":"post-19859","1":"product","2":"type-product","3":"status-publish","4":"has-post-thumbnail","6":"product_cat-pistoler","7":"pa_brand-cyma","9":"first","10":"instock","11":"sale","12":"taxable","13":"shipping-taxable","14":"purchasable","15":"product-type-simple"},"_links":{"self":[{"href":"https:\/\/ak47.nu\/de\/wp-json\/wp\/v2\/product\/19859","targetHints":{"allow":["GET"]}}],"collection":[{"href":"https:\/\/ak47.nu\/de\/wp-json\/wp\/v2\/product"}],"about":[{"href":"https:\/\/ak47.nu\/de\/wp-json\/wp\/v2\/types\/product"}],"wp:featuredmedia":[{"embeddable":true,"href":"https:\/\/ak47.nu\/de\/wp-json\/wp\/v2\/media\/19854"}],"wp:attachment":[{"href":"https:\/\/ak47.nu\/de\/wp-json\/wp\/v2\/media?parent=19859"}],"wp:term":[{"taxonomy":"product_brand","embeddable":true,"href":"https:\/\/ak47.nu\/de\/wp-json\/wp\/v2\/product_brand?post=19859"},{"taxonomy":"product_cat","embeddable":true,"href":"https:\/\/ak47.nu\/de\/wp-json\/wp\/v2\/product_cat?post=19859"},{"taxonomy":"product_tag","embeddable":true,"href":"https:\/\/ak47.nu\/de\/wp-json\/wp\/v2\/product_tag?post=19859"}],"curies":[{"name":"wp","href":"https:\/\/api.w.org\/{rel}","templated":true}]}}