{"id":19877,"date":"2022-05-07T10:40:11","date_gmt":"2022-05-07T08:40:11","guid":{"rendered":"https:\/\/ak47.nu\/produkt\/cyma-cm-127-electric-6mm-airsoft-replica\/"},"modified":"2026-02-09T16:32:34","modified_gmt":"2026-02-09T15:32:34","slug":"cyma-cm-127-elektrische-airsoft-replik","status":"publish","type":"product","link":"https:\/\/ak47.nu\/de\/produkt\/airsoft\/el-drivna\/pistoler\/cyma-cm-127-elektrische-airsoft-replik\/","title":{"rendered":"CYMA CM.127 Elektrische Airsoft Replik | Top Qualit\u00e4t"},"content":{"rendered":"<h1>CYMA CM.127 Elektrische 6mm Airsoft Replik<\/h1>\n<h2>Vielseitige Pistolenreplik f\u00fcr jedes Wetter<\/h2>\n<p>Die CM127 von Cyma ist eine hervorragende Alternative zu gasbetriebenen Modellen. Diese Replik besteht haupts\u00e4chlich aus Polymer, einschlie\u00dflich des Rahmens, des Schlittens und des Abzugs. Ein fl\u00fcgelf\u00f6rmiger Feuermodus-Wahlschalter befindet sich an der R\u00fcckseite des Schlittens, w\u00e4hrend die Sicherung auf der rechten Seite des Rahmens angebracht ist. Diese Replik kann im Halbautomatik- und Vollautomatik-Modus feuern und ist somit eine \u00e4u\u00dferst effektive Seitenwaffe, die sich sogar als Prim\u00e4rwaffe in CQB-Szenarien eignet.<\/p>\n\n<h3>Batteriebetriebenes Design f\u00fcr den ganzj\u00e4hrigen Einsatz<\/h3>\n<p>Die Replik wird von einer Batterie unter dem Dummy-Schlitten angetrieben. Um den Schlitten zu entfernen, muss lediglich ein Schlosschieber bet\u00e4tigt werden, wodurch der Batteriewechsel schnell und problemlos erfolgt. Der Elektromotor gew\u00e4hrleistet eine zuverl\u00e4ssige Leistung bei allen Wetterbedingungen und bietet einen erheblichen Vorteil gegen\u00fcber gasbetriebenen Modellen. Der Zugriff auf den Hop-Up-Einstellknopf erfordert das Entfernen des Schlittens.<\/p>\n\n<h3>Magazin und Kompatibilit\u00e4t<\/h3>\n<p>Im Set enthalten ist ein Metallmagazin mit einer Kapazit\u00e4t von bis zu 29 BBs. Die Replik ist mit Standard-AEP-Magazinen von Cyma kompatibel, was mehr Flexibilit\u00e4t und Optionen bietet. Sind Sie auf der Suche nach anderen <a href=\"https:\/\/ak47.nu\/de\/butik\/\">Airsoft-Pistolen<\/a>? Sehen Sie sich unsere gro\u00dfe Auswahl an. Verpassen Sie nicht unser Angebot an <a href=\"https:\/\/ak47.nu\/de\/airsoft\/\">Airsoft-Zubeh\u00f6r<\/a>, um Ihre Ausr\u00fcstung zu vervollst\u00e4ndigen. Besuchen Sie <a href=\"https:\/\/ak47.nu\/de\/\">unsere Website<\/a>, um unser gesamtes Sortiment zu sehen.<\/p>\n\n<ul>\n<li>Name: CM127<\/li>\n<li>Hersteller: CYMA<\/li>\n<li>Garantie: 12 Monate<\/li>\n<li>Geschwindigkeit [FPS]: ~200<\/li>\n<li>Antrieb: Elektrisch<\/li>\n<li>Gearbox Version: Special Gearbox<\/li>\n<li>Feuertyp: Einzeln, automatisch<\/li>\n<li>L\u00e4nge [mm]: 205<\/li>\n<li>Gewicht [g]: 577<\/li>\n<li>Magazintyp: Low-Cap Magazin<\/li>\n<li>Magazinkapazit\u00e4t [St\u00fcck]: 29<\/li>\n<li>Hop-up: Ja, einstellbar<\/li>\n<li>Blow Back: Nein<\/li>\n<li>Material: Kunststoff + Metall<\/li>\n<li>Batterie nicht enthalten: Ni-MH<\/li>\n<li>Batteriespannung [V]: 7,2<\/li>\n<\/ul>\n\n<p><strong>Das Set beinhaltet:<\/strong><\/p>\n<ul>\n<li>Replik<\/li>\n<li>Magazin<\/li>\n<li>Magazin Speedloader<\/li>\n<li>Reinigungsstab<\/li>\n<\/ul>","protected":false},"excerpt":{"rendered":"<p>CYMA CM.127 Elektrische 6mm Airsoft Replik Vielseitige Pistolenreplik f\u00fcr jedes Wetter Die CM127 von Cyma ist eine hervorragende Alternative zu gasbetriebenen Modellen. Diese Replik besteht haupts\u00e4chlich aus Polymer, einschlie\u00dflich des Rahmens, des Schlittens und des Abzugs. Ein fl\u00fcgelf\u00f6rmiger Feuermodus-Wahlschalter befindet sich an der R\u00fcckseite des Schlittens, w\u00e4hrend die Sicherung auf der rechten Seite des Rahmens [&#8230;]","protected":false},"featured_media":19872,"template":"","meta":[],"product_brand":[],"product_cat":[399],"product_tag":[],"class_list":{"0":"post-19877","1":"product","2":"type-product","3":"status-publish","4":"has-post-thumbnail","6":"product_cat-pistoler","7":"pa_brand-cyma","9":"first","10":"instock","11":"sale","12":"taxable","13":"shipping-taxable","14":"purchasable","15":"product-type-simple"},"_links":{"self":[{"href":"https:\/\/ak47.nu\/de\/wp-json\/wp\/v2\/product\/19877","targetHints":{"allow":["GET"]}}],"collection":[{"href":"https:\/\/ak47.nu\/de\/wp-json\/wp\/v2\/product"}],"about":[{"href":"https:\/\/ak47.nu\/de\/wp-json\/wp\/v2\/types\/product"}],"wp:featuredmedia":[{"embeddable":true,"href":"https:\/\/ak47.nu\/de\/wp-json\/wp\/v2\/media\/19872"}],"wp:attachment":[{"href":"https:\/\/ak47.nu\/de\/wp-json\/wp\/v2\/media?parent=19877"}],"wp:term":[{"taxonomy":"product_brand","embeddable":true,"href":"https:\/\/ak47.nu\/de\/wp-json\/wp\/v2\/product_brand?post=19877"},{"taxonomy":"product_cat","embeddable":true,"href":"https:\/\/ak47.nu\/de\/wp-json\/wp\/v2\/product_cat?post=19877"},{"taxonomy":"product_tag","embeddable":true,"href":"https:\/\/ak47.nu\/de\/wp-json\/wp\/v2\/product_tag?post=19877"}],"curies":[{"name":"wp","href":"https:\/\/api.w.org\/{rel}","templated":true}]}}