{"id":19895,"date":"2022-05-07T10:40:28","date_gmt":"2022-05-07T08:40:28","guid":{"rendered":"https:\/\/ak47.nu\/produkt\/cyma-cm-122-tan-elektrisk-6mm-airsoft\/"},"modified":"2025-12-03T20:12:07","modified_gmt":"2025-12-03T19:12:07","slug":"cyma-cm-122-tan-elektrische-6mm-airsoft-pistole","status":"publish","type":"product","link":"https:\/\/ak47.nu\/de\/produkt\/airsoft\/el-drivna\/pistoler\/cyma-cm-122-tan-elektrische-6mm-airsoft-pistole\/","title":{"rendered":"CYMA CM.122 tan - Elektrische 6mm Airsoft Pistole"},"content":{"rendered":"<h1>CYMA CM.122 tan - Elektrische 6mm Airsoft<\/h1><h2>Hochwertige Airsoft-Replica f&uuml;r CQB und kurze Distanzen<\/h2><p>Die CM.122 Replica besteht aus einer Kombination aus Metall und Polymer, was ihr eine robuste Konstruktion und ein geringes Gewicht verleiht. Die wichtigsten Teile wie Abzug und Sicherung sind aus Metall gefertigt, um die Haltbarkeit zu erh&ouml;hen, w&auml;hrend Rahmen und Griffschalen aus Polymer bestehen. Der elektrische Betrieb (AEG) stellt sicher, dass die Pistole bei allen Wetterbedingungen, auch im Winter, zuverl&auml;ssig funktioniert.<\/p><p>Mit einem einstellbaren Hop-up-System k&ouml;nnen Sie die Flugbahn f&uuml;r erh&ouml;hte Pr&auml;zision und Reichweite feinjustieren. Die Geschwindigkeit dieser Airsoftpistole ist ideal f&uuml;r CQB-Gefechte (Close Quarters Battle) und pr&auml;zises Schie&szlig;en auf kurze Distanzen. Suchen Sie nach <a href=\"https:\/\/ak47.nu\/de\/butik\/\">&auml;hnlichen Airsoftpistolen<\/a>?<\/p><p><strong>Vorteile der CYMA CM.122:<\/strong><\/p><ul><li><strong>Metall- und Polymerkonstruktion:<\/strong> Langlebig und leicht.<\/li><li><strong>Elektrischer Betrieb (AEG):<\/strong> Funktioniert bei allen Wetterbedingungen.<\/li><li><strong>Einstellbares Hop-up-System:<\/strong> F&uuml;r bessere Pr&auml;zision.<\/li><li><strong>Ideal f&uuml;r CQB:<\/strong> Perfekt f&uuml;r Gefechte in engen R&auml;umen.<\/li><\/ul><p><strong>Das Set beinhaltet:<\/strong><\/p><ul><li>CYMA CM.122 Replika<\/li><li>Low-Cap Magazin (30 Schuss)<\/li><li>7,2 V Ni-MH Akku<\/li><li>Europ&auml;isches Standardladeger&auml;t<\/li><li>BB Loader<\/li><\/ul><p><strong>Technische Daten:<\/strong><\/p><ul><li>Name: CM122<\/li><li>Hersteller: CYMA<\/li><li>Garantie: 12 Monate<\/li><li>Mundgeschwindigkeit: ~190 FPS<\/li><li>Feuermodus: Einzel, Auto<\/li><li>L&auml;nge: 220 mm<\/li><li>Gewicht: 836 g<\/li><li>Akkukapazit&auml;t: 450 mAh<\/li><li>Magazintyp: Low-Cap<\/li><li>Magazinkapazit&auml;t: 30 Schuss<\/li><li>Hop-Up: Ja, einstellbar<\/li><li>Blow Back: Nein<\/li><li>Material: Kunststoff + Metall<\/li><li>Akku enthalten: Ni-MH<\/li><li>Akkuspannung: 7,2 V<\/li><li>Antrieb: Elektrisch<\/li><\/ul><p>Entdecken Sie mehr in der Kategorie <a href=\"https:\/\/ak47.nu\/de\/airsoft\/\">Airsoft Pistolen<\/a> und vergessen Sie nicht, unsere <a href=\"https:\/\/ak47.nu\/de\/\">Homepage<\/a> f&uuml;r weitere Produkte zu besuchen!<\/p>","protected":false},"excerpt":{"rendered":"<p>K\u00f6p CYMA CM.122 tan &#8211; Elektrisk 6mm Airsoft till b\u00e4sta pris online. Utforska v\u00e5rt stora utbud av CYMA CM.122 tan &#8211; Elektrisk 6mm Airsoft och hitta den perfekta airsoftpistolen f\u00f6r dina behov. Vi erbjuder snabb leverans och h\u00f6gkvalitativa produkter. Best\u00e4ll nu och f\u00e5 en fantastisk airsoftupplevelse!<\/p>","protected":false},"featured_media":19890,"template":"","meta":[],"product_brand":[],"product_cat":[399],"product_tag":[],"class_list":{"0":"post-19895","1":"product","2":"type-product","3":"status-publish","4":"has-post-thumbnail","6":"product_cat-pistoler","7":"pa_brand-cyma","8":"pa_farg-sand","10":"first","11":"instock","12":"taxable","13":"shipping-taxable","14":"purchasable","15":"product-type-simple"},"_links":{"self":[{"href":"https:\/\/ak47.nu\/de\/wp-json\/wp\/v2\/product\/19895","targetHints":{"allow":["GET"]}}],"collection":[{"href":"https:\/\/ak47.nu\/de\/wp-json\/wp\/v2\/product"}],"about":[{"href":"https:\/\/ak47.nu\/de\/wp-json\/wp\/v2\/types\/product"}],"wp:featuredmedia":[{"embeddable":true,"href":"https:\/\/ak47.nu\/de\/wp-json\/wp\/v2\/media\/19890"}],"wp:attachment":[{"href":"https:\/\/ak47.nu\/de\/wp-json\/wp\/v2\/media?parent=19895"}],"wp:term":[{"taxonomy":"product_brand","embeddable":true,"href":"https:\/\/ak47.nu\/de\/wp-json\/wp\/v2\/product_brand?post=19895"},{"taxonomy":"product_cat","embeddable":true,"href":"https:\/\/ak47.nu\/de\/wp-json\/wp\/v2\/product_cat?post=19895"},{"taxonomy":"product_tag","embeddable":true,"href":"https:\/\/ak47.nu\/de\/wp-json\/wp\/v2\/product_tag?post=19895"}],"curies":[{"name":"wp","href":"https:\/\/api.w.org\/{rel}","templated":true}]}}