{"id":19973,"date":"2022-05-07T10:43:40","date_gmt":"2022-05-07T08:43:40","guid":{"rendered":"https:\/\/ak47.nu\/produkt\/stti-st92f-two-tone-6mm-green-gas-airsoft-pistol\/"},"modified":"2025-12-03T20:09:08","modified_gmt":"2025-12-03T19:09:08","slug":"stti-st92f-two-tone-6mm-green-gas-airsoft-pistole","status":"publish","type":"product","link":"https:\/\/ak47.nu\/de\/produkt\/airsoft\/grongas\/pistoler-grongas\/stti-st92f-two-tone-6mm-green-gas-airsoft-pistole\/","title":{"rendered":"STTI ST92F Two Tone Airsoft Pistole | 6mm Green Gas"},"content":{"rendered":"<h1>STTI ST92F Two Tone 6mm Green Gas Airsoft Pistole<\/h1>\n<h2>Zuverl\u00e4ssige und wirtschaftliche Airsoft-Pistole<\/h2>\n<p>Die STTI ST92F ist eine taiwanesische Nachbildung aus ABS-Kunststoff mit einem Metallabzug und -hammer f\u00fcr erh\u00f6hte Haltbarkeit. Diese Airsoft-Pistole wurde f\u00fcr diejenigen entwickelt, die Wert auf Zuverl\u00e4ssigkeit und wirtschaftlichen Gasverbrauch legen. Sie ist perfekt f\u00fcr Spieler, die eine kosteng\u00fcnstige L\u00f6sung suchen, ohne Kompromisse bei der Leistung einzugehen. Entdecken Sie unsere Auswahl an <a href=\"https:\/\/ak47.nu\/de\/butik\/\">anderen Airsoft-Pistolen<\/a> und finden Sie das Modell, das am besten zu Ihnen passt.<\/p>\n\n<h3>Gassparendes Design<\/h3>\n<p>Diese Pistole spart eine betr\u00e4chtliche Menge an Gas, da sie kein Gas f\u00fcr den Blowback verwendet, sondern nur zum Abfeuern von Sch\u00fcssen. Dadurch k\u00f6nnen Sie mehr Sch\u00fcsse pro Gaskartusche abgeben und sparen so Geld und Zeit auf dem Spielfeld. Die STTI ST92F verf\u00fcgt au\u00dferdem \u00fcber eine funktionierende Sicherung, die den Hammer blockiert.<\/p>\n\n<h3>Eigenschaften:<\/h3>\n<ul>\n  <li>Gewicht: 490 g<\/li>\n  <li>Magazintyp: Green Gas<\/li>\n  <li>M\u00fcndungsgeschwindigkeit: 280 fps<\/li>\n  <li>Blowback: Nein<\/li>\n  <li>Magazinkapazit\u00e4t: 22 BBs<\/li>\n  <li>Material: ABS<\/li>\n  <li>Farbe: Zweifarbig<\/li>\n  <li>L\u00e4nge: 218 mm<\/li>\n  <li>M\u00fcndungsenergie: 0,73 J<\/li>\n  <li>Feuermodus: Einzel<\/li>\n  <li>H\u00f6he: 140 mm<\/li>\n  <li>Munition: .23g, .20g<\/li>\n<\/ul>\n\n<p>Mit ihrem soliden ABS-Material und den wichtigsten Metallkomponenten bietet die STTI ST92F ein hervorragendes Gleichgewicht zwischen Gewicht und Haltbarkeit. Das zweifarbige Design verleiht der Pistole ein unverwechselbares Aussehen. Neugierig auf unsere anderen Produkte? Werfen Sie einen Blick in unsere <a href=\"https:\/\/ak47.nu\/de\/airsoft\/\">Airsoft-Pistolen Kategorie<\/a>, um weitere Optionen zu sehen. Willkommen in unserem <a href=\"https:\/\/ak47.nu\/de\/\">Webshop<\/a>!<\/p>","protected":false},"excerpt":{"rendered":"<p>STTI ST92F Two Tone 6mm Green Gas Airsoft Pistole Zuverl\u00e4ssige und wirtschaftliche Airsoft-Pistole Die STTI ST92F ist eine taiwanesische Nachbildung aus ABS-Kunststoff mit einem Metallabzug und -hammer f\u00fcr erh\u00f6hte Haltbarkeit. Diese Airsoft-Pistole wurde f\u00fcr diejenigen entwickelt, die Wert auf Zuverl\u00e4ssigkeit und wirtschaftlichen Gasverbrauch legen. Sie ist perfekt f\u00fcr Spieler, die eine kosteng\u00fcnstige L\u00f6sung suchen, ohne [&#8230;]","protected":false},"featured_media":19969,"template":"","meta":[],"product_brand":[],"product_cat":[411],"product_tag":[],"class_list":{"0":"post-19973","1":"product","2":"type-product","3":"status-publish","4":"has-post-thumbnail","6":"product_cat-pistoler-grongas","7":"pa_brand-stti","9":"first","10":"outofstock","11":"sale","12":"taxable","13":"shipping-taxable","14":"purchasable","15":"product-type-simple"},"_links":{"self":[{"href":"https:\/\/ak47.nu\/de\/wp-json\/wp\/v2\/product\/19973","targetHints":{"allow":["GET"]}}],"collection":[{"href":"https:\/\/ak47.nu\/de\/wp-json\/wp\/v2\/product"}],"about":[{"href":"https:\/\/ak47.nu\/de\/wp-json\/wp\/v2\/types\/product"}],"wp:featuredmedia":[{"embeddable":true,"href":"https:\/\/ak47.nu\/de\/wp-json\/wp\/v2\/media\/19969"}],"wp:attachment":[{"href":"https:\/\/ak47.nu\/de\/wp-json\/wp\/v2\/media?parent=19973"}],"wp:term":[{"taxonomy":"product_brand","embeddable":true,"href":"https:\/\/ak47.nu\/de\/wp-json\/wp\/v2\/product_brand?post=19973"},{"taxonomy":"product_cat","embeddable":true,"href":"https:\/\/ak47.nu\/de\/wp-json\/wp\/v2\/product_cat?post=19973"},{"taxonomy":"product_tag","embeddable":true,"href":"https:\/\/ak47.nu\/de\/wp-json\/wp\/v2\/product_tag?post=19973"}],"curies":[{"name":"wp","href":"https:\/\/api.w.org\/{rel}","templated":true}]}}