{"id":19994,"date":"2022-05-07T10:44:01","date_gmt":"2022-05-07T08:44:01","guid":{"rendered":"https:\/\/ak47.nu\/produkt\/hfc-1911-green-gas-6mm-airsoft-pistol\/"},"modified":"2025-12-03T19:26:01","modified_gmt":"2025-12-03T18:26:01","slug":"hfc-1911-green-gas-6mm-airsoft-pistole","status":"publish","type":"product","link":"https:\/\/ak47.nu\/de\/produkt\/airsoft\/grongas\/pistoler-grongas\/hfc-1911-green-gas-6mm-airsoft-pistole\/","title":{"rendered":"HFC 1911 Green Gas 6mm Airsoft Pistole"},"content":{"rendered":"<h1>HFC 1911 Green Gas 6mm Airsoft Pistole<\/h1>\n<h2>Zuverl\u00e4ssige und einfache Airsoft-Pistole<\/h2>\n<p>Diese 1911-Nachbildung ist eine Gasdruckpistole ohne Blowback. Das Fixed-Barrel-System und die einfache Konstruktion machen sie zu einer perfekten Seitenwaffe f\u00fcr jede Situation. Hammer, Abzug und Sicherung sind aus Metall gefertigt und voll funktionsf\u00e4hig. Der komplette K\u00f6rper besteht aus starkem Polymer, was ein sehr angenehmes Gef\u00fchl vermittelt.<\/p>\n\n<h3>Hauptmerkmale:<\/h3>\n<ul>\n <li><strong>Non-Blowback:<\/strong> Sorgt f\u00fcr einen stabileren und gassparenderen Betrieb.<\/li>\n <li><strong>Fixed-Barrel-System:<\/strong> Erh\u00f6ht Genauigkeit und Zuverl\u00e4ssigkeit.<\/li>\n <li><strong>Metallkomponenten:<\/strong> Hammer, Abzug und Sicherung aus Metall f\u00fcr erh\u00f6hte Haltbarkeit.<\/li>\n <li><strong>Starker Polymerk\u00f6rper:<\/strong> Bietet ein komfortables und robustes Gef\u00fchl.<\/li>\n<\/ul>\n\n<h3>Spezifikationen:<\/h3>\n<ul>\n <li>Gewicht: 470 g<\/li>\n <li>Magazintyp: Green Gas<\/li>\n <li>M\u00fcndungsgeschwindigkeit: 280 fps<\/li>\n <li>Blowback: Nein<\/li>\n <li>Magazinkapazit\u00e4t: 14 BBs<\/li>\n <li>Material: Metall, Polymer<\/li>\n <li>Farbe: Schwarz<\/li>\n <li>L\u00e4nge: 220 mm<\/li>\n <li>M\u00fcndungsenergie: 0,73 J<\/li>\n <li>Feuermodus: Einzeln<\/li>\n <li>Munition: 0,23 g, 0,20 g<\/li>\n <li>Code: HG-121B<\/li>\n<\/ul>\n\n<p>Suchen Sie andere <a href=\"https:\/\/ak47.nu\/de\/butik\/\">Airsoft-Pistolen<\/a>? Sehen Sie sich unsere Auswahl an hochwertigen <a href=\"https:\/\/ak47.nu\/de\/airsoft\/\">Airsoft-Waffen<\/a> an. Besuchen Sie <a href=\"https:\/\/ak47.nu\/de\/\">unsere Website<\/a>, um mehr zu finden!<\/p>","protected":false},"excerpt":{"rendered":"<p>HFC 1911 Green Gas 6mm Airsoft Pistole Zuverl\u00e4ssige und einfache Airsoft-Pistole Diese 1911-Nachbildung ist eine Gasdruckpistole ohne Blowback. Das Fixed-Barrel-System und die einfache Konstruktion machen sie zu einer perfekten Seitenwaffe f\u00fcr jede Situation. Hammer, Abzug und Sicherung sind aus Metall gefertigt und voll funktionsf\u00e4hig. Der komplette K\u00f6rper besteht aus starkem Polymer, was ein sehr angenehmes [&#8230;]","protected":false},"featured_media":19989,"template":"","meta":[],"product_brand":[],"product_cat":[411],"product_tag":[],"class_list":{"0":"post-19994","1":"product","2":"type-product","3":"status-publish","4":"has-post-thumbnail","6":"product_cat-pistoler-grongas","7":"pa_brand-hfc","9":"first","10":"outofstock","11":"sale","12":"taxable","13":"shipping-taxable","14":"purchasable","15":"product-type-simple"},"_links":{"self":[{"href":"https:\/\/ak47.nu\/de\/wp-json\/wp\/v2\/product\/19994","targetHints":{"allow":["GET"]}}],"collection":[{"href":"https:\/\/ak47.nu\/de\/wp-json\/wp\/v2\/product"}],"about":[{"href":"https:\/\/ak47.nu\/de\/wp-json\/wp\/v2\/types\/product"}],"wp:featuredmedia":[{"embeddable":true,"href":"https:\/\/ak47.nu\/de\/wp-json\/wp\/v2\/media\/19989"}],"wp:attachment":[{"href":"https:\/\/ak47.nu\/de\/wp-json\/wp\/v2\/media?parent=19994"}],"wp:term":[{"taxonomy":"product_brand","embeddable":true,"href":"https:\/\/ak47.nu\/de\/wp-json\/wp\/v2\/product_brand?post=19994"},{"taxonomy":"product_cat","embeddable":true,"href":"https:\/\/ak47.nu\/de\/wp-json\/wp\/v2\/product_cat?post=19994"},{"taxonomy":"product_tag","embeddable":true,"href":"https:\/\/ak47.nu\/de\/wp-json\/wp\/v2\/product_tag?post=19994"}],"curies":[{"name":"wp","href":"https:\/\/api.w.org\/{rel}","templated":true}]}}