{"id":20000,"date":"2022-05-07T10:44:07","date_gmt":"2022-05-07T08:44:07","guid":{"rendered":"https:\/\/ak47.nu\/produkt\/src-pocket-pistol-airsoft-replica-6mm-greengas\/"},"modified":"2025-12-03T20:11:34","modified_gmt":"2025-12-03T19:11:34","slug":"src-pocket-pistole-airsoft-replika-6mm-greengas","status":"publish","type":"product","link":"https:\/\/ak47.nu\/de\/produkt\/airsoft\/grongas\/pistoler-grongas\/src-pocket-pistole-airsoft-replika-6mm-greengas\/","title":{"rendered":"SRC Pocket Pistole Airsoft Replika 6mm - Greengas"},"content":{"rendered":"<h1>SRC Pocket Pistole Airsoft Replika 6mm Greengas<\/h1>\n<h2>Kompakte und leichte Airsoft Pistole<\/h2>\n<p>Die SRC Pocket Pistole Airsoft Replika ist eine kleine und leichte Pistole, ideal als Backup-Waffe. Sie ist aus Polymer gefertigt und verf\u00fcgt \u00fcber eine Sicherung, um ein versehentliches Abfeuern zu verhindern. Das Magazin fasst bis zu 6 BBs, und der Greengas-Beh\u00e4lter befindet sich im Pistolengriff, anders als bei den meisten Gas-Repliken. Durch ihre geringe Gr\u00f6\u00dfe l\u00e4sst sie sich leicht in einer kleinen Tasche oder Hosentasche verstauen.<\/p>\n\n<h3>Eigenschaften:<\/h3>\n<ul>\n <li>Hergestellt aus Polymer<\/li>\n <li>Sicherung zur Verhinderung des Abfeuerns<\/li>\n <li>Magazin fasst 6 BBs<\/li>\n <li>Greengas-Beh\u00e4lter im Pistolengriff<\/li>\n <li>Kompakte Gr\u00f6\u00dfe f\u00fcr einfache Lagerung<\/li>\n<\/ul>\n\n<h3>Spezifikationen:<\/h3>\n<ul>\n <li>EAN: 4715997077879<\/li>\n <li>Blow Back: Nein<\/li>\n <li>Farbe: Silber<\/li>\n <li>Gas-Repliken: Pistolen - Greengas<\/li>\n <li>Hop-up: Nein<\/li>\n <li>L\u00e4nge: 120 mm<\/li>\n <li>Material: Kunststoff<\/li>\n <li>Magazintyp: Low-Cap Magazin<\/li>\n <li>Hersteller: SRC<\/li>\n <li>Antrieb: Gas - Greengas<\/li>\n <li>Feuermodus: Einzeln<\/li>\n <li>Geschwindigkeit: ~170 FPS<\/li>\n <li>Garantie: 6 Monate<\/li>\n <li>Gewicht: 150 g<\/li>\n<\/ul>\n\n<h3>Das Set beinhaltet:<\/h3>\n<ul>\n <li>SRC GGH0401 Gas-Pistolen-Replika<\/li>\n <li>Low-Cap Magazin (6 BBs)<\/li>\n<\/ul>\n\n<p>Suchen Sie eine zuverl\u00e4ssige und einfach zu bedienende Airsoft-Pistole? Diese <a href=\"https:\/\/ak47.nu\/de\/butik\/\">SRC Airsoft-Pistole<\/a> ist eine ausgezeichnete Wahl als Backup-Waffe oder f\u00fcr CQB-Spiele. F\u00fcr weitere Optionen, schauen Sie sich unser Angebot an <a href=\"https:\/\/ak47.nu\/de\/airsoft\/\">Airsoft-Pistolen<\/a> an. Besuchen Sie <a href=\"https:\/\/ak47.nu\/de\/\">unsere Website<\/a>, um unser gesamtes Sortiment zu sehen.<\/p>","protected":false},"excerpt":{"rendered":"<p>SRC Pocket Pistole Airsoft Replika 6mm Greengas Kompakte und leichte Airsoft Pistole Die SRC Pocket Pistole Airsoft Replika ist eine kleine und leichte Pistole, ideal als Backup-Waffe. Sie ist aus Polymer gefertigt und verf\u00fcgt \u00fcber eine Sicherung, um ein versehentliches Abfeuern zu verhindern. Das Magazin fasst bis zu 6 BBs, und der Greengas-Beh\u00e4lter befindet sich [&#8230;]","protected":false},"featured_media":19995,"template":"","meta":[],"product_brand":[],"product_cat":[411],"product_tag":[],"class_list":{"0":"post-20000","1":"product","2":"type-product","3":"status-publish","4":"has-post-thumbnail","6":"product_cat-pistoler-grongas","7":"pa_brand-src","9":"first","10":"outofstock","11":"sale","12":"taxable","13":"shipping-taxable","14":"purchasable","15":"product-type-simple"},"_links":{"self":[{"href":"https:\/\/ak47.nu\/de\/wp-json\/wp\/v2\/product\/20000","targetHints":{"allow":["GET"]}}],"collection":[{"href":"https:\/\/ak47.nu\/de\/wp-json\/wp\/v2\/product"}],"about":[{"href":"https:\/\/ak47.nu\/de\/wp-json\/wp\/v2\/types\/product"}],"wp:featuredmedia":[{"embeddable":true,"href":"https:\/\/ak47.nu\/de\/wp-json\/wp\/v2\/media\/19995"}],"wp:attachment":[{"href":"https:\/\/ak47.nu\/de\/wp-json\/wp\/v2\/media?parent=20000"}],"wp:term":[{"taxonomy":"product_brand","embeddable":true,"href":"https:\/\/ak47.nu\/de\/wp-json\/wp\/v2\/product_brand?post=20000"},{"taxonomy":"product_cat","embeddable":true,"href":"https:\/\/ak47.nu\/de\/wp-json\/wp\/v2\/product_cat?post=20000"},{"taxonomy":"product_tag","embeddable":true,"href":"https:\/\/ak47.nu\/de\/wp-json\/wp\/v2\/product_tag?post=20000"}],"curies":[{"name":"wp","href":"https:\/\/api.w.org\/{rel}","templated":true}]}}