{"id":20006,"date":"2022-05-07T10:44:12","date_gmt":"2022-05-07T08:44:12","guid":{"rendered":"https:\/\/ak47.nu\/produkt\/aps-m1911-gladiator-crixus-6mm-green-gas-blowback-airsoft\/"},"modified":"2025-12-03T19:26:11","modified_gmt":"2025-12-03T18:26:11","slug":"aps-m1911-gladiator-crixus-6mm-green-gas-blowback-airsoft","status":"publish","type":"product","link":"https:\/\/ak47.nu\/de\/produkt\/airsoft\/grongas\/pistoler-grongas\/aps-m1911-gladiator-crixus-6mm-green-gas-blowback-airsoft\/","title":{"rendered":"APS M1911 Gladiator Crixus Airsoft | Green Gas Blowback"},"content":{"rendered":"<h1>APS M1911 Gladiator Crixus 6mm Green Gas Blowback Airsoft<\/h1>\n<h2>\u00dcber die APS M1911 Gladiator Crixus<\/h2>\n<p>Die M1911 wird aufgrund ihrer Popularit\u00e4t und langen Dienstgeschichte als \"amerikanische Waffe\" bezeichnet. APS wollte eine Handfeuerwaffe herstellen, die den Namen dieser legend\u00e4ren Waffe tragen kann. Nach 2 Jahren Forschung und Entwicklung, basierend auf dem Airsoft M1911-Design, stellt APS eine neue Airsoft-Pistole namens \"Gladiator\" her. Das Modell ist nach den r\u00f6mischen K\u00e4mpfern \"Marcux\" und \"Crxius\" benannt, um seine Kampff\u00e4higkeit zu demonstrieren.<\/p>\n<p>Diese Nachbildung verf\u00fcgt \u00fcber einen 6,03 mm Innenlauf aus Edelstahl.<\/p>\n<h3>Funktionen der APS M1911 Gladiator Crixus<\/h3>\n<ul>\n <li>Geh\u00e4use in Dark Earth Farbe beschichtet<\/li>\n <li>Verst\u00e4rkte k\u00e4ltebest\u00e4ndige D\u00fcse<\/li>\n <li>Verschlei\u00dffestes und k\u00e4ltebest\u00e4ndiges, luftdichtes Gummi<\/li>\n <li>Turbo-Magazin (schie\u00dft \u00fcber 40 Schuss pro Ladung)<\/li>\n <li>Mil-Std 1913 Picatinny-Schiene<\/li>\n <li>Austauschbares Griffpolster mit Kryptek Highlander Camo<\/li>\n <li>Hammerschutz<\/li>\n <li>Fiberoptisches Korn<\/li>\n <li>Kompatibel mit Aftermarket-Holstern<\/li>\n<\/ul>\n<p>Zusammenfassend l\u00e4sst sich sagen, dass die M1911 eine legend\u00e4re Waffe ist, die stolz von Amerikanern hergestellt wird. Allein die USA beschafften w\u00e4hrend ihrer Dienstzeit rund 2,7 Millionen 1911er im Rahmen von Milit\u00e4rauftr\u00e4gen. Dieses Modell ist so beliebt, dass es nicht nur beim Milit\u00e4r, sondern auch bei verschiedenen Wettk\u00e4mpfen im zivilen Bereich weit verbreitet ist. APS h\u00f6rt auf die Benutzer und baut Produkte f\u00fcr sie. Deshalb bringen wir diese neue Pistole auf den Markt und behalten die APS-Methode bei, Produkte nicht zu kopieren, sondern Innovationen hinzuzuf\u00fcgen. Der \"Gladiator\" M1911 ist jetzt geboren! Entdecken Sie die Kraft und Pr\u00e4zision von <a href=\"https:\/\/ak47.nu\/de\/butik\/\">anderen Airsoft-Pistolen<\/a>, um Ihr Arsenal zu vervollst\u00e4ndigen.<\/p>\n<p><strong>Spezifikationen:<\/strong><\/p>\n<ul>\n <li>Gewicht: 970 g<\/li>\n <li>M\u00fcndungsgeschwindigkeit: 320 fps<\/li>\n <li>Blowback: Ja<\/li>\n <li>Innendurchmesser des Laufs: 6,03 mm<\/li>\n <li>Magazinkapazit\u00e4t: 25 BBs<\/li>\n <li>Material: Aluminium<\/li>\n <li>Farbe: Dark Earth<\/li>\n <li>L\u00e4nge: 220 mm<\/li>\n <li>M\u00fcndungsenergie: 0,95 J<\/li>\n <li>Feuermodus: Einzeln<\/li>\n <li>Code: AG803<\/li>\n<\/ul>\n<p>Erleben Sie die Leistung und Haltbarkeit dieser Airsoft-Pistole. Verbessern Sie Ihr Airsoft-Erlebnis mit hochwertigem Zubeh\u00f6r aus unserer <a href=\"https:\/\/ak47.nu\/de\/airsoft\/\">Airsoft-Zubeh\u00f6rkategorie<\/a>. Besuchen Sie <a href=\"https:\/\/ak47.nu\/de\/\">unsere Website<\/a>, um unser gesamtes Sortiment zu erkunden.<\/p>","protected":false},"excerpt":{"rendered":"<p>APS M1911 Gladiator Crixus 6mm Green Gas Blowback Airsoft \u00dcber die APS M1911 Gladiator Crixus Die M1911 wird aufgrund ihrer Popularit\u00e4t und langen Dienstgeschichte als &#8221;amerikanische Waffe&#8221; bezeichnet. APS wollte eine Handfeuerwaffe herstellen, die den Namen dieser legend\u00e4ren Waffe tragen kann. Nach 2 Jahren Forschung und Entwicklung, basierend auf dem Airsoft M1911-Design, stellt APS eine [&#8230;]","protected":false},"featured_media":20001,"template":"","meta":[],"product_brand":[],"product_cat":[411],"product_tag":[],"class_list":{"0":"post-20006","1":"product","2":"type-product","3":"status-publish","4":"has-post-thumbnail","6":"product_cat-pistoler-grongas","7":"pa_brand-aps","9":"first","10":"outofstock","11":"sale","12":"taxable","13":"shipping-taxable","14":"purchasable","15":"product-type-simple"},"_links":{"self":[{"href":"https:\/\/ak47.nu\/de\/wp-json\/wp\/v2\/product\/20006","targetHints":{"allow":["GET"]}}],"collection":[{"href":"https:\/\/ak47.nu\/de\/wp-json\/wp\/v2\/product"}],"about":[{"href":"https:\/\/ak47.nu\/de\/wp-json\/wp\/v2\/types\/product"}],"wp:featuredmedia":[{"embeddable":true,"href":"https:\/\/ak47.nu\/de\/wp-json\/wp\/v2\/media\/20001"}],"wp:attachment":[{"href":"https:\/\/ak47.nu\/de\/wp-json\/wp\/v2\/media?parent=20006"}],"wp:term":[{"taxonomy":"product_brand","embeddable":true,"href":"https:\/\/ak47.nu\/de\/wp-json\/wp\/v2\/product_brand?post=20006"},{"taxonomy":"product_cat","embeddable":true,"href":"https:\/\/ak47.nu\/de\/wp-json\/wp\/v2\/product_cat?post=20006"},{"taxonomy":"product_tag","embeddable":true,"href":"https:\/\/ak47.nu\/de\/wp-json\/wp\/v2\/product_tag?post=20006"}],"curies":[{"name":"wp","href":"https:\/\/api.w.org\/{rel}","templated":true}]}}