{"id":20015,"date":"2022-05-07T10:44:24","date_gmt":"2022-05-07T08:44:24","guid":{"rendered":"https:\/\/ak47.nu\/produkt\/army-armament-airsoft-pistol-1911-compact-greengas-6-mm-r45a1\/"},"modified":"2025-12-03T20:10:49","modified_gmt":"2025-12-03T19:10:49","slug":"army-armament-airsoft-pistole-1911-kompakt-green-gas","status":"publish","type":"product","link":"https:\/\/ak47.nu\/de\/produkt\/airsoft\/grongas\/pistoler-grongas\/army-armament-airsoft-pistole-1911-kompakt-green-gas\/","title":{"rendered":"Army Armament 1911 Kompakt Airsoft Pistole | Green Gas"},"content":{"rendered":"<h1>Army Armament Airsoft Pistole 1911 Kompakt Green Gas 6mm R45A1<\/h1>\n<h2>Kompakte und realistische Airsoft-Pistole mit Blowback<\/h2>\n<p>Die Army Armament 1911 Kompakt ist eine Airsoft-Pistole, die eine Vollmetallkonstruktion mit realistischer Blowback-Funktion kombiniert. Dieses Modell, R45A1, ist ideal f\u00fcr CQB-Spiele und als zuverl\u00e4ssige Seitenwaffe.<\/p>\n<h3>Funktionen und Vorteile<\/h3>\n<ul>\n<li><b>Vollmetallkonstruktion:<\/b> Verleiht der Pistole ein robustes und realistisches Gef\u00fchl.<\/li>\n<li><b>Texturierte Griffe:<\/b> Sorgt f\u00fcr einen festen und bequemen Halt unter allen Bedingungen.<\/li>\n<li><b>Realistischer Blowback:<\/b> Bildet das Gef\u00fchl des Schie\u00dfens mit einer echten Schusswaffe nach.<\/li>\n<\/ul>\n<h3>Detaillierte Beschreibung<\/h3>\n<p>Diese Nachbildung einer R45A1-Pistole besteht fast vollst\u00e4ndig aus Metall, einschlie\u00dflich Rahmen, Schlitten, Magazin, Au\u00dfenlauf, Abzug und Sicherungshebel. Die Handsch\u00fctzer bestehen aus hochwertigem Polymer mit einer rutschfesten Textur f\u00fcr einen sicheren Halt. Die Passform ist ausgezeichnet, ohne lose Teile, was der Pistole direkt nach dem Auspacken ein solides Gef\u00fchl verleiht.<\/p>\n<p>Die Pistole ist mit einer beidh\u00e4ndigen Sicherung ausgestattet, die den Abzug sperrt und eine versehentliche Entladung verhindert. Die Sicherung ist mit dem Daumen leicht zu bedienen, egal ob Sie Rechts- oder Linksh\u00e4nder sind. Dank ihrer kompakten Abmessungen und ihres geringen Gewichts ist diese Pistole perfekt f\u00fcr das verdeckte Tragen und als \"Letzte Chance\"-Waffe, kann aber auch als prim\u00e4re Seitenwaffe verwendet werden. Entdecken Sie weitere <a href=\"https:\/\/ak47.nu\/de\/butik\/\">Airsoft-Pistolen<\/a> in unserem Sortiment.<\/p>\n<p>Die Pistole verf\u00fcgt \u00fcber feste Eisenvisiere. Um das Hop-Up einzustellen, muss der Schlitten entfernt werden, was schnell und einfach ohne Werkzeug erfolgt, indem der Schlitten in die richtige Position gebracht und der Stift entfernt wird. Dies gew\u00e4hrleistet optimale Pr\u00e4zision und Reichweite w\u00e4hrend des Gebrauchs. Besuchen Sie unsere <a href=\"https:\/\/ak47.nu\/de\/airsoft\/\">Waffenkategorie<\/a>, um \u00e4hnliche Produkte zu sehen.<\/p>\n<p>Die angemessene M\u00fcndungsgeschwindigkeit macht diese Pistole zu einer idealen Seitenwaffe f\u00fcr den Einsatz in CQB oder auf kurze Distanzen. Der Gasverbrauch ist im Vergleich zu anderen gasbetriebenen Nachbildungen gering, was die Pistole zu einer wirtschaftlichen Wahl f\u00fcr die Benutzer macht. Diese Eigenschaft macht sie perfekt f\u00fcr lange Spielsitzungen, ohne sich Sorgen machen zu m\u00fcssen, das Gas h\u00e4ufig nachzuf\u00fcllen. Lesen Sie mehr \u00fcber <a href=\"https:\/\/ak47.nu\/de\/\">unsere Produkte<\/a>.<\/p>\n<p>Das Set enth\u00e4lt ein Metallmagazin, das 18 Schuss fasst.<\/p>\n<p><b>Das Set enth\u00e4lt:<\/b><\/p>\n<ul>\n<li>Nachbildung<\/li>\n<li>Magazin<\/li>\n<li>Handbuch<\/li>\n<\/ul>","protected":false},"excerpt":{"rendered":"<p>Army Armament Airsoft Pistole 1911 Kompakt Green Gas 6mm R45A1 Kompakte und realistische Airsoft-Pistole mit Blowback Die Army Armament 1911 Kompakt ist eine Airsoft-Pistole, die eine Vollmetallkonstruktion mit realistischer Blowback-Funktion kombiniert. Dieses Modell, R45A1, ist ideal f\u00fcr CQB-Spiele und als zuverl\u00e4ssige Seitenwaffe. Funktionen und Vorteile Vollmetallkonstruktion: Verleiht der Pistole ein robustes und realistisches Gef\u00fchl. Texturierte [&#8230;]","protected":false},"featured_media":20010,"template":"","meta":[],"product_brand":[],"product_cat":[411],"product_tag":[],"class_list":{"0":"post-20015","1":"product","2":"type-product","3":"status-publish","4":"has-post-thumbnail","6":"product_cat-pistoler-grongas","7":"pa_brand-army-armament","9":"first","10":"instock","11":"sale","12":"taxable","13":"shipping-taxable","14":"purchasable","15":"product-type-simple"},"_links":{"self":[{"href":"https:\/\/ak47.nu\/de\/wp-json\/wp\/v2\/product\/20015","targetHints":{"allow":["GET"]}}],"collection":[{"href":"https:\/\/ak47.nu\/de\/wp-json\/wp\/v2\/product"}],"about":[{"href":"https:\/\/ak47.nu\/de\/wp-json\/wp\/v2\/types\/product"}],"wp:featuredmedia":[{"embeddable":true,"href":"https:\/\/ak47.nu\/de\/wp-json\/wp\/v2\/media\/20010"}],"wp:attachment":[{"href":"https:\/\/ak47.nu\/de\/wp-json\/wp\/v2\/media?parent=20015"}],"wp:term":[{"taxonomy":"product_brand","embeddable":true,"href":"https:\/\/ak47.nu\/de\/wp-json\/wp\/v2\/product_brand?post=20015"},{"taxonomy":"product_cat","embeddable":true,"href":"https:\/\/ak47.nu\/de\/wp-json\/wp\/v2\/product_cat?post=20015"},{"taxonomy":"product_tag","embeddable":true,"href":"https:\/\/ak47.nu\/de\/wp-json\/wp\/v2\/product_tag?post=20015"}],"curies":[{"name":"wp","href":"https:\/\/api.w.org\/{rel}","templated":true}]}}