{"id":20136,"date":"2022-05-07T10:45:58","date_gmt":"2022-05-07T08:45:58","guid":{"rendered":"https:\/\/ak47.nu\/produkt\/kwc-2022-p320-replica-non-blowback-airsoft-co2-6mm\/"},"modified":"2025-12-03T20:11:39","modified_gmt":"2025-12-03T19:11:39","slug":"kwc-p320-airsoft-replika-co2-6mm","status":"publish","type":"product","link":"https:\/\/ak47.nu\/de\/produkt\/airsoft\/co2\/pistoler-co2\/kwc-p320-airsoft-replika-co2-6mm\/","title":{"rendered":"KWC P320 Airsoft Replika - CO2 - 6mm"},"content":{"rendered":"<h1>KWC P320 Airsoft Replika<\/h1>\n<h2>Robuste und realistische Airsoft-Pistole<\/h2>\n<p>Die KWC P320 Airsoft-Replika ist aus hochwertigem Polymer gefertigt, was eine au\u00dfergew\u00f6hnliche Haltbarkeit gew\u00e4hrleistet. Das Non-Blowback-Design tr\u00e4gt zur Robustheit und Langlebigkeit der Replika bei. Der Ma\u00dfstab 1:1 und die Detailtreue sorgen f\u00fcr un\u00fcbertroffenen Realismus und verbessern Ihr Airsoft-Erlebnis. Ausgestattet mit einer Abzugssperre und einer eindeutigen Seriennummer auf dem Schlitten f\u00fcr zus\u00e4tzliche Sicherheit und Authentizit\u00e4t.<\/p>\n<h3>Eigenschaften:<\/h3>\n<ul>\n <li>Robuste Polymerkonstruktion<\/li>\n <li>Realistische 1:1 Replika<\/li>\n <li>Abzugssperre f\u00fcr erh\u00f6hte Sicherheit<\/li>\n <li>Ein eindeutige Seriennummer<\/li>\n <li>Betrieben mit einer CO2-Kapsel (nicht enthalten)<\/li>\n<\/ul>\n<p>Diese Airsoft-Replika wird mit einer CO2-Kapsel betrieben (nicht enthalten). Decken Sie sich mit <a href=\"https:\/\/ak47.nu\/de\/butik\/\">zus\u00e4tzlichen CO2-Kapseln<\/a> ein, um Ihre Airsoft-Pistole einsatzbereit zu halten. F\u00fcr weitere Informationen \u00fcber unsere Airsoft-Produkte besuchen Sie unsere <a href=\"https:\/\/ak47.nu\/de\/airsoft\/\">Airsoft-Kategorie<\/a>. Unser komplettes Sortiment finden Sie auf <a href=\"https:\/\/ak47.nu\/de\/\">unserer Website<\/a>.<\/p>","protected":false},"excerpt":{"rendered":"<p>KWC P320 Airsoft Replika Robuste und realistische Airsoft-Pistole Die KWC P320 Airsoft-Replika ist aus hochwertigem Polymer gefertigt, was eine au\u00dfergew\u00f6hnliche Haltbarkeit gew\u00e4hrleistet. Das Non-Blowback-Design tr\u00e4gt zur Robustheit und Langlebigkeit der Replika bei. Der Ma\u00dfstab 1:1 und die Detailtreue sorgen f\u00fcr un\u00fcbertroffenen Realismus und verbessern Ihr Airsoft-Erlebnis. Ausgestattet mit einer Abzugssperre und einer eindeutigen Seriennummer auf [&#8230;]","protected":false},"featured_media":20131,"template":"","meta":[],"product_brand":[],"product_cat":[405],"product_tag":[],"class_list":{"0":"post-20136","1":"product","2":"type-product","3":"status-publish","4":"has-post-thumbnail","6":"product_cat-pistoler-co2","7":"pa_brand-kwc","9":"first","10":"outofstock","11":"taxable","12":"shipping-taxable","13":"purchasable","14":"product-type-simple"},"_links":{"self":[{"href":"https:\/\/ak47.nu\/de\/wp-json\/wp\/v2\/product\/20136","targetHints":{"allow":["GET"]}}],"collection":[{"href":"https:\/\/ak47.nu\/de\/wp-json\/wp\/v2\/product"}],"about":[{"href":"https:\/\/ak47.nu\/de\/wp-json\/wp\/v2\/types\/product"}],"wp:featuredmedia":[{"embeddable":true,"href":"https:\/\/ak47.nu\/de\/wp-json\/wp\/v2\/media\/20131"}],"wp:attachment":[{"href":"https:\/\/ak47.nu\/de\/wp-json\/wp\/v2\/media?parent=20136"}],"wp:term":[{"taxonomy":"product_brand","embeddable":true,"href":"https:\/\/ak47.nu\/de\/wp-json\/wp\/v2\/product_brand?post=20136"},{"taxonomy":"product_cat","embeddable":true,"href":"https:\/\/ak47.nu\/de\/wp-json\/wp\/v2\/product_cat?post=20136"},{"taxonomy":"product_tag","embeddable":true,"href":"https:\/\/ak47.nu\/de\/wp-json\/wp\/v2\/product_tag?post=20136"}],"curies":[{"name":"wp","href":"https:\/\/api.w.org\/{rel}","templated":true}]}}