{"id":20188,"date":"2022-05-07T10:46:44","date_gmt":"2022-05-07T08:46:44","guid":{"rendered":"https:\/\/ak47.nu\/produkt\/cyma-cm-128-electric-6mm-airsoft\/"},"modified":"2025-12-03T20:05:50","modified_gmt":"2025-12-03T19:05:50","slug":"cyma-cm-128-elektrische-6mm-airsoftpistole","status":"publish","type":"product","link":"https:\/\/ak47.nu\/de\/produkt\/airsoft\/el-drivna\/pistoler\/cyma-cm-128-elektrische-6mm-airsoftpistole\/","title":{"rendered":"CYMA CM.128 Elektrische 6mm Airsoftpistole"},"content":{"rendered":"<h1>CYMA CM.128 Elektrische 6mm Airsoft<\/h1>\n<h2>Elektrische Airsoft Pistole Replika<\/h2>\n<p>Die CM128 ist eine elektrisch betriebene Airsoftpistole, gefertigt aus ABS und Metall. Sie verf\u00fcgt \u00fcber einen Dummy-Schlitten, einen Wahlschalter und eine Sicherung aus Metall. Das Geh\u00e4use, der Abzugsb\u00fcgel und die Griffe sind aus widerstandsf\u00e4higem ABS-Kunststoff gefertigt. Da sie elektrisch betrieben wird, ist diese Pistole auch bei winterlichen Gefechten zuverl\u00e4ssig.<\/p>\n\n<h3>Einstellbares Hop-Up-System<\/h3>\n<p>Ein wesentlicher Vorteil dieser Airsoftwaffe ist das Hop-Up-System, das die Reichweite und Genauigkeit verbessert. Die M\u00fcndungsgeschwindigkeit macht sie ideal f\u00fcr Innenr\u00e4ume und den Nahkampf. Mit einer Geschwindigkeit von ca. 190 FPS ist diese Pistole perfekt f\u00fcr CQB-Szenarien (Close Quarters Battle).<\/p>\n\n<h3>Hauptmerkmale:<\/h3>\n<ul>\n <li>Gefertigt aus ABS und Metall<\/li>\n <li>Elektrisch betrieben f\u00fcr ganzj\u00e4hrige Nutzbarkeit<\/li>\n <li>Einstellbares Hop-Up f\u00fcr verbesserte Genauigkeit<\/li>\n <li>Geeignet f\u00fcr CQB aufgrund der M\u00fcndungsgeschwindigkeit<\/li>\n<\/ul>\n\n<h3>Im Set enthalten:<\/h3>\n<ul>\n <li>CYMA CM.128 Airsoft Pistole<\/li>\n <li>Low-Cap Magazin (29 BBs)<\/li>\n <li>BB Loader<\/li>\n<\/ul>\n\n<p><strong>Hinweis: Batterie nicht enthalten.<\/strong> R\u00fcsten Sie sich mit <a href=\"https:\/\/ak47.nu\/de\/butik\/\">passenden Batterien<\/a> aus, um spielbereit zu sein. Entdecken Sie unsere <a href=\"https:\/\/ak47.nu\/de\/airsoft\/\">Auswahl an Airsoftpistolen<\/a> f\u00fcr weitere Optionen. Besuchen Sie <a href=\"https:\/\/ak47.nu\/de\/\">unsere Homepage<\/a>, um unser gesamtes Produktsortiment zu sehen.<\/p>\n\n<h3>Spezifikationen:<\/h3>\n<ul>\n <li>Name: CM128 - Tan<\/li>\n <li>Hersteller: CYMA<\/li>\n <li>Garantie: 12 Monate<\/li>\n <li>Geschwindigkeit: ~190 FPS<\/li>\n <li>Gearbox Version: Special Gearbox<\/li>\n <li>Feuermodi: Einzel, Auto<\/li>\n <li>Gewicht: 755 g<\/li>\n <li>Magazintyp: Low-Cap<\/li>\n <li>Magazinkapazit\u00e4t: 29 BBs<\/li>\n <li>Hop-up: Ja, einstellbar<\/li>\n <li>Blow Back: Nein<\/li>\n <li>Material: Metall + Kunststoff<\/li>\n <li>Batteriespannung: 7,2 V<\/li>\n <li>Energiequelle: Elektrisch<\/li>\n<\/ul>","protected":false},"excerpt":{"rendered":"<p>CYMA CM.128 Elektrische 6mm Airsoft Elektrische Airsoft Pistole Replika Die CM128 ist eine elektrisch betriebene Airsoftpistole, gefertigt aus ABS und Metall. Sie verf\u00fcgt \u00fcber einen Dummy-Schlitten, einen Wahlschalter und eine Sicherung aus Metall. Das Geh\u00e4use, der Abzugsb\u00fcgel und die Griffe sind aus widerstandsf\u00e4higem ABS-Kunststoff gefertigt. Da sie elektrisch betrieben wird, ist diese Pistole auch bei [&#8230;]","protected":false},"featured_media":20181,"template":"","meta":[],"product_brand":[],"product_cat":[399],"product_tag":[],"class_list":{"0":"post-20188","1":"product","2":"type-product","3":"status-publish","4":"has-post-thumbnail","6":"product_cat-pistoler","7":"pa_brand-cyma","9":"first","10":"instock","11":"sale","12":"taxable","13":"shipping-taxable","14":"purchasable","15":"product-type-simple"},"_links":{"self":[{"href":"https:\/\/ak47.nu\/de\/wp-json\/wp\/v2\/product\/20188","targetHints":{"allow":["GET"]}}],"collection":[{"href":"https:\/\/ak47.nu\/de\/wp-json\/wp\/v2\/product"}],"about":[{"href":"https:\/\/ak47.nu\/de\/wp-json\/wp\/v2\/types\/product"}],"wp:featuredmedia":[{"embeddable":true,"href":"https:\/\/ak47.nu\/de\/wp-json\/wp\/v2\/media\/20181"}],"wp:attachment":[{"href":"https:\/\/ak47.nu\/de\/wp-json\/wp\/v2\/media?parent=20188"}],"wp:term":[{"taxonomy":"product_brand","embeddable":true,"href":"https:\/\/ak47.nu\/de\/wp-json\/wp\/v2\/product_brand?post=20188"},{"taxonomy":"product_cat","embeddable":true,"href":"https:\/\/ak47.nu\/de\/wp-json\/wp\/v2\/product_cat?post=20188"},{"taxonomy":"product_tag","embeddable":true,"href":"https:\/\/ak47.nu\/de\/wp-json\/wp\/v2\/product_tag?post=20188"}],"curies":[{"name":"wp","href":"https:\/\/api.w.org\/{rel}","templated":true}]}}