{"id":20273,"date":"2022-05-07T10:53:08","date_gmt":"2022-05-07T08:53:08","guid":{"rendered":"https:\/\/ak47.nu\/produkt\/double-bell-deadpools-g17-6mm-airsoft-replica-greengas\/"},"modified":"2025-08-21T10:54:16","modified_gmt":"2025-08-21T08:54:16","slug":"double-bell-deadpool-g17-airsoft-replika","status":"publish","type":"product","link":"https:\/\/ak47.nu\/de\/produkt\/airsoft\/grongas\/pistoler-grongas\/double-bell-deadpool-g17-airsoft-replika\/","title":{"rendered":"DOUBLE BELL DEADPOOL G17 Airsoft Replika"},"content":{"rendered":"<h1>DOUBLE BELL - DEADPOOL'S G17 - 6MM AIRSOFT REPLIKA - GREEN GAS<\/h1>\n<h2>Stylische und einzigartige Airsoftpistole im Deadpool-Design<\/h2>\n<p>Die DOUBLE BELL 301 - STIGA UPP G17 GBB Airsoftpistole ist eine auff\u00e4llige Replika im Hydro-Dip-Design im Stil von 'Deadpool' mit sch\u00f6nen zus\u00e4tzlichen Funktionen. Ein genoppter Griff und ein unterer Rahmen sorgen f\u00fcr einen bequemen und sicheren Halt. Der gerillte Magazinschacht tr\u00e4gt zu schnellen und reibungslosen Magazinwechseln bei. Das Magazin hat ein stilvolles Design mit einem deutlichen Abstandshalter.<\/p>\n<p>Diese Pistole wird in einem Hartschalenkoffer mit Schaumstoffeinlage geliefert, der sie beim Transport und bei der Lagerung sch\u00fctzt. Die G-Serie ist eine der beliebtesten Pistolen im Airsoftbereich, und diese Sonderedition zaubert garantiert vielen Airsoft-Enthusiasten ein L\u00e4cheln ins Gesicht! Entdecken Sie weitere <a href=\"https:\/\/ak47.nu\/de\/butik\/\">Airsoftpistolen<\/a> in unserem Sortiment.<\/p>\n<h3>Details:<\/h3>\n<ul>\n <li>Name: Deadpool Pistole<\/li>\n <li>Hersteller: Double Bell<\/li>\n <li>Geschwindigkeit: 360FPS<\/li>\n <li>Gewicht: 1000 g<\/li>\n <li>Magazin: 22+1<\/li>\n <li>Hop-Up: Ja<\/li>\n <li>Blow Back: Ja<\/li>\n <li>Material: Kunststoff + Metall<\/li>\n <li>Antrieb: Green Gas<\/li>\n <li>L\u00e4nge: Volle Gr\u00f6\u00dfe ca. 200mm<\/li>\n<\/ul>\n<h3>Lieferumfang:<\/h3>\n<ul>\n <li>Pistole<\/li>\n <li>Magazin<\/li>\n <li>Reinigungsstab<\/li>\n <li>Hartschalenkoffer<\/li>\n<\/ul>\n<p>Diese <a href=\"https:\/\/ak47.nu\/de\/airsoft\/\">Airsoftpistole<\/a> vereint Stil und Leistung und ist somit eine ausgezeichnete Wahl f\u00fcr Sammler und Spieler. F\u00fcr weitere Informationen zu unseren Produkten besuchen Sie unsere <a href=\"https:\/\/ak47.nu\/de\/\">Website<\/a>.<\/p>","protected":false},"excerpt":{"rendered":"<p>DOUBLE BELL &#8211; DEADPOOL&#8217;S G17 &#8211; 6MM AIRSOFT REPLIKA &#8211; GREEN GAS Stylische und einzigartige Airsoftpistole im Deadpool-Design Die DOUBLE BELL 301 &#8211; STIGA UPP G17 GBB Airsoftpistole ist eine auff\u00e4llige Replika im Hydro-Dip-Design im Stil von &#8217;Deadpool&#8217; mit sch\u00f6nen zus\u00e4tzlichen Funktionen. Ein genoppter Griff und ein unterer Rahmen sorgen f\u00fcr einen bequemen und sicheren [&#8230;]","protected":false},"featured_media":20268,"template":"","meta":[],"product_brand":[],"product_cat":[368,410,411],"product_tag":[],"class_list":{"0":"post-20273","1":"product","2":"type-product","3":"status-publish","4":"has-post-thumbnail","6":"product_cat-airsoft","7":"product_cat-grongas","8":"product_cat-pistoler-grongas","9":"pa_brand-double-bell","11":"first","12":"instock","13":"sale","14":"taxable","15":"shipping-taxable","16":"purchasable","17":"product-type-simple"},"_links":{"self":[{"href":"https:\/\/ak47.nu\/de\/wp-json\/wp\/v2\/product\/20273","targetHints":{"allow":["GET"]}}],"collection":[{"href":"https:\/\/ak47.nu\/de\/wp-json\/wp\/v2\/product"}],"about":[{"href":"https:\/\/ak47.nu\/de\/wp-json\/wp\/v2\/types\/product"}],"wp:featuredmedia":[{"embeddable":true,"href":"https:\/\/ak47.nu\/de\/wp-json\/wp\/v2\/media\/20268"}],"wp:attachment":[{"href":"https:\/\/ak47.nu\/de\/wp-json\/wp\/v2\/media?parent=20273"}],"wp:term":[{"taxonomy":"product_brand","embeddable":true,"href":"https:\/\/ak47.nu\/de\/wp-json\/wp\/v2\/product_brand?post=20273"},{"taxonomy":"product_cat","embeddable":true,"href":"https:\/\/ak47.nu\/de\/wp-json\/wp\/v2\/product_cat?post=20273"},{"taxonomy":"product_tag","embeddable":true,"href":"https:\/\/ak47.nu\/de\/wp-json\/wp\/v2\/product_tag?post=20273"}],"curies":[{"name":"wp","href":"https:\/\/api.w.org\/{rel}","templated":true}]}}