{"id":20520,"date":"2022-05-07T11:01:50","date_gmt":"2022-05-07T09:01:50","guid":{"rendered":"https:\/\/ak47.nu\/produkt\/we-wei-e-tech-055gt-pistol-replica-6mm-airsoft\/"},"modified":"2025-12-03T20:06:21","modified_gmt":"2025-12-03T19:06:21","slug":"we-055gt-pistole-replika-6mm-airsoft","status":"publish","type":"product","link":"https:\/\/ak47.nu\/de\/produkt\/airsoft\/grongas\/pistoler-grongas\/we-055gt-pistole-replika-6mm-airsoft\/","title":{"rendered":"WE 055GT Pistole Replika 6mm Airsoft | WE"},"content":{"rendered":"<h1>WE - Wei-E Tech - 055GT Pistole Replika 6mm Airsoft<\/h1>\n<h2>Hochwertige Airsoft-Pistolenreplik f\u00fcr CQB<\/h2>\n<p>Die WE-055GT Pistolenreplik ist fast vollst\u00e4ndig aus Metall gefertigt. Der Pistolenrahmen und der Schlitten, der Lauf und einige andere kleinere Elemente sind aus Metall gefertigt. Die Griffschalen mit der profilierten Textur sind aus strapazierf\u00e4higem, rutschfestem Kunststoff gefertigt. Eine sehr gute Verarbeitung und eine passgenaue Montage der Elemente garantieren einen pr\u00e4zisen und problemlosen Betrieb der Replik. Diese Airsoft-Pistole ist perfekt f\u00fcr alle, die eine zuverl\u00e4ssige Seitenwaffe auf dem Airsoft-Schlachtfeld suchen. F\u00fcr weitere zuverl\u00e4ssige Produkte, schauen Sie sich unsere <a href=\"https:\/\/ak47.nu\/de\/butik\/\">Auswahl an Airsoft-Pistolen<\/a> an.<\/p>\n<h3>Funktionen, die das Spielerlebnis verbessern<\/h3>\n<p>Die Replik ist mit einem beidh\u00e4ndigen Sicherungshebel ausgestattet, der den Abzugsmechanismus blockiert und eine versehentliche Schussabgabe verhindert. Der Zugang zum Sicherungshebel ist sehr einfach, da sich der Sicherungshebel in Reichweite des Daumens befindet. Bei diesem Modell wurde auch eine funktionelle hintere Drucksicherung verwendet. Sie erzwingt einen korrekten Griff, um einen Schuss abzugeben. Um unsere gro\u00dfe Auswahl an Airsoft-Zubeh\u00f6r zu sehen, besuchen Sie <a href=\"https:\/\/ak47.nu\/de\/airsoft\/\">unsere Airsoft-Kategorie<\/a>.<\/p>\n<h3>Perfekt f\u00fcr CQB und sparsamen Gebrauch<\/h3>\n<p>Eine angemessene M\u00fcndungsgeschwindigkeit macht diese Replik zu einer perfekten Wahl als Seitenwaffe f\u00fcr den Einsatz in Geb\u00e4uden auf kurze Distanz. Gleichzeitig ist der Gasverbrauch im Vergleich zu anderen st\u00e4rkeren Repliken gering, was die Replik sparsam im Gebrauch macht. Der Au\u00dfenlauf hat ein spezielles Gewinde, das die Montage eines Pistolen-Schalld\u00e4mpfers erm\u00f6glicht. Suchen Sie weitere Produkte? Besuchen Sie <a href=\"https:\/\/ak47.nu\/de\/\">unsere Homepage<\/a>.<\/p>\n<ul>\n<li>Name: WE-055GT<\/li>\n<li>Hersteller: WE<\/li>\n<li>Garantie: 6 Monate<\/li>\n<li>Hergestellt aus: Metall + Kunststoff<\/li>\n<li>Antrieb \/ Betrieben mit: Gas - Green Gas<\/li>\n<li>Geschwindigkeit [FPS]: ~320<\/li>\n<li>L\u00e4nge [mm]: 212<\/li>\n<li>Gewicht [g]: 966<\/li>\n<li>Feuerart: Einzel<\/li>\n<li>Magazintyp: Low-Cap Magazin<\/li>\n<li>Magazinkapazit\u00e4t [St\u00fcck]: 15<\/li>\n<li>Hop-up: Ja, einstellbar<\/li>\n<li>Blow Back: Ja<\/li>\n<\/ul>\n<p>Der Hersteller liefert au\u00dferdem ein Magazin mit 15 BB-Pellets mit.<\/p>\n<p>Das Set beinhaltet:<br>- die Replik<br>- das Magazin<\/p>","protected":false},"excerpt":{"rendered":"<p>WE &#8211; Wei-E Tech &#8211; 055GT Pistole Replika 6mm Airsoft Hochwertige Airsoft-Pistolenreplik f\u00fcr CQB Die WE-055GT Pistolenreplik ist fast vollst\u00e4ndig aus Metall gefertigt. Der Pistolenrahmen und der Schlitten, der Lauf und einige andere kleinere Elemente sind aus Metall gefertigt. Die Griffschalen mit der profilierten Textur sind aus strapazierf\u00e4higem, rutschfestem Kunststoff gefertigt. Eine sehr gute Verarbeitung [&#8230;]","protected":false},"featured_media":20509,"template":"","meta":[],"product_brand":[],"product_cat":[411],"product_tag":[],"class_list":{"0":"post-20520","1":"product","2":"type-product","3":"status-publish","4":"has-post-thumbnail","6":"product_cat-pistoler-grongas","7":"pa_brand-we","9":"first","10":"instock","11":"sale","12":"taxable","13":"shipping-taxable","14":"purchasable","15":"product-type-simple"},"_links":{"self":[{"href":"https:\/\/ak47.nu\/de\/wp-json\/wp\/v2\/product\/20520","targetHints":{"allow":["GET"]}}],"collection":[{"href":"https:\/\/ak47.nu\/de\/wp-json\/wp\/v2\/product"}],"about":[{"href":"https:\/\/ak47.nu\/de\/wp-json\/wp\/v2\/types\/product"}],"wp:featuredmedia":[{"embeddable":true,"href":"https:\/\/ak47.nu\/de\/wp-json\/wp\/v2\/media\/20509"}],"wp:attachment":[{"href":"https:\/\/ak47.nu\/de\/wp-json\/wp\/v2\/media?parent=20520"}],"wp:term":[{"taxonomy":"product_brand","embeddable":true,"href":"https:\/\/ak47.nu\/de\/wp-json\/wp\/v2\/product_brand?post=20520"},{"taxonomy":"product_cat","embeddable":true,"href":"https:\/\/ak47.nu\/de\/wp-json\/wp\/v2\/product_cat?post=20520"},{"taxonomy":"product_tag","embeddable":true,"href":"https:\/\/ak47.nu\/de\/wp-json\/wp\/v2\/product_tag?post=20520"}],"curies":[{"name":"wp","href":"https:\/\/api.w.org\/{rel}","templated":true}]}}