{"id":20636,"date":"2022-05-07T11:18:39","date_gmt":"2022-05-07T09:18:39","guid":{"rendered":"https:\/\/ak47.nu\/produkt\/umarex-heckler-koch-usp-replica-tactical-6mm-electric\/"},"modified":"2025-12-03T20:25:21","modified_gmt":"2025-12-03T19:25:21","slug":"umarex-hk-usp-tactical-replika-6mm-elektrisch","status":"publish","type":"product","link":"https:\/\/ak47.nu\/de\/produkt\/airsoft\/el-drivna\/pistoler\/umarex-hk-usp-tactical-replika-6mm-elektrisch\/","title":{"rendered":"Umarex HK USP Tactical Replika 6mm Elektrisch"},"content":{"rendered":"<h1>Umarex Heckler & Koch USP Tactical Elektrische Replika 6mm<\/h1>\n<h2>Elektrische Replika der HK USP Tactical<\/h2>\n<p>Diese elektrische Replika der Heckler & Koch USP Tactical Pistole ist ideal f&uuml;r den Einsatz bei allen Wetterbedingungen, im Gegensatz zu gasbetriebenen Repliken. Sie k&ouml;nnen weiterspielen, auch wenn das Wetter nicht mitspielt. Der Vorteil einer elektrischen Replika ist, dass Sie sich keine Sorgen machen m&uuml;ssen, dass das Gas ausgeht oder der Druck bei K&auml;lte nachl&auml;sst.<\/p>\n<h3>Hohe Qualit&auml;t und realistisches Design<\/h3>\n<p>Die Replika besteht gr&ouml;&szlig;tenteils aus strapazierf&auml;higem Kunststoff, was f&uuml;r geringes Gewicht und gute Haltbarkeit sorgt. Der Verschluss und der mitgelieferte Schalld&auml;mpfer sind aus Metall gefertigt, um zus&auml;tzlichen Realismus und Robustheit zu gew&auml;hrleisten. Diese Materialkombination bietet ein gutes Gleichgewicht zwischen Gewicht und Haptik.<\/p>\n<h3>Funktionen und Vorteile<\/h3>\n<ul>\n <li><strong>22-mm-Schiene:<\/strong> Unter dem Lauf befindet sich eine 22-mm-Schiene zur Befestigung von Zubeh&ouml;r wie Lampen oder Laserzielger&auml;ten.<\/li>\n <li><strong>Magazin:<\/strong> Das doppelreihige Magazin fasst 30 BB-Kugeln, wodurch die Notwendigkeit h&auml;ufigen Nachladens reduziert wird.<\/li>\n <li><strong>Dauerfeuer:<\/strong> Die M&ouml;glichkeit zum Dauerfeuer bietet einen Vorteil in Szenarien, in denen Sie eine schnelle Schussfolge ben&ouml;tigen.<\/li>\n<\/ul>\n<h3>Im Paket enthalten:<\/h3>\n<ul>\n <li>Elektrische Replika der Heckler & Koch USP Tactical Pistole<\/li>\n <li>Magazin mit geringer Kapazit&auml;t (30 BB)<\/li>\n <li>Schalld&auml;mpfer<\/li>\n <li>Ladeger&auml;t<\/li>\n<\/ul>\n<p>Verbessern Sie Ihr Airsoft-Erlebnis mit dieser zuverl&auml;ssigen und vielseitigen <a href=\"https:\/\/ak47.nu\/de\/butik\/\">Umarex-Replika<\/a>! Diese <a href=\"https:\/\/ak47.nu\/de\/airsoft\/\">Airsoft-Pistolenreplika<\/a> ist perfekt f&uuml;r Spieler, die eine zuverl&auml;ssige Seitenwaffe suchen. Besuchen Sie <a href=\"https:\/\/ak47.nu\/de\/\">unsere Website<\/a> f&uuml;r weitere Produkte!<\/p>","protected":false},"excerpt":{"rendered":"<p>K\u00f6p UMAREX HECKLER &amp; KOCH USP REPLICA TACTICAL 6MM Electric hos oss. Vi erbjuder h\u00f6gkvalitativa airsoftvapen och tillbeh\u00f6r f\u00f6r dina behov. Utforska v\u00e5rt sortiment idag!<\/p>","protected":false},"featured_media":20631,"template":"","meta":[],"product_brand":[],"product_cat":[399],"product_tag":[],"class_list":{"0":"post-20636","1":"product","2":"type-product","3":"status-publish","4":"has-post-thumbnail","6":"product_cat-pistoler","7":"pa_brand-umarex","9":"first","10":"outofstock","11":"sale","12":"taxable","13":"shipping-taxable","14":"purchasable","15":"product-type-simple"},"_links":{"self":[{"href":"https:\/\/ak47.nu\/de\/wp-json\/wp\/v2\/product\/20636","targetHints":{"allow":["GET"]}}],"collection":[{"href":"https:\/\/ak47.nu\/de\/wp-json\/wp\/v2\/product"}],"about":[{"href":"https:\/\/ak47.nu\/de\/wp-json\/wp\/v2\/types\/product"}],"wp:featuredmedia":[{"embeddable":true,"href":"https:\/\/ak47.nu\/de\/wp-json\/wp\/v2\/media\/20631"}],"wp:attachment":[{"href":"https:\/\/ak47.nu\/de\/wp-json\/wp\/v2\/media?parent=20636"}],"wp:term":[{"taxonomy":"product_brand","embeddable":true,"href":"https:\/\/ak47.nu\/de\/wp-json\/wp\/v2\/product_brand?post=20636"},{"taxonomy":"product_cat","embeddable":true,"href":"https:\/\/ak47.nu\/de\/wp-json\/wp\/v2\/product_cat?post=20636"},{"taxonomy":"product_tag","embeddable":true,"href":"https:\/\/ak47.nu\/de\/wp-json\/wp\/v2\/product_tag?post=20636"}],"curies":[{"name":"wp","href":"https:\/\/api.w.org\/{rel}","templated":true}]}}