{"id":20648,"date":"2022-05-07T11:19:49","date_gmt":"2022-05-07T09:19:49","guid":{"rendered":"https:\/\/ak47.nu\/produkt\/cybergun-desert-eagle-official-replica-airsoft-6mm-co2-blowback\/"},"modified":"2025-12-03T20:20:10","modified_gmt":"2025-12-03T19:20:10","slug":"cybergun-desert-eagle-airsoft-6mm-co2-blowback","status":"publish","type":"product","link":"https:\/\/ak47.nu\/de\/produkt\/airsoft\/co2\/pistoler-co2\/cybergun-desert-eagle-airsoft-6mm-co2-blowback\/","title":{"rendered":"Cybergun Desert Eagle Airsoft 6mm CO2 Blowback"},"content":{"rendered":"<h1>Cybergun - Desert Eagle - Offizielle Replika - Airsoft - 6mm - CO2 - Blowback<\/h1>\n<h2>Legend\u00e4re Airsoft-Pistole mit Vollautomatik<\/h2>\n<p>Diese Cybergun Desert Eagle Airsoft-Pistole bietet ein legend\u00e4res Erlebnis. Mit einer Energie von 1,4 Joule verschie\u00dft dieses Biest 6-mm-BBs mit einer vollst\u00e4ndigen Blowback-Funktion und der M\u00f6glichkeit, zur Wartung und f\u00fcr mehr Realismus zerlegt zu werden. Sie hat das richtige Gef\u00fchl und besteht f\u00fcr ein authentisches Gewicht und Haltbarkeit aus Metall.<\/p>\n<p>Diese Airsoft-Pistole verf\u00fcgt auch \u00fcber einen vollautomatischen Modus, der sich perfekt f\u00fcr Szenarien eignet, in denen Sie schnelle Feuerkraft ben\u00f6tigen. Mit einem Gewicht von 1,2 kg und einer L\u00e4nge von 27 cm liegt sie robust und realistisch in der Hand. Das Magazin fasst 21 BBs.<\/p>\n<h3>Spezifikationen:<\/h3>\n<ul>\n <li>Energie: 1,4 Joule<\/li>\n <li>Geschwindigkeit: 389 fps \/ 119 m\/s<\/li>\n <li>Gewicht: 1,2 kg<\/li>\n <li>L\u00e4nge: 27 cm<\/li>\n <li>Magazin: 21 BBs<\/li>\n<\/ul>\n<p>Erleben Sie die Kraft und den Realismus dieser Desert Eagle Airsoft-Pistole.  Schauen Sie sich unser Angebot an <a href=\"https:\/\/ak47.nu\/de\/butik\/\">Airsoft-Ersatzmagazine<\/a> an, damit Sie l\u00e4nger im Spiel bleiben. Besuchen Sie unsere <a href=\"https:\/\/ak47.nu\/de\/airsoft\/\">Airsoft-Pistolen Kategorie<\/a>, um weitere Optionen zu sehen. F\u00fcr weitere Informationen zu unserem Sortiment besuchen Sie <a href=\"https:\/\/ak47.nu\/de\/\">unsere Website<\/a>.<\/p>","protected":false},"excerpt":{"rendered":"<p>K\u00f6p officiell replika av Cybergun Desert Eagle Airsoft med 6mm kaliber och co2-drift. Upplev realistiskt blowback-rekyl.<\/p>","protected":false},"featured_media":20646,"template":"","meta":[],"product_brand":[],"product_cat":[405],"product_tag":[],"class_list":{"0":"post-20648","1":"product","2":"type-product","3":"status-publish","4":"has-post-thumbnail","6":"product_cat-pistoler-co2","7":"pa_brand-swiss-arms","9":"first","10":"outofstock","11":"sale","12":"taxable","13":"shipping-taxable","14":"purchasable","15":"product-type-simple"},"_links":{"self":[{"href":"https:\/\/ak47.nu\/de\/wp-json\/wp\/v2\/product\/20648","targetHints":{"allow":["GET"]}}],"collection":[{"href":"https:\/\/ak47.nu\/de\/wp-json\/wp\/v2\/product"}],"about":[{"href":"https:\/\/ak47.nu\/de\/wp-json\/wp\/v2\/types\/product"}],"wp:featuredmedia":[{"embeddable":true,"href":"https:\/\/ak47.nu\/de\/wp-json\/wp\/v2\/media\/20646"}],"wp:attachment":[{"href":"https:\/\/ak47.nu\/de\/wp-json\/wp\/v2\/media?parent=20648"}],"wp:term":[{"taxonomy":"product_brand","embeddable":true,"href":"https:\/\/ak47.nu\/de\/wp-json\/wp\/v2\/product_brand?post=20648"},{"taxonomy":"product_cat","embeddable":true,"href":"https:\/\/ak47.nu\/de\/wp-json\/wp\/v2\/product_cat?post=20648"},{"taxonomy":"product_tag","embeddable":true,"href":"https:\/\/ak47.nu\/de\/wp-json\/wp\/v2\/product_tag?post=20648"}],"curies":[{"name":"wp","href":"https:\/\/api.w.org\/{rel}","templated":true}]}}