{"id":20656,"date":"2022-05-07T11:19:59","date_gmt":"2022-05-07T09:19:59","guid":{"rendered":"https:\/\/ak47.nu\/produkt\/umarex-race-gun-airsoft-replica-6mm-co2-top-quality\/"},"modified":"2025-12-03T20:24:52","modified_gmt":"2025-12-03T19:24:52","slug":"umarex-race-gun-airsoft-replik-6mm-co2","status":"publish","type":"product","link":"https:\/\/ak47.nu\/de\/produkt\/airsoft\/co2\/pistoler-co2\/umarex-race-gun-airsoft-replik-6mm-co2\/","title":{"rendered":"Umarex Race Gun Airsoft Replik - 6mm CO2"},"content":{"rendered":"<h1>Umarex RACE GUN - Airsoft Replik - 6mm - co2 - Top Qualit\u00e4t<\/h1>\n<h2>Elite Force Racegun Pistolen-Replik: F\u00fcr dynamisches Schie\u00dfen entwickelt<\/h2>\n<p>Diese Pistolen-Replik, hergestellt von Umarex, geh\u00f6rt zur Elite Force-Serie und steht f\u00fcr h\u00f6chste Qualit\u00e4t. Die RaceGun wurde f\u00fcr dynamisches AIPSC-Schie\u00dfen entwickelt, bei dem jede Sekunde z\u00e4hlt und Effektivit\u00e4t entscheidend ist. Die Konstruktion besteht fast vollst\u00e4ndig aus Metall, mit Polymergriffen. Zu den Metallteilen geh\u00f6ren das Skelett, der Schlitten, der Lauf und die Optikmontage. Die Balance ist ideal und die Griffe sind mit einem Anti-Rutsch-Muster f\u00fcr verbesserte Stabilit\u00e4t versehen. Wenn Sie nach <a href=\"https:\/\/ak47.nu\/de\/butik\/\">\u00e4hnlichen Airsoft-Pistolen<\/a> suchen, ist dies eine ausgezeichnete Wahl.<\/p>\n<h3>Von Sportwaffen inspirierte Funktionen<\/h3>\n<p>Diese Replik enth\u00e4lt interessante L\u00f6sungen, die von Sportwaffen inspiriert sind. Ein R\u00fccksto\u00dfkompensator befindet sich an der Vorderseite, und eine RIS 22 mm Montageschiene unter dem Lauf erm\u00f6glicht Zubeh\u00f6r wie taktische Beleuchtung oder Laser-Visiere. Die obere Schiene erm\u00f6glicht die Ausr\u00fcstung mit einem optischen Visier f\u00fcr schnelleres Zielen mit beiden Augen. Die Replik verf\u00fcgt \u00fcber eine doppelseitige Sicherung.<\/p>\n<p>Der Magazin-Ausl\u00f6seknopf und der Magazinschacht sind f\u00fcr schnellere Magazinwechsel vergr\u00f6\u00dfert. Ein Hebel an der R\u00fcckseite des Schlittens vereinfacht das Nachladen und kann auf der linken oder rechten Seite platziert werden. Ein verl\u00e4ngertes &ldquo;Beaver Tail&rdquo; sch\u00fctzt vor Hammerschl\u00e4gen. Der Abzugsweg ist ebenfalls verk\u00fcrzt. Das Blow-Back-System bewegt den Schlitten bei jedem Schuss und ahmt eine echte Schusswaffe nach. Dank des Metallschlittens und CO2 liefert die RaceGun beim Abfeuern einen zufriedenstellenden &ldquo;Kick&rdquo;. Besuchen Sie unsere <a href=\"https:\/\/ak47.nu\/de\/airsoft\/\">Airsoft-Pistolen Kategorie<\/a> f\u00fcr weitere Optionen.<\/p>\n<h3>Tru-glo Visierungen und CO2-Betrieb<\/h3>\n<p>Die RaceGun verf\u00fcgt \u00fcber feste Tru-glo Visierungen, die das Zielen auch bei schlechten Lichtverh\u00e4ltnissen verbessern. Das Set enth\u00e4lt zwei austauschbare hintere Visierungen - Standard und Fiberoptik. Die Replik wird mit einer Standard 12 g CO2-Kapsel im Magazin betrieben, das aus Polymer und Metall besteht und bis zu 16 BBs aufnehmen kann. Um unser gesamtes Sortiment zu sehen, besuchen Sie <a href=\"https:\/\/ak47.nu\/de\/\">unsere Website<\/a>.<\/p>\n<ul>\n <li>CO2 - 12g<\/li>\n <li>2 Joule<\/li>\n <li>Metallwaffe<\/li>\n <li>Metalllauf<\/li>\n <li>Einstellbare Visierungen<\/li>\n <li>Single Action<\/li>\n <li>16 Schuss Magazin<\/li>\n <li>6mm Airsoft<\/li>\n<\/ul>\n<p>Das Set beinhaltet:<\/p>\n<ul>\n <li>Replik<\/li>\n <li>Magazin<\/li>\n <li>2 austauschbare hintere Visierungen<\/li>\n <li>Inbusschl\u00fcssel f\u00fcr die Montage<\/li>\n <li>Handbuch<\/li>\n <li>Reflexvisier-Replik<\/li>\n<\/ul>","protected":false},"excerpt":{"rendered":"<p>Umarex RACE GUN &#8211; Airsoft Replik &#8211; 6mm &#8211; co2 &#8211; Top Qualit\u00e4t Elite Force Racegun Pistolen-Replik: F\u00fcr dynamisches Schie\u00dfen entwickelt Diese Pistolen-Replik, hergestellt von Umarex, geh\u00f6rt zur Elite Force-Serie und steht f\u00fcr h\u00f6chste Qualit\u00e4t. Die RaceGun wurde f\u00fcr dynamisches AIPSC-Schie\u00dfen entwickelt, bei dem jede Sekunde z\u00e4hlt und Effektivit\u00e4t entscheidend ist. Die Konstruktion besteht fast [&#8230;]","protected":false},"featured_media":20651,"template":"","meta":[],"product_brand":[],"product_cat":[405],"product_tag":[],"class_list":{"0":"post-20656","1":"product","2":"type-product","3":"status-publish","4":"has-post-thumbnail","6":"product_cat-pistoler-co2","7":"pa_brand-umarex","9":"first","10":"outofstock","11":"sale","12":"taxable","13":"shipping-taxable","14":"purchasable","15":"product-type-simple"},"_links":{"self":[{"href":"https:\/\/ak47.nu\/de\/wp-json\/wp\/v2\/product\/20656","targetHints":{"allow":["GET"]}}],"collection":[{"href":"https:\/\/ak47.nu\/de\/wp-json\/wp\/v2\/product"}],"about":[{"href":"https:\/\/ak47.nu\/de\/wp-json\/wp\/v2\/types\/product"}],"wp:featuredmedia":[{"embeddable":true,"href":"https:\/\/ak47.nu\/de\/wp-json\/wp\/v2\/media\/20651"}],"wp:attachment":[{"href":"https:\/\/ak47.nu\/de\/wp-json\/wp\/v2\/media?parent=20656"}],"wp:term":[{"taxonomy":"product_brand","embeddable":true,"href":"https:\/\/ak47.nu\/de\/wp-json\/wp\/v2\/product_brand?post=20656"},{"taxonomy":"product_cat","embeddable":true,"href":"https:\/\/ak47.nu\/de\/wp-json\/wp\/v2\/product_cat?post=20656"},{"taxonomy":"product_tag","embeddable":true,"href":"https:\/\/ak47.nu\/de\/wp-json\/wp\/v2\/product_tag?post=20656"}],"curies":[{"name":"wp","href":"https:\/\/api.w.org\/{rel}","templated":true}]}}