{"id":20665,"date":"2022-05-07T11:20:11","date_gmt":"2022-05-07T09:20:11","guid":{"rendered":"https:\/\/ak47.nu\/produkt\/well-g195-beretta-dual-system-blowback-6mm-replica-airsoft\/"},"modified":"2025-12-03T20:24:13","modified_gmt":"2025-12-03T19:24:13","slug":"well-g195-beretta-airsoft-pistole-dual-system","status":"publish","type":"product","link":"https:\/\/ak47.nu\/de\/produkt\/airsoft\/co2\/pistoler-co2\/well-g195-beretta-airsoft-pistole-dual-system\/","title":{"rendered":"WELL G195 Beretta Airsoft Pistole - Dual System Blowback"},"content":{"rendered":"<h1>WELL G195 Beretta Airsoft Pistole - Dual System Blowback<\/h1>\n<h2>Authentische Nachbildung mit Blowback-System<\/h2>\n<p>Die WELL G195 ist eine beeindruckende Beretta-Nachbildung, haupts&auml;chlich aus Metall gefertigt, wobei Schlitten und Rahmen aus Zink- und Aluminiumlegierung bestehen. Polymerteile, wie die Seitenverkleidungen des Pistolengriffs und verschiedene interne Komponenten, tragen zum vertrauten Design bei. Diese Airsoft-Pistole bietet dank ihres Blowback-Systems und der Dual-System-Funktionalit&auml;t ein realistisches Schie&szlig;erlebnis.<\/p>\n<h3>Magazin und Realismus<\/h3>\n<p>Das Gasreservoir befindet sich im Magazin, das bis zu 24 BBs aufnehmen kann. Das Set enth&auml;lt ein Magazin, das mit CO2-Kapseln betrieben wird, um zus&auml;tzliche Leistung zu erzielen. Das Blowback-System erh&ouml;ht den Realismus, indem es den Schlitten bei jedem Schuss zur&uuml;ckzieht und so eine echte Schusswaffe imitiert. Nachdem die letzte BB abgefeuert wurde, arretiert der Schlitten in der hinteren Position.<\/p>\n<h3>Sicherheit und Gewicht<\/h3>\n<p>Die beidh&auml;ndige, gefl&uuml;gelte Sicherung arretiert den Schlitten f&uuml;r eine sichere Handhabung. Das erhebliche Gewicht der Pistole in Verbindung mit dem Blowback-System sorgt f&uuml;r ein authentisches Schie&szlig;erlebnis, das dem Abfeuern einer echten Seitenwaffe so nahe wie m&ouml;glich kommt.<\/p>\n<h3>Das Set beinhaltet:<\/h3>\n<ul>\n<li>WELL G195 Beretta Airsoft Pistole<\/li>\n<li>CO2-Magazin<\/li>\n<\/ul>\n<p>Entdecken Sie unsere Auswahl an <a href=\"https:\/\/ak47.nu\/de\/butik\/\">Airsoft-Pistolen<\/a> und <a href=\"https:\/\/ak47.nu\/de\/airsoft\/\">Airsoft-Waffen<\/a>, um das richtige Modell f&uuml;r Sie zu finden. Besuchen Sie auch unsere <a href=\"https:\/\/ak47.nu\/de\/\">Homepage<\/a>, um die gesamte Auswahl zu sehen.<\/p>","protected":false},"excerpt":{"rendered":"<p>K\u00f6p WELL G195 Beretta dual system blowback 6mm replica airsoft &#8211; B\u00e4sta priser och kvalitet hos oss! Utforska v\u00e5rt sortiment av WELL G195 Beretta dual system blowback 6mm replica airsoft och njut av realistisk airsoft-upplevelse. Handla nu och f\u00e5 snabb leverans.<\/p>","protected":false},"featured_media":20661,"template":"","meta":[],"product_brand":[],"product_cat":[405],"product_tag":[],"class_list":{"0":"post-20665","1":"product","2":"type-product","3":"status-publish","4":"has-post-thumbnail","6":"product_cat-pistoler-co2","7":"pa_brand-well","8":"pa_farg-svart","9":"pa_storlek-559","11":"first","12":"outofstock","13":"sale","14":"taxable","15":"shipping-taxable","16":"purchasable","17":"product-type-simple"},"_links":{"self":[{"href":"https:\/\/ak47.nu\/de\/wp-json\/wp\/v2\/product\/20665","targetHints":{"allow":["GET"]}}],"collection":[{"href":"https:\/\/ak47.nu\/de\/wp-json\/wp\/v2\/product"}],"about":[{"href":"https:\/\/ak47.nu\/de\/wp-json\/wp\/v2\/types\/product"}],"wp:featuredmedia":[{"embeddable":true,"href":"https:\/\/ak47.nu\/de\/wp-json\/wp\/v2\/media\/20661"}],"wp:attachment":[{"href":"https:\/\/ak47.nu\/de\/wp-json\/wp\/v2\/media?parent=20665"}],"wp:term":[{"taxonomy":"product_brand","embeddable":true,"href":"https:\/\/ak47.nu\/de\/wp-json\/wp\/v2\/product_brand?post=20665"},{"taxonomy":"product_cat","embeddable":true,"href":"https:\/\/ak47.nu\/de\/wp-json\/wp\/v2\/product_cat?post=20665"},{"taxonomy":"product_tag","embeddable":true,"href":"https:\/\/ak47.nu\/de\/wp-json\/wp\/v2\/product_tag?post=20665"}],"curies":[{"name":"wp","href":"https:\/\/api.w.org\/{rel}","templated":true}]}}