{"id":20732,"date":"2022-05-07T11:22:53","date_gmt":"2022-05-07T09:22:53","guid":{"rendered":"https:\/\/ak47.nu\/produkt\/kwc-357-4-revolver-replica-airsoft-6mm-co2\/"},"modified":"2025-12-03T20:08:53","modified_gmt":"2025-12-03T19:08:53","slug":"kwc-357-4-revolver-airsoft-6mm-co2-nachbildung","status":"publish","type":"product","link":"https:\/\/ak47.nu\/de\/produkt\/airsoft\/co2\/revolvrar\/kwc-357-4-revolver-airsoft-6mm-co2-nachbildung\/","title":{"rendered":"KWC .357 4\" Revolver Airsoft 6mm Co2 Nachbildung"},"content":{"rendered":"<h1>KWC .357 4\" Revolver Airsoft 6mm Co2 Nachbildung<\/h1>\n<h2>Authentischer und robuster Airsoft-Revolver<\/h2>\n<p>Die KWC .357 4\" Revolver-Nachbildung ist ein robuster und realistischer Airsoft-Revolver, der mit Co2 betrieben wird. Diese Nachbildung kombiniert ein authentisches Gef\u00fchl mit au\u00dfergew\u00f6hnlichem Grip, was sie zu einer ausgezeichneten Wahl f\u00fcr Airsoft-Enthusiasten macht. Das realistische Laden mit separaten H\u00fclsen tr\u00e4gt zu einem authentischen Erlebnis bei. Dieser Revolver verschie\u00dft 6mm Airsoft-Munition.<\/p>\n<h2>Hochwertige Materialien und realistisches Design<\/h2>\n<p>Diese 4\" .357 Revolver-Nachbildung von KWC ist aus strapazierf\u00e4higem Polymer und Metall gefertigt. Der K\u00f6rper, der Zylinder, der Hammer und der Lauf sind aus Metall, w\u00e4hrend der Pistolengriff und die H\u00fclsen aus Polymer gefertigt sind. Der Airsoft-Revolver wird mit einer 12g Co2-Kapsel betrieben. Die ersten Sch\u00fcsse k\u00f6nnen eine Geschwindigkeit von ~450 FPS (Feet Per Second) erreichen, aber nachfolgende Sch\u00fcsse stabilisieren sich bei ~395 FPS. Der Zylinder fasst 6 H\u00fclsen, die jeweils eine 6mm BB aufnehmen k\u00f6nnen.<\/p>\n<h3>Mitgeliefertes Zubeh\u00f6r:<\/h3>\n<ul>\n <li>4\" .357 Revolver-Nachbildung<\/li>\n <li>Satz H\u00fclsen (6 St\u00fcck)<\/li>\n <li>Schnelllader f\u00fcr H\u00fclsen<\/li>\n<\/ul>\n<h2>Spezifikationen:<\/h2>\n<ul>\n <li>Name: Replika Revolver 4\" .357<\/li>\n <li>Hersteller: KWC<\/li>\n <li>Garantie: 6 Monate<\/li>\n <li>Material: Metall + Kunststoff<\/li>\n <li>Antrieb: Gas - Co2 12g<\/li>\n <li>Geschwindigkeit: ~450 FPS<\/li>\n <li>Gewicht: 965 g<\/li>\n <li>Feuertyp: Single<\/li>\n <li>Magazintyp: Low-Cap Magazin<\/li>\n <li>Magazinkapazit\u00e4t: 6 St\u00fcck<\/li>\n <li>Hop-up: Ja, fest<\/li>\n<\/ul>\n\n<p>Erleben Sie ein authentisches Airsoft-Erlebnis mit dieser detaillierten Revolver-Nachbildung. <a href=\"https:\/\/ak47.nu\/de\/butik\/\">Besuchen Sie unser Angebot an Airsoft-Waffen<\/a>, um weitere Optionen zu finden. F\u00fcr weitere Informationen \u00fcber Airsoft und Zubeh\u00f6r besuchen Sie unsere <a href=\"https:\/\/ak47.nu\/de\/airsoft\/\">Airsoft-Kategorie<\/a>. Entdecken Sie unser breites Sortiment an Produkten auf <a href=\"https:\/\/ak47.nu\/de\/\">unserer Website<\/a>.<\/p>","protected":false},"excerpt":{"rendered":"<p>KWC .357 4&#8243; Revolver Airsoft 6mm Co2 Nachbildung Authentischer und robuster Airsoft-Revolver Die KWC .357 4&#8243; Revolver-Nachbildung ist ein robuster und realistischer Airsoft-Revolver, der mit Co2 betrieben wird. Diese Nachbildung kombiniert ein authentisches Gef\u00fchl mit au\u00dfergew\u00f6hnlichem Grip, was sie zu einer ausgezeichneten Wahl f\u00fcr Airsoft-Enthusiasten macht. Das realistische Laden mit separaten H\u00fclsen tr\u00e4gt zu einem [&#8230;]","protected":false},"featured_media":20727,"template":"","meta":[],"product_brand":[],"product_cat":[406],"product_tag":[],"class_list":{"0":"post-20732","1":"product","2":"type-product","3":"status-publish","4":"has-post-thumbnail","6":"product_cat-revolvrar","7":"pa_brand-kwc","8":"pa_farg-svart","10":"first","11":"outofstock","12":"sale","13":"taxable","14":"shipping-taxable","15":"purchasable","16":"product-type-simple"},"_links":{"self":[{"href":"https:\/\/ak47.nu\/de\/wp-json\/wp\/v2\/product\/20732","targetHints":{"allow":["GET"]}}],"collection":[{"href":"https:\/\/ak47.nu\/de\/wp-json\/wp\/v2\/product"}],"about":[{"href":"https:\/\/ak47.nu\/de\/wp-json\/wp\/v2\/types\/product"}],"wp:featuredmedia":[{"embeddable":true,"href":"https:\/\/ak47.nu\/de\/wp-json\/wp\/v2\/media\/20727"}],"wp:attachment":[{"href":"https:\/\/ak47.nu\/de\/wp-json\/wp\/v2\/media?parent=20732"}],"wp:term":[{"taxonomy":"product_brand","embeddable":true,"href":"https:\/\/ak47.nu\/de\/wp-json\/wp\/v2\/product_brand?post=20732"},{"taxonomy":"product_cat","embeddable":true,"href":"https:\/\/ak47.nu\/de\/wp-json\/wp\/v2\/product_cat?post=20732"},{"taxonomy":"product_tag","embeddable":true,"href":"https:\/\/ak47.nu\/de\/wp-json\/wp\/v2\/product_tag?post=20732"}],"curies":[{"name":"wp","href":"https:\/\/api.w.org\/{rel}","templated":true}]}}