{"id":20777,"date":"2022-05-07T11:23:38","date_gmt":"2022-05-07T09:23:38","guid":{"rendered":"https:\/\/ak47.nu\/produkt\/colt-saa-peacemaker-m-sv-nbb-gas-airsoft-cybergun-180387\/"},"modified":"2025-12-03T20:23:38","modified_gmt":"2025-12-03T19:23:38","slug":"colt-saa-peacemaker-m-sv-nbb-gas-airsoft-cybergun","status":"publish","type":"product","link":"https:\/\/ak47.nu\/de\/produkt\/airsoft\/grongas\/revolvrar-grongas\/colt-saa-peacemaker-m-sv-nbb-gas-airsoft-cybergun\/","title":{"rendered":"Colt SAA Peacemaker M-SV NBB Gas Airsoft | Cybergun"},"content":{"rendered":"<h1>Colt SAA Peacemaker M-SV NBB Gas - Airsoft - Cybergun<\/h1>\n<h2>Ein legend\u00e4rer Revolver, neu erschaffen f\u00fcr Airsoft<\/h2>\n<p>Im Jahr 1832, als Samuel Colt erst 18 Jahre alt war, begann er mit der Entwicklung eines revolution\u00e4ren Mechanismus, der die Geschichte der Schusswaffen ver\u00e4ndern sollte: den Revolver. Diese Innovation war die perfekte Synthese zwischen Pepperbox- und Drehfeuerwaffen, die zu dieser Zeit die einzigen Repetierwaffen waren. Colts Pistole war zuverl\u00e4ssiger und schneller als alle anderen und stellte innerhalb weniger Jahrzehnte alle bisherigen Schusswaffenmechanismen in den Schatten. Feiern Sie das Erbe mit dieser <a href=\"https:\/\/ak47.nu\/de\/butik\/\">Colt Peacemaker Replika<\/a>.<\/p>\n<p>1836 patentierte Colt den Paterson, den ersten einer langen Reihe erfolgreicher Revolver, darunter den Colt Walker, Colt 1848 Dragoon, Colt Model 1851 Navy, Colt Model 1860 Army und vor allem den mythischen Colt Model 1873 Single Action Army, Spitzname \"the Peacemaker\". Diese Airsoft-Version von Cybergun ehrt dieses Erbe.<\/p>\n<p>Auch nach dem Tod des Gr\u00fcnders im Jahr 1862 setzte die Colt Firearms Company ihre Innovationen fort und bezauberte Zivilisten, Polizisten und Milit\u00e4rs weltweit mit Schusswaffen, die so ber\u00fchmt sind wie die Colt 1911, Colt Python oder das superikonische M16-Gewehr und seine Derivate. Entdecken Sie noch heute unsere Auswahl an <a href=\"https:\/\/ak47.nu\/de\/airsoft\/\">hochwertigen Airsoft-Waffen<\/a>!<\/p>\n<h3>Wichtigste Funktionen im \u00dcberblick:<\/h3>\n<ul>\n <li><strong>Hersteller:<\/strong> King Arms<\/li>\n <li><strong>Lizenz:<\/strong> Colt<\/li>\n <li><strong>Farbe:<\/strong> Silber<\/li>\n <li><strong>Antrieb:<\/strong> Gas<\/li>\n <li><strong>Material:<\/strong> Metall und Kunststoff<\/li>\n <li><strong>BBs Kapazit\u00e4t:<\/strong> 6<\/li>\n<\/ul>\n<h3>Technische Daten:<\/h3>\n<ul>\n <li><strong>AirGun-kompatibel:<\/strong> Nein<\/li>\n <li><strong>AirSoft-kompatibel:<\/strong> Ja<\/li>\n <li><strong>Kaliber:<\/strong> 6 mm<\/li>\n <li><strong>Joule:<\/strong> 1<\/li>\n <li><strong>Pistolenl\u00e4nge (in mm):<\/strong> 253<\/li>\n <li><strong>Laufl\u00e4nge (innen):<\/strong> 117mm<\/li>\n <li><strong>Laufkaliber (innen):<\/strong> 6.03mm<\/li>\n <li><strong>Gewinde:<\/strong> Ohne<\/li>\n <li><strong>Normen:<\/strong> Keine<\/li>\n <li><strong>Batterieanschluss:<\/strong> Ohne<\/li>\n <li><strong>Mosfet:<\/strong> Nein<\/li>\n<\/ul>\n<p>Diese hochwertige Airsoft-Pistole von Cybergun kombiniert Realismus mit Leistung. Erleben Sie die Kraft und Pr\u00e4zision einer <a href=\"https:\/\/ak47.nu\/de\/\">Colt-Replika<\/a>. Perfekt f\u00fcr Airsoft-Enthusiasten!<\/p>","protected":false},"excerpt":{"rendered":"<p>K\u00f6p Colt SAA Peacemaker M-SV NBB Gas Airsoft fr\u00e5n Cybergun &#8211; 180387. Utforska v\u00e5rt breda utbud av h\u00f6gkvalitativa airsoftvapen till f\u00f6rm\u00e5nliga priser. Best\u00e4ll idag och f\u00e5 snabb leverans och en fantastisk spelupplevelse.<\/p>","protected":false},"featured_media":20769,"template":"","meta":[],"product_brand":[],"product_cat":[412],"product_tag":[],"class_list":{"0":"post-20777","1":"product","2":"type-product","3":"status-publish","4":"has-post-thumbnail","6":"product_cat-revolvrar-grongas","7":"pa_brand-colt","8":"pa_farg-vit","10":"first","11":"outofstock","12":"taxable","13":"shipping-taxable","14":"purchasable","15":"product-type-simple"},"_links":{"self":[{"href":"https:\/\/ak47.nu\/de\/wp-json\/wp\/v2\/product\/20777","targetHints":{"allow":["GET"]}}],"collection":[{"href":"https:\/\/ak47.nu\/de\/wp-json\/wp\/v2\/product"}],"about":[{"href":"https:\/\/ak47.nu\/de\/wp-json\/wp\/v2\/types\/product"}],"wp:featuredmedia":[{"embeddable":true,"href":"https:\/\/ak47.nu\/de\/wp-json\/wp\/v2\/media\/20769"}],"wp:attachment":[{"href":"https:\/\/ak47.nu\/de\/wp-json\/wp\/v2\/media?parent=20777"}],"wp:term":[{"taxonomy":"product_brand","embeddable":true,"href":"https:\/\/ak47.nu\/de\/wp-json\/wp\/v2\/product_brand?post=20777"},{"taxonomy":"product_cat","embeddable":true,"href":"https:\/\/ak47.nu\/de\/wp-json\/wp\/v2\/product_cat?post=20777"},{"taxonomy":"product_tag","embeddable":true,"href":"https:\/\/ak47.nu\/de\/wp-json\/wp\/v2\/product_tag?post=20777"}],"curies":[{"name":"wp","href":"https:\/\/api.w.org\/{rel}","templated":true}]}}