{"id":20789,"date":"2022-05-07T11:23:45","date_gmt":"2022-05-07T09:23:45","guid":{"rendered":"https:\/\/ak47.nu\/produkt\/uhc-4-revolver-green-gas-6mm-airsoft\/"},"modified":"2025-12-03T19:26:08","modified_gmt":"2025-12-03T18:26:08","slug":"uhc-4-revolver-green-gas-6mm-airsoft","status":"publish","type":"product","link":"https:\/\/ak47.nu\/de\/produkt\/airsoft\/grongas\/revolvrar-grongas\/uhc-4-revolver-green-gas-6mm-airsoft\/","title":{"rendered":"UHC 4\" Revolver Green Gas 6mm Airsoft"},"content":{"rendered":"<h1>UHC 4\" Revolver Green Gas 6mm Airsoft<\/h1>\n<h2>Klassische Revolver-Replik f\u00fcr Airsoft<\/h2>\n<p>Diese UG-136 Revolver-Replik ist die perfekte Wahl f\u00fcr alle, die klassische Revolver lieben und ihr Airsoft-Abenteuer beginnen m\u00f6chten. <a href=\"https:\/\/ak47.nu\/de\/butik\/\">Entdecken Sie unsere anderen Airsoft-Waffen<\/a>, um das richtige Modell f\u00fcr Sie zu finden.<\/p>\n\n<h3>Green Gas-Antrieb mit authentischem Gef\u00fchl<\/h3>\n<p>Die Replik wird mit Green Gas betrieben-der Beh\u00e4lter ist im Griff versteckt. Der Abzug und der Hammer sind aus Metall gefertigt und beide beweglich. Das Magazin fasst 6 Patronen. Dieser Revolver bietet ein authentisches Gef\u00fchl und zuverl\u00e4ssige Leistung auf dem Airsoft-Feld. F\u00fcr weitere Informationen zu unseren <a href=\"https:\/\/ak47.nu\/de\/airsoft\/\">Airsoft-Revolvern<\/a> besuchen Sie unsere Kategorieseite.<\/p>\n\n<h3>Hochwertige Materialien<\/h3>\n<p>Die Replik besteht haupts\u00e4chlich aus Kunststoff, w\u00e4hrend die internen Elemente und der Innenlauf aus Metall gefertigt sind. Das Set wird mit 8 Patronen geliefert.<\/p>\n\n<h3>Premium-Details und Funktionen<\/h3>\n<ul>\n <li>Texturierter Holzgriff<\/li>\n <li>Authentische Aktion-Dr\u00fccken Sie den Hammer zum Nachladen<\/li>\n <li>Einstellbares Visier-4-Richtungs-Einstellung: Oben\/Unten\/Rechts\/Links<\/li>\n <li>Double Action und leichterer Abzug<\/li>\n <li>Erh\u00f6hte Schussreichweite<\/li>\n <li>Ausschwenkbare Trommel mit 6 Kunststoffh\u00fclsen (oder optionalen Kupferh\u00fclsen)<\/li>\n <li>Erh\u00e4ltlich in verschiedenen Farbkombinationen f\u00fcr Waffe und Griff<\/li>\n<\/ul>\n<p>Erleben Sie Pr\u00e4zision und Realismus mit diesem Premium-Revolver. <a href=\"https:\/\/ak47.nu\/de\/\">Besuchen Sie unsere Website<\/a>, um unser komplettes Sortiment und Zubeh\u00f6r zu sehen!<\/p>","protected":false},"excerpt":{"rendered":"<p>UHC 4&#8243; Revolver Green Gas 6mm Airsoft Klassische Revolver-Replik f\u00fcr Airsoft Diese UG-136 Revolver-Replik ist die perfekte Wahl f\u00fcr alle, die klassische Revolver lieben und ihr Airsoft-Abenteuer beginnen m\u00f6chten. Entdecken Sie unsere anderen Airsoft-Waffen, um das richtige Modell f\u00fcr Sie zu finden. Green Gas-Antrieb mit authentischem Gef\u00fchl Die Replik wird mit Green Gas betrieben-der Beh\u00e4lter [&#8230;]","protected":false},"featured_media":20781,"template":"","meta":[],"product_brand":[],"product_cat":[412],"product_tag":[],"class_list":{"0":"post-20789","1":"product","2":"type-product","3":"status-publish","4":"has-post-thumbnail","6":"product_cat-revolvrar-grongas","7":"pa_brand-stti","8":"pa_farg-svart","10":"first","11":"outofstock","12":"sale","13":"taxable","14":"shipping-taxable","15":"purchasable","16":"product-type-simple"},"_links":{"self":[{"href":"https:\/\/ak47.nu\/de\/wp-json\/wp\/v2\/product\/20789","targetHints":{"allow":["GET"]}}],"collection":[{"href":"https:\/\/ak47.nu\/de\/wp-json\/wp\/v2\/product"}],"about":[{"href":"https:\/\/ak47.nu\/de\/wp-json\/wp\/v2\/types\/product"}],"wp:featuredmedia":[{"embeddable":true,"href":"https:\/\/ak47.nu\/de\/wp-json\/wp\/v2\/media\/20781"}],"wp:attachment":[{"href":"https:\/\/ak47.nu\/de\/wp-json\/wp\/v2\/media?parent=20789"}],"wp:term":[{"taxonomy":"product_brand","embeddable":true,"href":"https:\/\/ak47.nu\/de\/wp-json\/wp\/v2\/product_brand?post=20789"},{"taxonomy":"product_cat","embeddable":true,"href":"https:\/\/ak47.nu\/de\/wp-json\/wp\/v2\/product_cat?post=20789"},{"taxonomy":"product_tag","embeddable":true,"href":"https:\/\/ak47.nu\/de\/wp-json\/wp\/v2\/product_tag?post=20789"}],"curies":[{"name":"wp","href":"https:\/\/api.w.org\/{rel}","templated":true}]}}