{"id":20917,"date":"2022-05-07T11:30:41","date_gmt":"2022-05-07T09:30:41","guid":{"rendered":"https:\/\/ak47.nu\/produkt\/aps-smg-conversion-kit-incl-black-hornet-full-auto-6mm-airsoft-co2\/"},"modified":"2025-12-03T19:26:13","modified_gmt":"2025-12-03T18:26:13","slug":"aps-smg-umbausatz-black-hornet-airsoft-co2","status":"publish","type":"product","link":"https:\/\/ak47.nu\/de\/produkt\/airsoft\/grongas\/kulsprutor-grongas\/aps-smg-umbausatz-black-hornet-airsoft-co2\/","title":{"rendered":"APS SMG Umbausatz mit Black Hornet | Airsoft Co2"},"content":{"rendered":"<h1>APS - SMG Umbausatz inkl. Black Hornet Vollauto 6mm Airsoft Co2<\/h1>\n<h2>Verwandeln Sie Ihre Pistole mit dem APS-Umbaukit in eine SMG<\/h2>\n<p>APS hat einen Umbausatz entwickelt, der f\u00fcr die APS Black Hornet Semi\/Auto Airsoft-Pistole passt und es einfacher denn je macht, eine Pistole in eine SMG zu verwandeln. Mit diesem Set k\u00f6nnen Sie schnell und einfach zwischen Pistolen- und SMG-Konfigurationen wechseln, was Ihnen Vielseitigkeit auf dem Airsoft-Feld bietet.<\/p>\n<h2>Funktionen und Inhalt<\/h2>\n<h3>Black Hornet Pistole als Kernst\u00fcck<\/h3>\n<p>Das Herzst\u00fcck dieses Sets ist die fantastische Black Hornet Semi\/Auto Pistole. In Kombination mit einem \u00e4u\u00dferst robusten ABS-Rahmen erhalten Sie eine SMG, die hart wie Stein und schnell wie der Blitz ist. In weniger als 30 Sekunden k\u00f6nnen Sie Ihre Airsoft-Pistole in eine Maschinenpistole umwandeln.<\/p>\n<h3>Enthaltene Komponenten<\/h3>\n<ul>\n  <li>SMG-Rahmen aus ABS<\/li>\n  <li>Fiberoptik-Visierungen<\/li>\n  <li>Verstellbarer Schaft<\/li>\n  <li>Vorderer Klappgriff<\/li>\n  <li>Magazinschacht<\/li>\n  <li>Schalld\u00e4mpfer<\/li>\n  <li>Langes Co2-Magazin<\/li>\n  <li>Black Hornet Pistole<\/li>\n  <li>2 Adapter f\u00fcr G17 und G18C GBB Pistolen<\/li>\n<\/ul>\n<p>Dieses Set bietet alle notwendigen Teile, um Ihre Pistole schnell umzubauen und an Ihre Bed\u00fcrfnisse anzupassen. <a href=\"https:\/\/ak47.nu\/de\/butik\/\">Entdecken Sie unsere Auswahl an Airsoft-Pistolen<\/a>, um die perfekte Basis f\u00fcr Ihren Umbau zu finden.<\/p>\n<h3>Technische Daten<\/h3>\n<ul>\n    <li>Hop-up: Einstellbar<\/li>\n    <li>Gewicht: 1600 g<\/li>\n    <li>Magazintyp: Mid-Cap<\/li>\n    <li>Magazinmodell: Aluminium<\/li>\n    <li>M\u00fcndungsgeschwindigkeit: 350 fps<\/li>\n    <li>Blowback: Ja<\/li>\n    <li>Innenlaufdurchmesser: 6,03 mm<\/li>\n    <li>Magazinkapazit\u00e4t: 51 BBs<\/li>\n    <li>Material: Aluminium, Polymer<\/li>\n    <li>Farbe: Schwarz<\/li>\n    <li>L\u00e4nge: 270\/480 mm<\/li>\n    <li>M\u00fcndungsenergie: 1,14 J<\/li>\n    <li>Innenlaufl\u00e4nge: 165 mm<\/li>\n    <li>Feuermodus: Auto, Einzel<\/li>\n<\/ul>\n<p>Mit diesem Umbausatz k\u00f6nnen Sie Ihr Airsoft-Erlebnis individuell gestalten und auf dem Feld dominieren. Verpassen Sie nicht die Chance, dieses fantastische Kit zu besitzen! Besuchen Sie unsere <a href=\"https:\/\/ak47.nu\/de\/airsoft\/\">Airsoft-Zubeh\u00f6r-Kategorie<\/a> f\u00fcr weitere Upgrades und Zubeh\u00f6rteile. F\u00fcr weitere Informationen zu unseren Produkten besuchen Sie <a href=\"https:\/\/ak47.nu\/de\/\">unsere Website<\/a>.<\/p>","protected":false},"excerpt":{"rendered":"<p>APS &#8211; SMG Umbausatz inkl. Black Hornet Vollauto 6mm Airsoft Co2 Verwandeln Sie Ihre Pistole mit dem APS-Umbaukit in eine SMG APS hat einen Umbausatz entwickelt, der f\u00fcr die APS Black Hornet Semi\/Auto Airsoft-Pistole passt und es einfacher denn je macht, eine Pistole in eine SMG zu verwandeln. Mit diesem Set k\u00f6nnen Sie schnell und [&#8230;]","protected":false},"featured_media":20912,"template":"","meta":[],"product_brand":[],"product_cat":[415],"product_tag":[],"class_list":{"0":"post-20917","1":"product","2":"type-product","3":"status-publish","4":"has-post-thumbnail","6":"product_cat-kulsprutor-grongas","7":"pa_brand-aps","8":"pa_farg-svart","10":"first","11":"outofstock","12":"sale","13":"taxable","14":"shipping-taxable","15":"purchasable","16":"product-type-simple"},"_links":{"self":[{"href":"https:\/\/ak47.nu\/de\/wp-json\/wp\/v2\/product\/20917","targetHints":{"allow":["GET"]}}],"collection":[{"href":"https:\/\/ak47.nu\/de\/wp-json\/wp\/v2\/product"}],"about":[{"href":"https:\/\/ak47.nu\/de\/wp-json\/wp\/v2\/types\/product"}],"wp:featuredmedia":[{"embeddable":true,"href":"https:\/\/ak47.nu\/de\/wp-json\/wp\/v2\/media\/20912"}],"wp:attachment":[{"href":"https:\/\/ak47.nu\/de\/wp-json\/wp\/v2\/media?parent=20917"}],"wp:term":[{"taxonomy":"product_brand","embeddable":true,"href":"https:\/\/ak47.nu\/de\/wp-json\/wp\/v2\/product_brand?post=20917"},{"taxonomy":"product_cat","embeddable":true,"href":"https:\/\/ak47.nu\/de\/wp-json\/wp\/v2\/product_cat?post=20917"},{"taxonomy":"product_tag","embeddable":true,"href":"https:\/\/ak47.nu\/de\/wp-json\/wp\/v2\/product_tag?post=20917"}],"curies":[{"name":"wp","href":"https:\/\/api.w.org\/{rel}","templated":true}]}}