{"id":20928,"date":"2022-05-07T11:30:52","date_gmt":"2022-05-07T09:30:52","guid":{"rendered":"https:\/\/ak47.nu\/produkt\/well-g12-6mm-green-gas-power-airsoft\/"},"modified":"2025-12-03T20:06:02","modified_gmt":"2025-12-03T19:06:02","slug":"well-g12-6mm-green-gas-airsoft","status":"publish","type":"product","link":"https:\/\/ak47.nu\/de\/produkt\/airsoft\/grongas\/kulsprutor-grongas\/well-g12-6mm-green-gas-airsoft\/","title":{"rendered":"WELL G12 6mm Softair mit Gas | Modellname"},"content":{"rendered":"<h1>WELL - G12 6mm Green Gas Power Airsoft<\/h1>\n<h2>G12 (GG) Maschinenpistolen-Nachbau - Details<\/h2>\n<p>G12 Maschinenpistolen-Nachbau aus Metallelementen und Polymer. Zu den Metallteilen geh\u00f6ren der Au\u00dfenlauf, das obere Geh\u00e4use, der Schaft, das Magazin sowie alle beweglichen und Innenelemente. ABS-Teile umfassen das untere Geh\u00e4use zusammen mit dem Pistolengriff, der auch als Magazinschacht dient.<\/p>\n<h3>Eigenschaften<\/h3>\n<ul>\n <li>G12 feuert im Halbautomatik- und Vollautomatikmodus.<\/li>\n <li>Es wird mit Green Gas betrieben, das in den unteren Teil des Magazins geladen wird.<\/li>\n <li>Verf\u00fcgt \u00fcber eine Abzugssperre.<\/li>\n <li>Der Schaft ist zusammenklappbar (es ist notwendig, einen der Arme zu dr\u00fccken, um ihn zusammenzuklappen \/ aufzuklappen).<\/li>\n<\/ul>\n<p>Um das Magazin mit BBs richtig im Schacht zu platzieren, muss die Pistole vorher durch Ziehen am Schlittengriff nachgeladen werden. Nachdem die letzte BB den Lauf verlassen hat, bleibt der Schlitten in der hinteren Position arretiert. Entdecken Sie unsere breite Auswahl an <a href=\"https:\/\/ak47.nu\/de\/butik\/\">authentischen Softair-Nachbildungen<\/a> bei uns!<\/p>\n<p><b>ACHTUNG!<\/b> Der Nachbau sollte nicht nachgeladen werden, wenn der Feuermoduswahlschalter auf SAFE steht! Dies kann zu Sch\u00e4den am Mechanismus f\u00fchren. F\u00fcr weitere hochwertige Optionen besuchen Sie unsere <a href=\"https:\/\/ak47.nu\/de\/airsoft\/\">Kategorie f\u00fcr Softair-Waffen<\/a>.<\/p>\n<h3>Das Set beinhaltet:<\/h3>\n<ul>\n <li>Nachbau<\/li>\n <li>Magazin<\/li>\n<\/ul>\n<h3>Spezifikationen:<\/h3>\n<ul>\n <li>Name: G12 (GG)<\/li>\n <li>Hersteller: WELL<\/li>\n <li>Garantie: 6 Monate<\/li>\n <li>Geschwindigkeit [FPS]: 250<\/li>\n <li>Feuertyp: Einzeln, automatisch<\/li>\n <li>L\u00e4nge [mm]: 250 \/ 450<\/li>\n <li>Gewicht [g]: 1580<\/li>\n <li>Magazintyp: Low-Cap Magazin<\/li>\n <li>Magazinkapazit\u00e4t [St\u00fcck]: 35<\/li>\n <li>Hop-up: Ja, einstellbar<\/li>\n <li>Blow Back: Ja<\/li>\n <li>Hergestellt aus: Metall + Kunststoff<\/li>\n <li>Antrieb \/ Angetrieben von: Gasbetrieb - Green Gas<\/li>\n<\/ul>\n<p>Entdecken Sie weitere Produkte und Zubeh\u00f6r auf unserer <a href=\"https:\/\/ak47.nu\/de\/\">Homepage<\/a>.<\/p>","protected":false},"excerpt":{"rendered":"<p>WELL &#8211; G12 6mm Green Gas Power Airsoft G12 (GG) Maschinenpistolen-Nachbau &#8211; Details G12 Maschinenpistolen-Nachbau aus Metallelementen und Polymer. Zu den Metallteilen geh\u00f6ren der Au\u00dfenlauf, das obere Geh\u00e4use, der Schaft, das Magazin sowie alle beweglichen und Innenelemente. ABS-Teile umfassen das untere Geh\u00e4use zusammen mit dem Pistolengriff, der auch als Magazinschacht dient. Eigenschaften G12 feuert im [&#8230;]","protected":false},"featured_media":20924,"template":"","meta":[],"product_brand":[],"product_cat":[415],"product_tag":[],"class_list":{"0":"post-20928","1":"product","2":"type-product","3":"status-publish","4":"has-post-thumbnail","6":"product_cat-kulsprutor-grongas","7":"pa_brand-well","9":"first","10":"outofstock","11":"sale","12":"taxable","13":"shipping-taxable","14":"purchasable","15":"product-type-simple"},"_links":{"self":[{"href":"https:\/\/ak47.nu\/de\/wp-json\/wp\/v2\/product\/20928","targetHints":{"allow":["GET"]}}],"collection":[{"href":"https:\/\/ak47.nu\/de\/wp-json\/wp\/v2\/product"}],"about":[{"href":"https:\/\/ak47.nu\/de\/wp-json\/wp\/v2\/types\/product"}],"wp:featuredmedia":[{"embeddable":true,"href":"https:\/\/ak47.nu\/de\/wp-json\/wp\/v2\/media\/20924"}],"wp:attachment":[{"href":"https:\/\/ak47.nu\/de\/wp-json\/wp\/v2\/media?parent=20928"}],"wp:term":[{"taxonomy":"product_brand","embeddable":true,"href":"https:\/\/ak47.nu\/de\/wp-json\/wp\/v2\/product_brand?post=20928"},{"taxonomy":"product_cat","embeddable":true,"href":"https:\/\/ak47.nu\/de\/wp-json\/wp\/v2\/product_cat?post=20928"},{"taxonomy":"product_tag","embeddable":true,"href":"https:\/\/ak47.nu\/de\/wp-json\/wp\/v2\/product_tag?post=20928"}],"curies":[{"name":"wp","href":"https:\/\/api.w.org\/{rel}","templated":true}]}}