{"id":20961,"date":"2022-05-07T11:31:31","date_gmt":"2022-05-07T09:31:31","guid":{"rendered":"https:\/\/ak47.nu\/produkt\/well-d-93-micro-uzi-replika-airsoft-6mm-elektrisk\/"},"modified":"2025-12-03T20:23:45","modified_gmt":"2025-12-03T19:23:45","slug":"well-d-93-micro-uzi-airsoft-replika-elektrisch","status":"publish","type":"product","link":"https:\/\/ak47.nu\/de\/produkt\/airsoft\/el-drivna\/kulsprutor\/well-d-93-micro-uzi-airsoft-replika-elektrisch\/","title":{"rendered":"WELL D-93 Micro UZI Airsoft Replika - Elektrisch"},"content":{"rendered":"<h1>WELL - D-93 Micro UZI Airsoft Replika - Elektrisch<\/h1>\n<h2>Einfache und robuste Airsoft-Replika f\u00fcr Anf\u00e4nger<\/h2>\n<p>Die WELL D-93 ist eine einfache, elektrisch betriebene Airsoft-Replika, ideal f\u00fcr alle, die mit Airsoft anfangen m\u00f6chten oder eine zuverl\u00e4ssige Seitenwaffe f\u00fcr Spiele suchen. Diese Micro UZI-Replika ist robust aus schlagfestem ABS-Kunststoff gefertigt und verf\u00fcgt \u00fcber ein Magazin, das 200 Schuss fasst, sodass Sie gen\u00fcgend Munition f\u00fcr actionreiche Spiele haben. Ausgestattet mit vollautomatischem Modus.<\/p>\n<h3>Mitgeliefertes Zubeh\u00f6r und Spezifikationen:<\/h3>\n<ul>\n <li>Lieferung mit Ladeger\u00e4t, kleinem Beutel mit Kugeln, Batterie und Replika.<\/li>\n <li>EU-Standard-Ladeger\u00e4t im Lieferumfang enthalten.<\/li>\n <li>M\u00fcndungsgeschwindigkeit: 135 fps (feet per second).<\/li>\n <li>Feuermodus: Vollautomatisch.<\/li>\n<\/ul>\n<p>Diese Airsoft-Replika ist eine ausgezeichnete Wahl f\u00fcr Anf\u00e4nger und erfahrene Spieler, die eine erschwingliche und zuverl\u00e4ssige Option suchen. Verpassen Sie nicht unsere anderen <a href=\"https:\/\/ak47.nu\/de\/butik\/\">Airsoft-Repliken<\/a>, um das Modell zu finden, das am besten zu Ihnen passt. Entdecken Sie unsere gro\u00dfe Auswahl an <a href=\"https:\/\/ak47.nu\/de\/airsoft\/\">Airsoft-Waffen<\/a> und Zubeh\u00f6r, um Ihr Spielerlebnis zu optimieren. Besuchen Sie <a href=\"https:\/\/ak47.nu\/de\/\">unsere Website<\/a>, um unser gesamtes Sortiment zu sehen.<\/p>","protected":false},"excerpt":{"rendered":"<p>K\u00f6p WELL D-93 Micro UZI replika &#8211; elektrisk airsoftpistol i 6mm. Perfekt f\u00f6r airsoftspel. Best\u00e4ll nu f\u00f6r snabb leverans.<\/p>","protected":false},"featured_media":20956,"template":"","meta":[],"product_brand":[],"product_cat":[402],"product_tag":[],"class_list":{"0":"post-20961","1":"product","2":"type-product","3":"status-publish","4":"has-post-thumbnail","6":"product_cat-kulsprutor","7":"pa_brand-well","9":"first","10":"outofstock","11":"sale","12":"taxable","13":"shipping-taxable","14":"purchasable","15":"product-type-simple"},"_links":{"self":[{"href":"https:\/\/ak47.nu\/de\/wp-json\/wp\/v2\/product\/20961","targetHints":{"allow":["GET"]}}],"collection":[{"href":"https:\/\/ak47.nu\/de\/wp-json\/wp\/v2\/product"}],"about":[{"href":"https:\/\/ak47.nu\/de\/wp-json\/wp\/v2\/types\/product"}],"wp:featuredmedia":[{"embeddable":true,"href":"https:\/\/ak47.nu\/de\/wp-json\/wp\/v2\/media\/20956"}],"wp:attachment":[{"href":"https:\/\/ak47.nu\/de\/wp-json\/wp\/v2\/media?parent=20961"}],"wp:term":[{"taxonomy":"product_brand","embeddable":true,"href":"https:\/\/ak47.nu\/de\/wp-json\/wp\/v2\/product_brand?post=20961"},{"taxonomy":"product_cat","embeddable":true,"href":"https:\/\/ak47.nu\/de\/wp-json\/wp\/v2\/product_cat?post=20961"},{"taxonomy":"product_tag","embeddable":true,"href":"https:\/\/ak47.nu\/de\/wp-json\/wp\/v2\/product_tag?post=20961"}],"curies":[{"name":"wp","href":"https:\/\/api.w.org\/{rel}","templated":true}]}}