{"id":20977,"date":"2022-05-07T11:31:40","date_gmt":"2022-05-07T09:31:40","guid":{"rendered":"https:\/\/ak47.nu\/produkt\/cyma-p90-pdw-airsoft-cm-060-aeg-6mm\/"},"modified":"2025-12-03T20:12:02","modified_gmt":"2025-12-03T19:12:02","slug":"cyma-p90-pdw-airsoft-cm-060-aeg-6mm","status":"publish","type":"product","link":"https:\/\/ak47.nu\/de\/produkt\/airsoft\/el-drivna\/kulsprutor\/cyma-p90-pdw-airsoft-cm-060-aeg-6mm\/","title":{"rendered":"CYMA P90 PDW Airsoft CM.060 AEG 6mm"},"content":{"rendered":"<h1>CYMA P90 PDW Airsoft CM.060 AEG 6mm<\/h1>\n<h2>Authentische P90 Replika mit hoher Leistung<\/h2>\n<p>Die CYMA P90 PDW ist eine sorgf\u00e4ltig gefertigte Airsoft-Replika der P90, gebaut mit einem robusten Polymerk\u00f6rper. Dieses Modell verf\u00fcgt \u00fcber eine einzigartige Seriennummer, die jede Replika einzigartig macht. Mit drei Metall-Picatinny-Schienen k\u00f6nnen Sie problemlos taktisches Zubeh\u00f6r wie Optiken, Taschenlampen und Laserpointer montieren. Erweitern Sie Ihr Airsoft-Erlebnis mit dieser zuverl\u00e4ssigen und vielseitigen Replika. Entdecken Sie unser breites Angebot an <a href=\"https:\/\/ak47.nu\/de\/butik\/\">Airsoft-Zubeh\u00f6r<\/a>, um Ihre Ausr\u00fcstung weiter anzupassen.<\/p>\n\n<h3>Hochwertige Konstruktion und kraftvolle Leistung<\/h3>\n<p>Diese Replika verf\u00fcgt \u00fcber ein spezielles Metallgetriebe v.6 mit 6mm Stahlgleitlagern, einen Zylinder Typ 1, einen verst\u00e4rkten Kolben mit Aluminiumh\u00fclse, einen verst\u00e4rkten Nylon-Kolbenkopf und Zylinderkopf sowie Stahlzahnr\u00e4der, die mit einer Feder zusammenarbeiten, die etwa 400 FPS liefert. Dies gew\u00e4hrleistet eine kraftvolle und zuverl\u00e4ssige Leistung auf dem Airsoft-Feld. Um die Leistung Ihrer Airsoft-Waffe zu erhalten, schauen Sie sich unsere Auswahl an <a href=\"https:\/\/ak47.nu\/de\/airsoft\/\">Airsoft-Waffenpflegeprodukten<\/a> an. Besuchen Sie <a href=\"https:\/\/ak47.nu\/de\/\">unsere Homepage<\/a>, um alle unsere Produkte zu sehen.<\/p>\n\n<ul>\n <li><strong>Gewicht:<\/strong> 2180 g<\/li>\n <li><strong>Farbe:<\/strong> Schwarz<\/li>\n <li><strong>L\u00e4nge:<\/strong> 480\/660 mm<\/li>\n <li><strong>Material:<\/strong> Aluminium, Polymer<\/li>\n <li><strong>Feuermodus:<\/strong> Auto, Einzel<\/li>\n <li><strong>Innenlaufl\u00e4nge:<\/strong> 260 mm<\/li>\n <li><strong>Innenlaufdurchmesser:<\/strong> 6,03 mm<\/li>\n <li><strong>Magazinkapazit\u00e4t:<\/strong> 70 BBs<\/li>\n <li><strong>Magazinmaterial:<\/strong> Polymer<\/li>\n <li><strong>M\u00fcndungsgeschwindigkeit:<\/strong> 400 fps<\/li>\n <li><strong>Energie:<\/strong> 1,48 J<\/li>\n <li><strong>Batterie:<\/strong> Nicht enthalten<\/li>\n <li><strong>Batteriespannung:<\/strong> 9,6 V<\/li>\n <li><strong>Batteriekapazit\u00e4t:<\/strong> 1100 mAh<\/li>\n <li><strong>Batterietyp:<\/strong> NiMH-W\u00fcrfel<\/li>\n <li><strong>Batterieanschluss:<\/strong> Kleiner Tamiya<\/li>\n <li><strong>Getriebe:<\/strong> v.6<\/li>\n <li><strong>Lagertyp:<\/strong> Stahlgleitlager<\/li>\n <li><strong>Hop-up:<\/strong> Einstellbar<\/li>\n <li><strong>Munition:<\/strong> 0,25 g, 0,23 g<\/li>\n <li><strong>Seriennummer:<\/strong> Ja<\/li>\n<\/ul>\n\n<p>Das Paket enth\u00e4lt eine P90 PDW Replika, ein 70-Schuss Low-Cap Magazin mit Dummypatronen und einen BB-Speedloader. Bitte beachten Sie, dass die Batterie nicht enthalten ist. Vervollst\u00e4ndigen Sie Ihre Ausr\u00fcstung mit der passenden Batterie und Munition, um Ihr Spielerlebnis zu maximieren!<\/p>","protected":false},"excerpt":{"rendered":"<p>K\u00f6p CYMA P90 PDW Airsoft CM.060 AEG 6mm &#8211; b\u00e4sta priser och kvalitet online. Utforska v\u00e5rt sortiment av CYMA P90 PDW Airsoft-vapen och hitta det perfekta valet f\u00f6r dina behov. Vi erbjuder snabb leverans och enkel best\u00e4llningsprocess. Best\u00e4ll idag och bli en del av Airsoft-gemenskapen!<\/p>","protected":false},"featured_media":20968,"template":"","meta":[],"product_brand":[],"product_cat":[402],"product_tag":[],"class_list":{"0":"post-20977","1":"product","2":"type-product","3":"status-publish","4":"has-post-thumbnail","6":"product_cat-kulsprutor","7":"pa_brand-cyma","9":"first","10":"outofstock","11":"sale","12":"taxable","13":"shipping-taxable","14":"purchasable","15":"product-type-simple"},"_links":{"self":[{"href":"https:\/\/ak47.nu\/de\/wp-json\/wp\/v2\/product\/20977","targetHints":{"allow":["GET"]}}],"collection":[{"href":"https:\/\/ak47.nu\/de\/wp-json\/wp\/v2\/product"}],"about":[{"href":"https:\/\/ak47.nu\/de\/wp-json\/wp\/v2\/types\/product"}],"wp:featuredmedia":[{"embeddable":true,"href":"https:\/\/ak47.nu\/de\/wp-json\/wp\/v2\/media\/20968"}],"wp:attachment":[{"href":"https:\/\/ak47.nu\/de\/wp-json\/wp\/v2\/media?parent=20977"}],"wp:term":[{"taxonomy":"product_brand","embeddable":true,"href":"https:\/\/ak47.nu\/de\/wp-json\/wp\/v2\/product_brand?post=20977"},{"taxonomy":"product_cat","embeddable":true,"href":"https:\/\/ak47.nu\/de\/wp-json\/wp\/v2\/product_cat?post=20977"},{"taxonomy":"product_tag","embeddable":true,"href":"https:\/\/ak47.nu\/de\/wp-json\/wp\/v2\/product_tag?post=20977"}],"curies":[{"name":"wp","href":"https:\/\/api.w.org\/{rel}","templated":true}]}}