{"id":20983,"date":"2022-05-07T11:31:44","date_gmt":"2022-05-07T09:31:44","guid":{"rendered":"https:\/\/ak47.nu\/produkt\/cyma-cm-033-tommy-gun-ebb-6mm-airsoft\/"},"modified":"2026-03-04T14:45:40","modified_gmt":"2026-03-04T13:45:40","slug":"cyma-cm-033-tommy-gun-ebb-6mm-airsoft","status":"publish","type":"product","link":"https:\/\/ak47.nu\/de\/produkt\/airsoft\/el-drivna\/kulsprutor\/cyma-cm-033-tommy-gun-ebb-6mm-airsoft\/","title":{"rendered":"CYMA CM.033 Tommy Gun EBB 6mm Airsoft | Top Qualit\u00e4t"},"content":{"rendered":"<h1>CYMA CM.033 Tommy Gun EBB 6mm Airsoft<\/h1>\n<h2>Hochwertige Replika mit authentischen Details<\/h2>\n<p>Die CYMA CM.033 Thompson M1A1 AEG ist eine hochwertige Tommy Gun-Replika, die neue Ma\u00dfst\u00e4be in Bezug auf Qualit\u00e4t und Innovation im AEG-Segment setzt. Mit h\u00f6chster Detailtreue und Authentizit\u00e4t ist diese Replika ein absolutes Highlight in jeder AEG-Sammlung. Die gelungene Mischung aus Hightech-Polymer, das Holz perfekt imitiert, macht diese AEG dank minimaler Toleranzen in der Verarbeitung und Materialauswahl zu einem vollendeten St\u00fcck Technik. <a href=\"https:\/\/ak47.nu\/de\/butik\/\">Entdecke unser Angebot an anderen Airsoft-Repliken<\/a>.<\/p>\n\n<h3>Funktionen und Vorteile<\/h3>\n<p>Der Akku wird im Schaft verwendet und kann nach dem Entfernen der Bodenplatte sehr einfach angeschlossen werden. Das Oberteil und der Handschutz sind mit Sling Swivels zur Montage eines Trageriemens ausgestattet. Die Hop-Up-Einheit befindet sich im Patronenauswurffenster und kann sehr schnell erreicht und pr\u00e4zise eingestellt werden. Auf der linken Seite des Geh\u00e4uses befinden sich der Magazinverschluss und der Feuermodus-Wahlschalter, der die Option zwischen Safe \/ Semi und Full Auto bietet. <a href=\"https:\/\/ak47.nu\/de\/airsoft\/\">Erkunde unser Sortiment an Airsoft-Zubeh\u00f6r<\/a>.<\/p>\n\n<h3>Interne Mechanik und Leistung<\/h3>\n<p>Der interne Mechanismus basiert auf einer verst\u00e4rkten V6 Gearbox und Stahlzahnr\u00e4dern. Das CYMA-System zeichnet sich durch seine gute Verarbeitungsqualit\u00e4t und Zuverl\u00e4ssigkeit aus. In Kombination mit einem 300 mm Innenlauf erreicht die Thompson MG AEG eine M\u00fcndungsgeschwindigkeit von satten 350 fps (1,14 Joule) direkt aus der Box. Diese Tommy Gun AEG wird mit einem Hi-Cap-Magazin mit einer Kapazit\u00e4t von 420 BBs geliefert. <a href=\"https:\/\/ak47.nu\/de\/\">Besuche unsere Homepage f\u00fcr weitere Informationen<\/a>.<\/p>\n\n<ul>\n <li><b>Hochwertige Replika:<\/b> Authentisches Design und Detailgenauigkeit.<\/li>\n <li><b>Realistische Konstruktion:<\/b> Hightech-Polymer, das Holz imitiert.<\/li>\n <li><b>Einstellbares Hop-Up:<\/b> Schnelle und pr\u00e4zise Einstellung \u00fcber das Patronenauswurffenster.<\/li>\n <li><b>Flexibler Feuermodus-Wahlschalter:<\/b> Option f\u00fcr Safe, Semi und Full Auto Modi.<\/li>\n <li><b>Leistungsstarke Performance:<\/b> 350 fps (1,14 Joule) M\u00fcndungsgeschwindigkeit.<\/li>\n<\/ul>\n\n<p><b>Das Set beinhaltet:<\/b><\/p>\n<ul>\n <li>CYMA Thompson Tommy Gun MP AEG<\/li>\n <li>Hi-Cap Magazin<\/li>\n <li>Trageriemen<\/li>\n <li>Bedienungsanleitung<\/li>\n<\/ul>","protected":false},"excerpt":{"rendered":"<p>CYMA CM.033 Tommy Gun EBB 6mm Airsoft Hochwertige Replika mit authentischen Details Die CYMA CM.033 Thompson M1A1 AEG ist eine hochwertige Tommy Gun-Replika, die neue Ma\u00dfst\u00e4be in Bezug auf Qualit\u00e4t und Innovation im AEG-Segment setzt. Mit h\u00f6chster Detailtreue und Authentizit\u00e4t ist diese Replika ein absolutes Highlight in jeder AEG-Sammlung. Die gelungene Mischung aus Hightech-Polymer, das [&#8230;]","protected":false},"featured_media":20980,"template":"","meta":[],"product_brand":[],"product_cat":[402],"product_tag":[],"class_list":{"0":"post-20983","1":"product","2":"type-product","3":"status-publish","4":"has-post-thumbnail","6":"product_cat-kulsprutor","7":"pa_brand-cyma","8":"pa_farg-svart","10":"first","11":"outofstock","12":"sale","13":"taxable","14":"shipping-taxable","15":"purchasable","16":"product-type-simple"},"_links":{"self":[{"href":"https:\/\/ak47.nu\/de\/wp-json\/wp\/v2\/product\/20983","targetHints":{"allow":["GET"]}}],"collection":[{"href":"https:\/\/ak47.nu\/de\/wp-json\/wp\/v2\/product"}],"about":[{"href":"https:\/\/ak47.nu\/de\/wp-json\/wp\/v2\/types\/product"}],"wp:featuredmedia":[{"embeddable":true,"href":"https:\/\/ak47.nu\/de\/wp-json\/wp\/v2\/media\/20980"}],"wp:attachment":[{"href":"https:\/\/ak47.nu\/de\/wp-json\/wp\/v2\/media?parent=20983"}],"wp:term":[{"taxonomy":"product_brand","embeddable":true,"href":"https:\/\/ak47.nu\/de\/wp-json\/wp\/v2\/product_brand?post=20983"},{"taxonomy":"product_cat","embeddable":true,"href":"https:\/\/ak47.nu\/de\/wp-json\/wp\/v2\/product_cat?post=20983"},{"taxonomy":"product_tag","embeddable":true,"href":"https:\/\/ak47.nu\/de\/wp-json\/wp\/v2\/product_tag?post=20983"}],"curies":[{"name":"wp","href":"https:\/\/api.w.org\/{rel}","templated":true}]}}