{"id":20987,"date":"2022-05-07T11:31:46","date_gmt":"2022-05-07T09:31:46","guid":{"rendered":"https:\/\/ak47.nu\/produkt\/agm-mp40-kopia-airsoft-aeg-6mm\/"},"modified":"2025-12-03T20:12:04","modified_gmt":"2025-12-03T19:12:04","slug":"agm-mp40-airsoft-aeg-6mm-nachbildung","status":"publish","type":"product","link":"https:\/\/ak47.nu\/de\/produkt\/airsoft\/el-drivna\/kulsprutor\/agm-mp40-airsoft-aeg-6mm-nachbildung\/","title":{"rendered":"AGM MP40 Airsoft AEG 6mm - Nachbildung"},"content":{"rendered":"<h1>AGM MP40 Airsoft AEG 6mm - Nachbildung<\/h1>\n<h2>Authentische Nachbildung der MP40<\/h2>\n<p>Diese AGM MP40 Airsoft AEG ist eine sorgf\u00e4ltig gefertigte Nachbildung der klassischen MP40, ideal f\u00fcr Airsoft-Enthusiasten und Sammler. Das Set enth\u00e4lt eine realistische Kopie der MP40 und ein Magazin mit geringer Kapazit\u00e4t, das 50 BBs fasst. Bitte beachten Sie, dass die Batterie nicht im Lieferumfang enthalten ist.<\/p>\n<h3>Spezifikationen<\/h3>\n<ul>\n <li><strong>Gewicht:<\/strong> 2810 g<\/li>\n <li><strong>Magazinmodell:<\/strong> Stahl<\/li>\n <li><strong>Schafttyp:<\/strong> Polycarbonat, Schiebeschaft<\/li>\n <li><strong>Getriebeversion:<\/strong> 9 mm<\/li>\n <li><strong>Magazintyp:<\/strong> Low-Cap<\/li>\n <li><strong>M\u00fcndungsgeschwindigkeit:<\/strong> 350 fps<\/li>\n <li><strong>Akkutyp:<\/strong> NiMH, W\u00fcrfel<\/li>\n <li><strong>Akkusteckertyp:<\/strong> Kleiner Tamiya-Stecker<\/li>\n <li><strong>Akkuzellentyp:<\/strong> Mini<\/li>\n <li><strong>Akku enthalten:<\/strong> Nein<\/li>\n <li><strong>Innerer Laufdurchmesser:<\/strong> 6,08 mm<\/li>\n <li><strong>Magazinkapazit\u00e4t:<\/strong> 50 BBs<\/li>\n <li><strong>Akkukapazit\u00e4t:<\/strong> 1100 mAh<\/li>\n <li><strong>Material:<\/strong> ABS, Aluminium<\/li>\n <li><strong>Farbe:<\/strong> Schwarz<\/li>\n <li><strong>L\u00e4nge:<\/strong> 850 mm<\/li>\n <li><strong>Akkuspannung:<\/strong> 8,4 V<\/li>\n <li><strong>Energie:<\/strong> 0,95 J<\/li>\n <li><strong>Innenlaufl\u00e4nge:<\/strong> 260 mm<\/li>\n <li><strong>Feuermodus:<\/strong> Auto, Einzel<\/li>\n<\/ul>\n<p>Diese Airsoft MP40 besteht aus einer Kombination von ABS und Aluminium, um ein gutes Gleichgewicht zwischen Haltbarkeit und Realismus zu gew\u00e4hrleisten. Sie verf\u00fcgt \u00fcber einen verstellbaren Polycarbonat-Schaft und ein 9-mm-Getriebe f\u00fcr eine zuverl\u00e4ssige Leistung auf dem Airsoft-Feld. Mit einer M\u00fcndungsgeschwindigkeit von 350 fps und sowohl automatischen als auch einzelnen Feuermodi bietet diese Nachbildung ein authentisches Erlebnis. Erg\u00e4nzen Sie Ihre Ausr\u00fcstung mit hochwertigem <a href=\"https:\/\/ak47.nu\/de\/butik\/\">Airsoft-Zubeh\u00f6r<\/a>.<\/p>\n<p>F\u00fcr ein komplettes Set, denken Sie daran, einen <a href=\"https:\/\/ak47.nu\/de\/butik\/\">8,4V NiMH-Akku mit kleinem Tamiya-Stecker<\/a> zu kaufen. Entdecken Sie unsere gro\u00dfe Auswahl an <a href=\"https:\/\/ak47.nu\/de\/airsoft\/\">Airsoft-AEG-Gewehren<\/a>, um das f\u00fcr Sie passende zu finden. Besuchen Sie <a href=\"https:\/\/ak47.nu\/de\/\">unsere Homepage<\/a>, um unser gesamtes Sortiment zu sehen.<\/p>","protected":false},"excerpt":{"rendered":"<p>K\u00f6p AGM MP40 kopia &#8211; Airsoft AEG 6mm hos oss f\u00f6r h\u00f6gkvalitativa replikor av klassiska vapen. Vi erbjuder ett brett utbud av AGM MP40-kopior f\u00f6r airsoft-entusiaster. Se v\u00e5rt sortiment och best\u00e4ll idag f\u00f6r en autentisk och sp\u00e4nnande spelupplevelse.<\/p>","protected":false},"featured_media":20979,"template":"","meta":[],"product_brand":[],"product_cat":[402],"product_tag":[],"class_list":{"0":"post-20987","1":"product","2":"type-product","3":"status-publish","4":"has-post-thumbnail","6":"product_cat-kulsprutor","7":"pa_brand-airsoft-gun-manufactorer","9":"first","10":"outofstock","11":"sale","12":"taxable","13":"shipping-taxable","14":"purchasable","15":"product-type-simple"},"_links":{"self":[{"href":"https:\/\/ak47.nu\/de\/wp-json\/wp\/v2\/product\/20987","targetHints":{"allow":["GET"]}}],"collection":[{"href":"https:\/\/ak47.nu\/de\/wp-json\/wp\/v2\/product"}],"about":[{"href":"https:\/\/ak47.nu\/de\/wp-json\/wp\/v2\/types\/product"}],"wp:featuredmedia":[{"embeddable":true,"href":"https:\/\/ak47.nu\/de\/wp-json\/wp\/v2\/media\/20979"}],"wp:attachment":[{"href":"https:\/\/ak47.nu\/de\/wp-json\/wp\/v2\/media?parent=20987"}],"wp:term":[{"taxonomy":"product_brand","embeddable":true,"href":"https:\/\/ak47.nu\/de\/wp-json\/wp\/v2\/product_brand?post=20987"},{"taxonomy":"product_cat","embeddable":true,"href":"https:\/\/ak47.nu\/de\/wp-json\/wp\/v2\/product_cat?post=20987"},{"taxonomy":"product_tag","embeddable":true,"href":"https:\/\/ak47.nu\/de\/wp-json\/wp\/v2\/product_tag?post=20987"}],"curies":[{"name":"wp","href":"https:\/\/api.w.org\/{rel}","templated":true}]}}