{"id":20993,"date":"2022-05-07T11:31:49","date_gmt":"2022-05-07T09:31:49","guid":{"rendered":"https:\/\/ak47.nu\/produkt\/cyma-p90-pdw-airsoft-cm-060b-aeg-6mm\/"},"modified":"2025-12-03T20:12:01","modified_gmt":"2025-12-03T19:12:01","slug":"cyma-p90-pdw-airsoft-cm-060b-aeg-6mm","status":"publish","type":"product","link":"https:\/\/ak47.nu\/de\/produkt\/airsoft\/el-drivna\/kulsprutor\/cyma-p90-pdw-airsoft-cm-060b-aeg-6mm\/","title":{"rendered":"CYMA P90 PDW Airsoft CM.060B AEG 6mm"},"content":{"rendered":"<h1>CYMA P90 PDW Airsoft CM.060B AEG 6mm<\/h1>\n<h2>Authentische P90-Nachbildung mit Metallgetriebe<\/h2>\n<p>Diese sorgf\u00e4ltig gefertigte Nachbildung der P90 von CYMA bietet ein hochwertiges Airsoft-Erlebnis. Hergestellt mit einem robusten Polymerk\u00f6rper und einer eindeutigen Seriennummer.\n<\/p>\n<h3>Taktische Anpassung<\/h3>\n<ul>\n <li>Drei Metall-Picatinny-Schienen zur Montage von Zubeh\u00f6r<\/li>\n <li>Erm\u00f6glicht die Verwendung von Optiken, Taschenlampen und Laserpointern<\/li>\n<\/ul>\n<h3>Interne Funktionen<\/h3>\n<ul>\n <li>Metallgetriebe v.6<\/li>\n <li>Stahlgleitlager 6mm<\/li>\n <li>Zylindertyp 1<\/li>\n <li>Verst\u00e4rkter Kolben mit Aluminiumh\u00fclse<\/li>\n <li>Verst\u00e4rkter Nylon-Kolbenkopf und Zylinderkopf<\/li>\n <li>Stahlzahnr\u00e4der interagieren mit einer Feder 120 m\/s<\/li>\n <li>Bietet ca. 400 FPS<\/li>\n<\/ul>\n<h3>Mitgeliefertes Zubeh\u00f6r<\/h3>\n<ul>\n <li>PDW-Nachbildung<\/li>\n <li>70rd Low-Cap-Magazin mit Dummy-Patronen<\/li>\n <li>9.6V 1100 mAh Ni-Mh Akku<\/li>\n <li>Batterieladeger\u00e4t<\/li>\n <li>BB-Speedloader<\/li>\n<\/ul>\n<h3>Spezifikationen<\/h3>\n<ul>\n <li>Gewicht: 2180 g<\/li>\n <li>Farbe: Schwarz<\/li>\n <li>L\u00e4nge: 480\/660 mm<\/li>\n <li>Material: Aluminium, Polymer<\/li>\n <li>Feuermodus: Auto, Einzel<\/li>\n <li>L\u00e4nge des Innenlaufs: 260 mm<\/li>\n <li>Innendurchmesser des Laufs: 6,03 mm<\/li>\n <li>Magazinmodell: Low Cap<\/li>\n <li>Magazinkapazit\u00e4t: 70 BBs<\/li>\n <li>Magazinmaterial: Polymer<\/li>\n <li>M\u00fcndungsgeschwindigkeit: 400 fps<\/li>\n <li>Energie: 1,48 J<\/li>\n <li>Akku: 9.6 V 1100 mAh NiMH<\/li>\n <li>Getriebeversion: v.6<\/li>\n <li>Munition: .25g, .23g<\/li>\n <li>Hop-up: Einstellbar<\/li>\n <li>Garantiezeitraum: 12 Monate<\/li>\n<\/ul>\n<p>Verbessern Sie Ihr Airsoft-Arsenal mit dieser zuverl\u00e4ssigen und anpassbaren CYMA P90 PDW. F\u00fcr weitere hochwertige Airsoft-Optionen, sehen Sie sich unsere Auswahl an <a href=\"https:\/\/ak47.nu\/de\/butik\/\">anderen Airsoft-Nachbildungen<\/a> an. Besuchen Sie unsere <a href=\"https:\/\/ak47.nu\/de\/airsoft\/\">Airsoft-Kategorie<\/a>, um unser gesamtes Sortiment zu sehen. Um mehr \u00fcber uns zu erfahren, besuchen Sie <a href=\"https:\/\/ak47.nu\/de\/\">unsere Website<\/a>.<\/p>","protected":false},"excerpt":{"rendered":"<p>CYMA P90 PDW Airsoft CM.060B AEG 6mm Authentische P90-Nachbildung mit Metallgetriebe Diese sorgf\u00e4ltig gefertigte Nachbildung der P90 von CYMA bietet ein hochwertiges Airsoft-Erlebnis. Hergestellt mit einem robusten Polymerk\u00f6rper und einer eindeutigen Seriennummer. Taktische Anpassung Drei Metall-Picatinny-Schienen zur Montage von Zubeh\u00f6r Erm\u00f6glicht die Verwendung von Optiken, Taschenlampen und Laserpointern Interne Funktionen Metallgetriebe v.6 Stahlgleitlager 6mm Zylindertyp [&#8230;]","protected":false},"featured_media":20988,"template":"","meta":[],"product_brand":[],"product_cat":[402],"product_tag":[],"class_list":{"0":"post-20993","1":"product","2":"type-product","3":"status-publish","4":"has-post-thumbnail","6":"product_cat-kulsprutor","7":"pa_brand-cyma","9":"first","10":"outofstock","11":"sale","12":"taxable","13":"shipping-taxable","14":"purchasable","15":"product-type-simple"},"_links":{"self":[{"href":"https:\/\/ak47.nu\/de\/wp-json\/wp\/v2\/product\/20993","targetHints":{"allow":["GET"]}}],"collection":[{"href":"https:\/\/ak47.nu\/de\/wp-json\/wp\/v2\/product"}],"about":[{"href":"https:\/\/ak47.nu\/de\/wp-json\/wp\/v2\/types\/product"}],"wp:featuredmedia":[{"embeddable":true,"href":"https:\/\/ak47.nu\/de\/wp-json\/wp\/v2\/media\/20988"}],"wp:attachment":[{"href":"https:\/\/ak47.nu\/de\/wp-json\/wp\/v2\/media?parent=20993"}],"wp:term":[{"taxonomy":"product_brand","embeddable":true,"href":"https:\/\/ak47.nu\/de\/wp-json\/wp\/v2\/product_brand?post=20993"},{"taxonomy":"product_cat","embeddable":true,"href":"https:\/\/ak47.nu\/de\/wp-json\/wp\/v2\/product_cat?post=20993"},{"taxonomy":"product_tag","embeddable":true,"href":"https:\/\/ak47.nu\/de\/wp-json\/wp\/v2\/product_tag?post=20993"}],"curies":[{"name":"wp","href":"https:\/\/api.w.org\/{rel}","templated":true}]}}