{"id":21004,"date":"2022-05-07T11:31:55","date_gmt":"2022-05-07T09:31:55","guid":{"rendered":"https:\/\/ak47.nu\/produkt\/cyma-cm-041-limited-edition-mp5-replica\/"},"modified":"2025-12-03T19:44:02","modified_gmt":"2025-12-03T18:44:02","slug":"cyma-cm-041-limited-edition-mp5-replikat-2","status":"publish","type":"product","link":"https:\/\/ak47.nu\/de\/produkt\/airsoft\/el-drivna\/kulsprutor\/cyma-cm-041-limited-edition-mp5-replikat-2\/","title":{"rendered":"CYMA CM.041 Limited Edition MP5 Replikat"},"content":{"rendered":"<h1>CYMA CM.041 Limited Edition MP5 Replikat<\/h1><h2>Hochwertige MP5 Replika von CYMA<\/h2><p>Die CM.041 SD6 ist eine von CYMA hergestellte Replika, die dem MP5 Gewehr nachempfunden ist. Diese Limited Edition stellt einen bedeutenden Fortschritt in der Produktion von ASG Repliken durch chinesische Hersteller dar und bietet eine unglaubliche Qualit\u00e4t. Dieses Modell verf\u00fcgt \u00fcber eine einzigartige Seriennummer f\u00fcr zus\u00e4tzliche Authentizit\u00e4t.<\/p><p>Hinweis! Replikat hat eine eindeutige Seriennummer!<\/p><p>Die oberen und unteren Geh\u00e4usekomponenten sind au\u00dfergew\u00f6hnlich gut aufeinander abgestimmt, was eine nahtlose Passform gew\u00e4hrleistet. Zu den verwendeten Materialien geh\u00f6ren Metall (oberes Geh\u00e4use, Au\u00dfenlauf, Visierung, Schalld\u00e4mpfer und Schaft) aus einer ZnAl-Legierung; der Schaftfu\u00df und das untere Geh\u00e4use sind pr\u00e4zise aus strapazierf\u00e4higem Nylon gefertigt, das den in echten Schusswaffen verwendeten Materialien entspricht. Entdecken Sie weitere <a href=\"https:\/\/ak47.nu\/de\/butik\/\">hochwertige Repliken<\/a> in unserer Sammlung. Bei Fragen k\u00f6nnen Sie gerne unsere <a href=\"https:\/\/ak47.nu\/de\/\">Homepage<\/a> besuchen.<\/p><h2>Verbesserte interne Komponenten<\/h2><p>Im Inneren befindet sich ein verst\u00e4rktes Ver.2 Getriebe mit Stahlzahnr\u00e4dern, die auf verst\u00e4rkten 7-mm-Lagern montiert sind, was die Haltbarkeit und Leistung verbessert. Die Federf\u00fchrung ist mit Metall verst\u00e4rkt und verf\u00fcgt \u00fcber ein Lager (unter Verwendung von V.3 F\u00fchrungen), was eine reibungslosere Federwirkung erm\u00f6glicht. Es ist mit einer 120 m\/s Feder ausgestattet, die eine Schusskraft von ca. 400 FPS liefert. Der Polymerkolben ist mit Metallz\u00e4hnen ausgestattet, und der Zylinder vom Typ \"1\" ist mit schwarzem Nickel unter Verwendung des \"SMOKED\" Verfahrens auf einem Kupfersubstrat beschichtet, was eine hervorragende Oberfl\u00e4chengl\u00e4tte gew\u00e4hrleistet. Ein herausragendes Merkmal ist der leise Kolben- und Zylinderkopf Satz, der aus Aluminium mit einer blau eloxierten Oberfl\u00e4che gefertigt ist; der Kolbenkopf enth\u00e4lt ebenfalls ein Lager.<\/p><h3>Kompatibilit\u00e4t und Motor<\/h3><p>Die Funktionalit\u00e4t des Getriebes ist darauf ausgelegt, zu beeindrucken und eine zuverl\u00e4ssige Leistung w\u00e4hrend des Airsoft-Spiels zu gew\u00e4hrleisten. Dieses Modell ist vollst\u00e4ndig kompatibel mit Teilen und Zubeh\u00f6r anderer Hersteller und bietet umfangreiche Anpassungsoptionen. Die Replika ist mit einem leistungsstarken Motor mit hohem Drehmoment und Neodym-Magneten ausgestattet. F\u00fcr weitere Informationen \u00fcber unsere Produkte besuchen Sie unsere <a href=\"https:\/\/ak47.nu\/de\/airsoft\/\">Airsoft Gewehr Kategorie Seite<\/a>.<\/p><ul><li>Gewicht: 3000 g<\/li><li>Farbe: Schwarz<\/li><li>L\u00e4nge: 790 mm<\/li><li>Material: Aluminium, Nylon<\/li><li>Magazinkapazit\u00e4t: 200 BBs<\/li><li>M\u00fcndungsgeschwindigkeit: 390 fps<\/li><\/ul><h2>Im Set enthalten:<\/h2><ul><li>CM.041 SD6 Replika<\/li><li>8,4 V 1200 mAh Mini-Akku<\/li><li>Ladeger\u00e4t<\/li><li>200-Schuss Hi-Cap Magazin<\/li><\/ul><p>Diese Replika kombiniert robuste Bauweise mit verbesserter Leistung und ist somit ideal f\u00fcr Anf\u00e4nger und erfahrene Airsoft-Spieler. Verbessern Sie noch heute Ihr Airsoft-Erlebnis - entdecken Sie unsere gro\u00dfe Auswahl an <a href=\"https:\/\/ak47.nu\/de\/butik\/\">Airsoft Zubeh\u00f6r<\/a>!<\/p>","protected":false},"excerpt":{"rendered":"<p>CYMA CM.041 Limited Edition MP5 ReplikatHochwertige MP5 Replika von CYMADie CM.041 SD6 ist eine von CYMA hergestellte Replika, die dem MP5 Gewehr nachempfunden ist. Diese Limited Edition stellt einen bedeutenden Fortschritt in der Produktion von ASG Repliken durch chinesische Hersteller dar und bietet eine unglaubliche Qualit\u00e4t. Dieses Modell verf\u00fcgt \u00fcber eine einzigartige Seriennummer f\u00fcr zus\u00e4tzliche [&#8230;]","protected":false},"featured_media":20996,"template":"","meta":[],"product_brand":[],"product_cat":[402],"product_tag":[],"class_list":{"0":"post-21004","1":"product","2":"type-product","3":"status-publish","4":"has-post-thumbnail","6":"product_cat-kulsprutor","7":"pa_brand-cyma","9":"first","10":"outofstock","11":"sale","12":"taxable","13":"shipping-taxable","14":"purchasable","15":"product-type-simple"},"_links":{"self":[{"href":"https:\/\/ak47.nu\/de\/wp-json\/wp\/v2\/product\/21004","targetHints":{"allow":["GET"]}}],"collection":[{"href":"https:\/\/ak47.nu\/de\/wp-json\/wp\/v2\/product"}],"about":[{"href":"https:\/\/ak47.nu\/de\/wp-json\/wp\/v2\/types\/product"}],"wp:featuredmedia":[{"embeddable":true,"href":"https:\/\/ak47.nu\/de\/wp-json\/wp\/v2\/media\/20996"}],"wp:attachment":[{"href":"https:\/\/ak47.nu\/de\/wp-json\/wp\/v2\/media?parent=21004"}],"wp:term":[{"taxonomy":"product_brand","embeddable":true,"href":"https:\/\/ak47.nu\/de\/wp-json\/wp\/v2\/product_brand?post=21004"},{"taxonomy":"product_cat","embeddable":true,"href":"https:\/\/ak47.nu\/de\/wp-json\/wp\/v2\/product_cat?post=21004"},{"taxonomy":"product_tag","embeddable":true,"href":"https:\/\/ak47.nu\/de\/wp-json\/wp\/v2\/product_tag?post=21004"}],"curies":[{"name":"wp","href":"https:\/\/api.w.org\/{rel}","templated":true}]}}