{"id":21040,"date":"2022-05-07T11:48:56","date_gmt":"2022-05-07T09:48:56","guid":{"rendered":"https:\/\/ak47.nu\/produkt\/well-smg-r-4-6mm-full-auto-electric-power-airsoft\/"},"modified":"2025-12-03T20:05:53","modified_gmt":"2025-12-03T19:05:53","slug":"well-smg-r-4-6mm-vollauto-elektrisch-airsoft","status":"publish","type":"product","link":"https:\/\/ak47.nu\/de\/produkt\/airsoft\/el-drivna\/kulsprutor\/well-smg-r-4-6mm-vollauto-elektrisch-airsoft\/","title":{"rendered":"WELL SMG R-4 6mm Vollauto Elektrisch Airsoft"},"content":{"rendered":"<h1>WELL - SMG R-4 6mm Vollauto Elektrisch Airsoft<\/h1>\n<h2>Hochwertige R4-Replica f\u00fcr CQB-Gefechte<\/h2>\n<p>Die R4-M ist eine haupts\u00e4chlich aus Metall gefertigte, neue Version der bekannten Maschinenpistolen-Replica. Dank der verwendeten Materialien ist die Replica schwer und solide. Das gesamte Geh\u00e4use mit Pistolengriff, Schaft, RIS-Schienen und kleinen Elementen wie Flash Hider, Bedienelementen und Visierungen sind aus Metall gefertigt. Andere Elemente wie die Schaftkappe, der vordere vertikale Griff und das Magazin sind aus Polymer.<\/p>\n<h3>Kompaktes Design und Vielseitigkeit<\/h3>\n<p>Die Replica verf\u00fcgt \u00fcber einen klappbaren vorderen Handgriff und RIS-Montageschienen, die die Installation verschiedener zus\u00e4tzlicher Zubeh\u00f6rteile erm\u00f6glichen. Einer der Vorteile der Replica ist zweifellos ihre kompakte Gr\u00f6\u00dfe - mit eingeklapptem Schaft ist sie nur etwas mehr als 360 mm lang. Dies macht die R4 zu einer perfekten Waffe f\u00fcr CQB-Gefechte und zu einer guten Seitenwaffe mit feiner Feuerkraft. Hier finden Sie passendes <a href=\"https:\/\/ak47.nu\/de\/butik\/\">Airsoft Zubeh\u00f6r<\/a>.<\/p>\n<h3>AEP Gearbox und elektrischer Antrieb<\/h3>\n<p>Die Replica wird von einer Standard-AEP-Gearbox angetrieben, die von anderen Repliken desselben Herstellers, der R4 SMG, bekannt ist. Die R4 wird von einem Akku gespeist, der \u00fcber dem Lauf gelagert ist und sowohl im Einzel- als auch im vollautomatischen Feuermodus abgefeuert werden kann. Die Replica wird mit einem Polymer-Low-Cap-Magazin mit einer Kapazit\u00e4t von 30 BBs geliefert. Entdecken Sie unsere Auswahl an <a href=\"https:\/\/ak47.nu\/de\/airsoft\/\">Airsoft SMGs<\/a> noch heute!<\/p>\n<h3>Das Set enth\u00e4lt:<\/h3>\n<ul>\n <li>Replica<\/li>\n <li>Magazin<\/li>\n <li>Akku<\/li>\n <li>Akkuladeger\u00e4t (Euro-Standard)<\/li>\n <li>Benutzerhandbuch<\/li>\n<\/ul>\n<h3>Technische Spezifikationen:<\/h3>\n<ul>\n <li>Name: R4 (Metallversion)<\/li>\n <li>Hersteller: Well<\/li>\n <li>Garantie: 12 Monate<\/li>\n <li>Geschwindigkeit: ~180 FPS<\/li>\n <li>Antrieb \/ Powered by: Elektrisch<\/li>\n <li>Gearbox-Version: Special Gearbox<\/li>\n <li>Feuertyp: Einzel, Auto<\/li>\n <li>Material: Metall + Kunststoff<\/li>\n <li>L\u00e4nge: 590\/360 mm<\/li>\n <li>Innenlaufl\u00e4nge: 160 mm<\/li>\n <li>Gewicht: 2200 g<\/li>\n <li>Batteriespannung: 7,2 V<\/li>\n <li>Batteriekapazit\u00e4t: 450 mAh<\/li>\n <li>Batterie enthalten: Ni-MH<\/li>\n <li>Magazintyp: Low-Cap-Magazin<\/li>\n <li>Magazinkapazit\u00e4t: 30 St\u00fcck<\/li>\n <li>Hop-Up: Ja, einstellbar<\/li>\n <li>Blow Back: Nein<\/li>\n<\/ul>\n<p>Besuchen Sie <a href=\"https:\/\/ak47.nu\/de\/\">unsere Website<\/a> f\u00fcr weitere Produkte.<\/p>","protected":false},"excerpt":{"rendered":"<p>WELL &#8211; SMG R-4 6mm Vollauto Elektrisch Airsoft Hochwertige R4-Replica f\u00fcr CQB-Gefechte Die R4-M ist eine haupts\u00e4chlich aus Metall gefertigte, neue Version der bekannten Maschinenpistolen-Replica. Dank der verwendeten Materialien ist die Replica schwer und solide. Das gesamte Geh\u00e4use mit Pistolengriff, Schaft, RIS-Schienen und kleinen Elementen wie Flash Hider, Bedienelementen und Visierungen sind aus Metall gefertigt. [&#8230;]","protected":false},"featured_media":21035,"template":"","meta":[],"product_brand":[],"product_cat":[402],"product_tag":[],"class_list":{"0":"post-21040","1":"product","2":"type-product","3":"status-publish","4":"has-post-thumbnail","6":"product_cat-kulsprutor","7":"pa_brand-well","9":"first","10":"outofstock","11":"sale","12":"taxable","13":"shipping-taxable","14":"purchasable","15":"product-type-simple"},"_links":{"self":[{"href":"https:\/\/ak47.nu\/de\/wp-json\/wp\/v2\/product\/21040","targetHints":{"allow":["GET"]}}],"collection":[{"href":"https:\/\/ak47.nu\/de\/wp-json\/wp\/v2\/product"}],"about":[{"href":"https:\/\/ak47.nu\/de\/wp-json\/wp\/v2\/types\/product"}],"wp:featuredmedia":[{"embeddable":true,"href":"https:\/\/ak47.nu\/de\/wp-json\/wp\/v2\/media\/21035"}],"wp:attachment":[{"href":"https:\/\/ak47.nu\/de\/wp-json\/wp\/v2\/media?parent=21040"}],"wp:term":[{"taxonomy":"product_brand","embeddable":true,"href":"https:\/\/ak47.nu\/de\/wp-json\/wp\/v2\/product_brand?post=21040"},{"taxonomy":"product_cat","embeddable":true,"href":"https:\/\/ak47.nu\/de\/wp-json\/wp\/v2\/product_cat?post=21040"},{"taxonomy":"product_tag","embeddable":true,"href":"https:\/\/ak47.nu\/de\/wp-json\/wp\/v2\/product_tag?post=21040"}],"curies":[{"name":"wp","href":"https:\/\/api.w.org\/{rel}","templated":true}]}}